{"id":4923,"date":"2020-01-13T16:19:49","date_gmt":"2020-01-13T15:19:49","guid":{"rendered":"http:\/\/www.madridsensations.com\/?page_id=4923"},"modified":"2020-01-13T16:19:51","modified_gmt":"2020-01-13T15:19:51","slug":"aviso-legal-y-politica-de-privacidad","status":"publish","type":"page","link":"https:\/\/madridsensations.com\/es\/aviso-legal-y-politica-de-privacidad\/","title":{"rendered":"Aviso Legal y Pol\u00edtica de Privacidad"},"content":{"rendered":"\n<h2 class=\"wp-block-heading\">1. Titularidad del portal web<\/h2>\n\n\n\n<p>En cumplimiento de lo que se dispone en el art\u00edculo 5 de la Ley Org\u00e1nica 15\/1999, de 13 de diciembre, de Protecci\u00f3n de Datos de Car\u00e1cter Personal (en adelante \u00abLOPD\u00bb),\u00a0 Esther Almena\u00a0les informa que los datos de car\u00e1cter personal que nos proporcionen rellenando los formularios de registro electr\u00f3nico que aparecen en esta p\u00e1gina web se recoger\u00e1n en ficheros cuyo responsable es\u00a0 Esther Almena\u00a0con NIF\u00a0<strong>[tu dni]<\/strong>\u00a0. El remitente podr\u00e1 ejercer su derecho de acceso, rectificaci\u00f3n, cancelaci\u00f3n y oposici\u00f3n al tratamiento de sus datos personales, en los t\u00e9rminos y en las condiciones previstos en la LOPD por la direcci\u00f3n de email <a rel=\"noreferrer noopener\" href=\"mailto:esther@madridsensations.com\" target=\"_blank\">esther@madridsensations.com<\/a> o dirigi\u00e9ndose a la direcci\u00f3n de la sede social, situada en:<\/p>\n\n\n\n<p><strong>[direccion fisica]<\/strong>.<\/p>\n\n\n\n<p>Esta web ofrece una descripci\u00f3n no exhaustiva de los servicios profesionales de creaci\u00f3n y desarrollo web que pueden realizarse, sin \u00e1nimo exhaustivo. En el caso de que est\u00e9 interesado en que le propongamos una soluci\u00f3n ajustada a sus necesidades, le rogamos que se ponga en contacto con nosotros a trav\u00e9s de la direcci\u00f3n anterior o a trav\u00e9s del formulario de contacto.<\/p>\n\n\n\n<h2 class=\"wp-block-heading\">2. Objeto<\/h2>\n\n\n\n<p>Esta p\u00e1gina de Aviso Legal recoge las condiciones de uso que regulan el acceso, navegaci\u00f3n y uso de esta web, as\u00ed como las responsabilidades derivadas de la utilizaci\u00f3n, prestaci\u00f3n y\/o contrataci\u00f3n de los productos o servicios que, en su caso, puedan ser ofrecidos, as\u00ed como de los contenidos que lo integran, y sin perjuicio de que su titular pueda establecer condiciones particulares que regulen la utilizaci\u00f3n, prestaci\u00f3n y\/o contrataci\u00f3n de productos o servicios que, en su caso, sean ofrecidos a los Usuarios a trav\u00e9s de la web. En todo caso, dichas condiciones particulares formar\u00e1n parte integrante del presente Aviso Legal.<\/p>\n\n\n\n<p>El mero acceso a este sitio web, la cumplimentaci\u00f3n de formularios, el env\u00edo de solicitudes de informaci\u00f3n, consultas, quejas, ofertas de contrataci\u00f3n, curr\u00edculum vitae y, en general, cualquier acto de naturaleza similar a los anteriores realizados a trav\u00e9s de los formularios y\/o buzones electr\u00f3nicos existentes en la web implicar\u00e1, por su parte, la aceptaci\u00f3n sin reservas de todas y cada una de las normas integrantes del presente Aviso Legal y la adquisici\u00f3n de la consideraci\u00f3n de Usuario de la web. En consecuencia, Vd. debe leer atentamente y conocer el contenido del presente Aviso Legal.<\/p>\n\n\n\n<h2 class=\"wp-block-heading\">3. Responsabilidades y limitaciones<\/h2>\n\n\n\n<p>La informaci\u00f3n contenida en esta web se proporciona a t\u00edtulo meramente ilustrativo, sin que sea exhaustiva o claramente descriptiva de las caracter\u00edsticas de nuestros servicios, ni puede por tanto formar parte de una oferta comercial ni dar lugar a reclamaci\u00f3n alguna por estos conceptos.<\/p>\n\n\n\n<p>En este sentido, el titular no asume ninguna responsabilidad por los da\u00f1os y perjuicios que se deriven del uso de esta informaci\u00f3n.<\/p>\n\n\n\n<h2 class=\"wp-block-heading\">4. Derechos de Propiedad Intelectual e Industrial<\/h2>\n\n\n\n<p>Los contenidos de esta web est\u00e1n protegidos por la normativa sobre propiedad intelectual. Esto afecta a los textos, im\u00e1genes, v\u00eddeos, animaciones, dise\u00f1o, organizaci\u00f3n y presentaci\u00f3n, as\u00ed como al conjunto que conforman, reserv\u00e1ndose el titular los derechos sobre los mismos.<\/p>\n\n\n\n<p>En este sentido, queda prohibido modificar, copiar, reproducir, comunicar p\u00fablicamente, transformar o distribuir de cualquier forma la totalidad o parte de los contenidos incluidos en esta web, para prop\u00f3sitos p\u00fablicos o comerciales, si no se cuenta con la autorizaci\u00f3n previa, expresa y por escrito del titular de los derechos a que corresponda.<\/p>\n\n\n\n<p>Asimismo, el logotipo constituye una marca registrada, estando prohibida su utilizaci\u00f3n en el mercado sin permiso de su titular.<\/p>\n\n\n\n<h2 class=\"wp-block-heading\">5. Pol\u00edtica de Privacidad. Protecci\u00f3n de Datos.<\/h2>\n\n\n\n<p>Los datos facilitados a trav\u00e9s de este sitio web, o a cualquiera de las direcciones indicadas, ser\u00e1n incluidos en un fichero propiedad de\u00a0 Esther Almena, que ser\u00e1n utilizados para la gesti\u00f3n de las relaciones con sus clientes reales o potenciales.<\/p>\n\n\n\n<p>Mediante el env\u00edo de estos datos por los medios anteriormente indicados, el Usuario da el consentimiento para su uso a las finalidades indicadas.<\/p>\n\n\n\n<p>Cuando sea necesario que el Usuario se registre o facilite datos personales (como solicitar informaci\u00f3n, adquirir productos, remitir consultas, quejas o solicitudes de contrataci\u00f3n, solicitar presupuestos), la recogida y el tratamiento de sus datos personales ser\u00e1n almacenar\u00e1n y tratados conforme a la legislaci\u00f3n sobre protecci\u00f3n de datos de car\u00e1cter personal, en especial a la Ley Org\u00e1nica 15\/1999, de 13 de diciembre, de Protecci\u00f3n de Datos (LOPD) y normativa de desarrollo, aplic\u00e1ndoles las medidas y requerimientos establecidos para evitar su acceso, modificaci\u00f3n y eliminaci\u00f3n indebidas, sin que, fuera de los casos legalmente permitidos, vayan a ser cedidos a terceras personas o entidades sin su consentimiento.<\/p>\n\n\n\n<p>En cualquier caso, el Usuario podr\u00e1 ejercer sus derechos de acceso, rectificaci\u00f3n, cancelaci\u00f3n y oposici\u00f3n en relaci\u00f3n con dichos datos, solicitando por escrito a las direcciones indicadas en esta web y acompa\u00f1ando fotocopia de su DNI o documento equivalente.<\/p>\n\n\n\n<h2 class=\"wp-block-heading\">6. Uso de cookies<\/h2>\n\n\n\n<p>Las cookies son ficheros enviados a un navegador por medio de un servidor web para registrar algunas actividades del usuario en el sitio web. Las cookies que instalamos nosotros, nuestros socios comerciales u otras partes cuando visitas este sitio web no te reconocen personalmente como individuo ni da\u00f1an tu dispositivo de forma alguna; s\u00f3lo reconocen el navegador que utilizas, te permiten acceder a varias funciones importantes del sitio web, mantienen seguras \u00e1reas privadas del sitio web, recuerdan tus preferencias, personalizan el contenido del sitio web de forma que sea m\u00e1s pertinente para ti y nos permiten contar el n\u00famero de visitas que recibimos en cada p\u00e1gina y hacer an\u00e1lisis estad\u00edsticos an\u00f3nimos para mejorar nuestro servicio. Los tipos de cookies que utilizamos son proporcionadas por Google Analytics para el an\u00e1lisis de la web y estad\u00edsticas.<\/p>\n\n\n\n<p>Para activar\/desactivar las cookies tendr\u00e1s que hacerlo a trav\u00e9s de tu navegador de Internet. Puedes configurarlo para ser avisado en pantalla de la recepci\u00f3n de cookies y aceptarlas o no individualmente as\u00ed como para impedir por defecto su instalaci\u00f3n en tu disco duro. En el caso de que tu navegador no acepte las cookies por defecto, tu experiencia en el sitio web puede ser limitada (por ejemplo, puede que no se muestren correctamente las im\u00e1genes).<\/p>\n","protected":false},"excerpt":{"rendered":"<p>1. Titularidad del portal web En cumplimiento de lo que se dispone en el art\u00edculo 5 de la Ley Org\u00e1nica 15\/1999, de 13 de diciembre, de Protecci\u00f3n de Datos de Car\u00e1cter Personal (en adelante \u00abLOPD\u00bb),\u00a0 Esther Almena\u00a0les informa que los datos de car\u00e1cter personal que nos proporcionen rellenando los formularios [&hellip;]<\/p>\n","protected":false},"author":1,"featured_media":0,"parent":0,"menu_order":0,"comment_status":"closed","ping_status":"closed","template":"","meta":{"_monsterinsights_skip_tracking":false,"_monsterinsights_sitenote_active":false,"_monsterinsights_sitenote_note":"","_monsterinsights_sitenote_category":0,"footnotes":""},"class_list":["post-4923","page","type-page","status-publish","hentry"],"yoast_head":"<!-- This site is optimized with the Yoast SEO Premium plugin v22.4 (Yoast SEO v26.8) - https:\/\/yoast.com\/product\/yoast-seo-premium-wordpress\/ -->\n<title>Aviso Legal y Pol\u00edtica de Privacidad - Madrid Sensations Tours<\/title>\n<meta name=\"robots\" content=\"index, follow, max-snippet:-1, max-image-preview:large, max-video-preview:-1\" \/>\n<link rel=\"canonical\" href=\"https:\/\/madridsensations.com\/es\/aviso-legal-y-politica-de-privacidad\/\" \/>\n<meta property=\"og:locale\" content=\"es_ES\" \/>\n<meta property=\"og:type\" content=\"article\" \/>\n<meta property=\"og:title\" content=\"Aviso Legal y Pol\u00edtica de Privacidad\" \/>\n<meta property=\"og:description\" content=\"1. Titularidad del portal web En cumplimiento de lo que se dispone en el art\u00edculo 5 de la Ley Org\u00e1nica 15\/1999, de 13 de diciembre, de Protecci\u00f3n de Datos de Car\u00e1cter Personal (en adelante \u00abLOPD\u00bb),\u00a0 Esther Almena\u00a0les informa que los datos de car\u00e1cter personal que nos proporcionen rellenando los formularios [&hellip;]\" \/>\n<meta property=\"og:url\" content=\"https:\/\/madridsensations.com\/es\/aviso-legal-y-politica-de-privacidad\/\" \/>\n<meta property=\"og:site_name\" content=\"Madrid Sensations Tours\" \/>\n<meta property=\"article:publisher\" content=\"https:\/\/www.facebook.com\/madridsensations\/\" \/>\n<meta property=\"article:modified_time\" content=\"2020-01-13T15:19:51+00:00\" \/>\n<meta name=\"twitter:label1\" content=\"Tiempo de lectura\" \/>\n\t<meta name=\"twitter:data1\" content=\"5 minutos\" \/>\n<script type=\"application\/ld+json\" class=\"yoast-schema-graph\">{\"@context\":\"https:\/\/schema.org\",\"@graph\":[{\"@type\":\"WebPage\",\"@id\":\"https:\/\/madridsensations.com\/es\/aviso-legal-y-politica-de-privacidad\/\",\"url\":\"https:\/\/madridsensations.com\/es\/aviso-legal-y-politica-de-privacidad\/\",\"name\":\"Aviso Legal y Pol\u00edtica de Privacidad - Madrid Sensations Tours\",\"isPartOf\":{\"@id\":\"https:\/\/www.madridsensations.com\/#website\"},\"datePublished\":\"2020-01-13T15:19:49+00:00\",\"dateModified\":\"2020-01-13T15:19:51+00:00\",\"breadcrumb\":{\"@id\":\"https:\/\/madridsensations.com\/es\/aviso-legal-y-politica-de-privacidad\/#breadcrumb\"},\"inLanguage\":\"es\",\"potentialAction\":[{\"@type\":\"ReadAction\",\"target\":[\"https:\/\/madridsensations.com\/es\/aviso-legal-y-politica-de-privacidad\/\"]}]},{\"@type\":\"BreadcrumbList\",\"@id\":\"https:\/\/madridsensations.com\/es\/aviso-legal-y-politica-de-privacidad\/#breadcrumb\",\"itemListElement\":[{\"@type\":\"ListItem\",\"position\":1,\"name\":\"Home\",\"item\":\"https:\/\/www.madridsensations.com\/es\/\"},{\"@type\":\"ListItem\",\"position\":2,\"name\":\"Aviso Legal y Pol\u00edtica de Privacidad\"}]},{\"@type\":\"WebSite\",\"@id\":\"https:\/\/www.madridsensations.com\/#website\",\"url\":\"https:\/\/www.madridsensations.com\/\",\"name\":\"Madrid Sensations Tours\",\"description\":\"Explore and Discover Madrid with a private tour!\",\"publisher\":{\"@id\":\"https:\/\/www.madridsensations.com\/#organization\"},\"potentialAction\":[{\"@type\":\"SearchAction\",\"target\":{\"@type\":\"EntryPoint\",\"urlTemplate\":\"https:\/\/www.madridsensations.com\/?s={search_term_string}\"},\"query-input\":{\"@type\":\"PropertyValueSpecification\",\"valueRequired\":true,\"valueName\":\"search_term_string\"}}],\"inLanguage\":\"es\"},{\"@type\":\"Organization\",\"@id\":\"https:\/\/www.madridsensations.com\/#organization\",\"name\":\"Madrid Sensations Tours\",\"url\":\"https:\/\/www.madridsensations.com\/\",\"logo\":{\"@type\":\"ImageObject\",\"inLanguage\":\"es\",\"@id\":\"https:\/\/www.madridsensations.com\/#\/schema\/logo\/image\/\",\"url\":\"https:\/\/www.madridsensations.com\/wp-content\/uploads\/2020\/04\/Logo-Madrid-Sensations.png\",\"contentUrl\":\"https:\/\/www.madridsensations.com\/wp-content\/uploads\/2020\/04\/Logo-Madrid-Sensations.png\",\"width\":3377,\"height\":3377,\"caption\":\"Madrid Sensations Tours\"},\"image\":{\"@id\":\"https:\/\/www.madridsensations.com\/#\/schema\/logo\/image\/\"},\"sameAs\":[\"https:\/\/www.facebook.com\/madridsensations\/\",\"https:\/\/x.com\/MadridSnsations\",\"https:\/\/www.instagram.com\/madridsensations\/\",\"https:\/\/www.linkedin.com\/company\/2560011\/\",\"https:\/\/www.pinterest.es\/madridsensation\",\"https:\/\/www.youtube.com\/c\/Madridsensations\"]}]}<\/script>\n<!-- \/ Yoast SEO Premium plugin. -->","yoast_head_json":{"title":"Aviso Legal y Pol\u00edtica de Privacidad - Madrid Sensations Tours","robots":{"index":"index","follow":"follow","max-snippet":"max-snippet:-1","max-image-preview":"max-image-preview:large","max-video-preview":"max-video-preview:-1"},"canonical":"https:\/\/madridsensations.com\/es\/aviso-legal-y-politica-de-privacidad\/","og_locale":"es_ES","og_type":"article","og_title":"Aviso Legal y Pol\u00edtica de Privacidad","og_description":"1. Titularidad del portal web En cumplimiento de lo que se dispone en el art\u00edculo 5 de la Ley Org\u00e1nica 15\/1999, de 13 de diciembre, de Protecci\u00f3n de Datos de Car\u00e1cter Personal (en adelante \u00abLOPD\u00bb),\u00a0 Esther Almena\u00a0les informa que los datos de car\u00e1cter personal que nos proporcionen rellenando los formularios [&hellip;]","og_url":"https:\/\/madridsensations.com\/es\/aviso-legal-y-politica-de-privacidad\/","og_site_name":"Madrid Sensations Tours","article_publisher":"https:\/\/www.facebook.com\/madridsensations\/","article_modified_time":"2020-01-13T15:19:51+00:00","twitter_misc":{"Tiempo de lectura":"5 minutos"},"schema":{"@context":"https:\/\/schema.org","@graph":[{"@type":"WebPage","@id":"https:\/\/madridsensations.com\/es\/aviso-legal-y-politica-de-privacidad\/","url":"https:\/\/madridsensations.com\/es\/aviso-legal-y-politica-de-privacidad\/","name":"Aviso Legal y Pol\u00edtica de Privacidad - Madrid Sensations Tours","isPartOf":{"@id":"https:\/\/www.madridsensations.com\/#website"},"datePublished":"2020-01-13T15:19:49+00:00","dateModified":"2020-01-13T15:19:51+00:00","breadcrumb":{"@id":"https:\/\/madridsensations.com\/es\/aviso-legal-y-politica-de-privacidad\/#breadcrumb"},"inLanguage":"es","potentialAction":[{"@type":"ReadAction","target":["https:\/\/madridsensations.com\/es\/aviso-legal-y-politica-de-privacidad\/"]}]},{"@type":"BreadcrumbList","@id":"https:\/\/madridsensations.com\/es\/aviso-legal-y-politica-de-privacidad\/#breadcrumb","itemListElement":[{"@type":"ListItem","position":1,"name":"Home","item":"https:\/\/www.madridsensations.com\/es\/"},{"@type":"ListItem","position":2,"name":"Aviso Legal y Pol\u00edtica de Privacidad"}]},{"@type":"WebSite","@id":"https:\/\/www.madridsensations.com\/#website","url":"https:\/\/www.madridsensations.com\/","name":"Madrid Sensations Tours","description":"Explore and Discover Madrid with a private tour!","publisher":{"@id":"https:\/\/www.madridsensations.com\/#organization"},"potentialAction":[{"@type":"SearchAction","target":{"@type":"EntryPoint","urlTemplate":"https:\/\/www.madridsensations.com\/?s={search_term_string}"},"query-input":{"@type":"PropertyValueSpecification","valueRequired":true,"valueName":"search_term_string"}}],"inLanguage":"es"},{"@type":"Organization","@id":"https:\/\/www.madridsensations.com\/#organization","name":"Madrid Sensations Tours","url":"https:\/\/www.madridsensations.com\/","logo":{"@type":"ImageObject","inLanguage":"es","@id":"https:\/\/www.madridsensations.com\/#\/schema\/logo\/image\/","url":"https:\/\/www.madridsensations.com\/wp-content\/uploads\/2020\/04\/Logo-Madrid-Sensations.png","contentUrl":"https:\/\/www.madridsensations.com\/wp-content\/uploads\/2020\/04\/Logo-Madrid-Sensations.png","width":3377,"height":3377,"caption":"Madrid Sensations Tours"},"image":{"@id":"https:\/\/www.madridsensations.com\/#\/schema\/logo\/image\/"},"sameAs":["https:\/\/www.facebook.com\/madridsensations\/","https:\/\/x.com\/MadridSnsations","https:\/\/www.instagram.com\/madridsensations\/","https:\/\/www.linkedin.com\/company\/2560011\/","https:\/\/www.pinterest.es\/madridsensation","https:\/\/www.youtube.com\/c\/Madridsensations"]}]}},"_links":{"self":[{"href":"https:\/\/madridsensations.com\/es\/wp-json\/wp\/v2\/pages\/4923","targetHints":{"allow":["GET"]}}],"collection":[{"href":"https:\/\/madridsensations.com\/es\/wp-json\/wp\/v2\/pages"}],"about":[{"href":"https:\/\/madridsensations.com\/es\/wp-json\/wp\/v2\/types\/page"}],"author":[{"embeddable":true,"href":"https:\/\/madridsensations.com\/es\/wp-json\/wp\/v2\/users\/1"}],"replies":[{"embeddable":true,"href":"https:\/\/madridsensations.com\/es\/wp-json\/wp\/v2\/comments?post=4923"}],"version-history":[{"count":0,"href":"https:\/\/madridsensations.com\/es\/wp-json\/wp\/v2\/pages\/4923\/revisions"}],"wp:attachment":[{"href":"https:\/\/madridsensations.com\/es\/wp-json\/wp\/v2\/media?parent=4923"}],"curies":[{"name":"wp","href":"https:\/\/api.w.org\/{rel}","templated":true}]}}