{"id":4704,"date":"2016-09-01T20:23:47","date_gmt":"2016-09-01T18:23:47","guid":{"rendered":"http:\/\/www.madridsensations.com\/es\/?page_id=4704"},"modified":"2025-09-19T11:54:15","modified_gmt":"2025-09-19T09:54:15","slug":"escorial-y-valle-de-los-caidos","status":"publish","type":"page","link":"https:\/\/madridsensations.com\/es\/tour-privado-madrid\/escorial-y-valle-de-los-caidos\/","title":{"rendered":"Escorial y Valle de los Ca\u00eddos: Tour privado desde Madrid"},"content":{"rendered":"<div class=\"wpb-content-wrapper\"><p>[vc_row][vc_column width=\u00bb1\/4&#8243;][vc_column_text]<strong>El Escorial<\/strong><\/p>\n<p>Monasterio, palacio y mausoleo de la monarqu\u00eda espa\u00f1ola. Fue construido en el siglo XVI y forma parte del Patrimonio Mundial de la UNESCO.[\/vc_column_text][\/vc_column][vc_column width=\u00bb3\/4&#8243;][vc_single_image image=\u00bb4368&#8243; img_size=\u00bblarge\u00bb alignment=\u00bbcenter\u00bb style=\u00bbvc_box_outline\u00bb][\/vc_column][\/vc_row][vc_row][vc_column width=\u00bb1\/4&#8243;][vc_column_text]<strong>Valle de los Ca\u00eddos<\/strong><\/p>\n<p>Cripta donde est\u00e1n enterradas miles de personas que perdieron su vida durante la Guerra Civil Espa\u00f1ola. Fue encargado por Franco en 1940.[\/vc_column_text][\/vc_column][vc_column width=\u00bb3\/4&#8243;][vc_single_image image=\u00bb4638&#8243; img_size=\u00bblarge\u00bb alignment=\u00bbcenter\u00bb style=\u00bbvc_box_outline\u00bb][\/vc_column][\/vc_row][vc_row][vc_column][vc_column_text]<\/p>\n<h2>Informaci\u00f3n pr\u00e1ctica sobre esta Excursi\u00f3n<\/h2>\n<p>[\/vc_column_text][vc_tta_tour color=\u00bbsky\u00bb active_section=\u00bb1&#8243;][vc_tta_section i_icon_fontawesome=\u00bbfar fa-clock\u00bb add_icon=\u00bbtrue\u00bb title=\u00bbDuraci\u00f3n\u00bb tab_id=\u00bb1587307447203-8bdda480-3e2f05b5-62d8&#8243;][vc_column_text]<\/p>\n<p style=\"text-align: center;\"><span style=\"font-size: 28px; color: #54acd2;\"><strong>5 horas de Excursi\u00f3n<\/strong><\/span><\/p>\n<ul>\n<li>50min coche a El Escorial desde su hotel.<\/li>\n<li><strong>2h20 visita guiada en el interior de El Escorial.<\/strong><\/li>\n<li>15min\u00a0de viaje\u00a0a el Valle de los Ca\u00eddos<\/li>\n<li><strong>45min\u00a0de tour privado en el Valle de los Ca\u00eddos<\/strong><\/li>\n<li>50min regreso en coche al hotel.<\/li>\n<\/ul>\n<p>Los tiempo son aproximados, dependen del tr\u00e1fico, servicios religiosos, etc<\/p>\n<p>Este tour no est\u00e1 disponible los lunes, los domingos ni los festivos. Ya que cierra total o parcialmente estos monumentos.[\/vc_column_text][\/vc_tta_section][vc_tta_section i_icon_fontawesome=\u00bbfas fa-euro-sign\u00bb add_icon=\u00bbtrue\u00bb title=\u00bbTarifas\u00bb tab_id=\u00bb1587307488659-5b77d3cf-121c05b5-62d8&#8243;][vc_column_text css=\u00bb\u00bb]El precio total del grupo depende del n\u00famero de personas en el grupo:<\/p>\n<table>\n<thead>\n<tr>\n<th><\/th>\n<th style=\"text-align: left;\">Precio Total<\/th>\n<\/tr>\n<\/thead>\n<tbody>\n<tr>\n<td>1 persona<\/td>\n<td>660 \u20ac<\/td>\n<\/tr>\n<tr>\n<td>2 personas<\/td>\n<td>680 \u20ac<\/td>\n<\/tr>\n<tr>\n<td>3 personas<\/td>\n<td>700 \u20ac<\/td>\n<\/tr>\n<tr>\n<td>4 personas<\/td>\n<td>720 \u20ac<\/td>\n<\/tr>\n<tr>\n<td>5 personas<\/td>\n<td>740 \u20ac<\/td>\n<\/tr>\n<tr>\n<td>6 personas<\/td>\n<td>760 \u20ac<\/td>\n<\/tr>\n<tr>\n<td><\/td>\n<td><\/td>\n<\/tr>\n<\/tbody>\n<\/table>\n<p>[\/vc_column_text][\/vc_tta_section][vc_tta_section i_icon_fontawesome=\u00bbfar fa-check-circle\u00bb add_icon=\u00bbtrue\u00bb title=\u00bbIncluido\u00bb tab_id=\u00bb1587307517474-80d1f09c-23a505b5-62d8&#8243;][vc_column_text]<\/p>\n<ul>\n<li>Gu\u00eda Oficial de Turismo.<\/li>\n<li>Entradas a El Escorial<\/li>\n<li>Transporte en veh\u00edculo privado.<\/li>\n<li>Conductor profesional.<\/li>\n<\/ul>\n<p>[\/vc_column_text][\/vc_tta_section][vc_tta_section i_icon_fontawesome=\u00bbfar fa-times-circle\u00bb add_icon=\u00bbtrue\u00bb title=\u00bbExcluido\u00bb tab_id=\u00bb1587307518474-767f6fb0-25cd05b5-62d8&#8243;][vc_column_text]<\/p>\n<ul>\n<li>Comida y bebidas no incluidas.<\/li>\n<li>Entradas a otros monumentos no indicados previamente.<\/li>\n<\/ul>\n<p>[\/vc_column_text][\/vc_tta_section][vc_tta_section i_icon_fontawesome=\u00bbfas fa-map-marker-alt\u00bb add_icon=\u00bbtrue\u00bb title=\u00bbPunto de Encuentro\u00bb tab_id=\u00bb1587307520886-7907fa57-b1e005b5-62d8&#8243;][vc_column_text]Su gu\u00eda y el conductor les recoger\u00e1n en su hotel y les traer\u00e1n de regreso.[\/vc_column_text][vc_column_text][\/vc_column_text][\/vc_tta_section][\/vc_tta_tour][vc_column_text]<\/p>\n<h2>\u00a1Consulte a nuestros gu\u00edas de Madrid y haga su reserva!<\/h2>\n<div class=\"wpcf7 no-js\" id=\"wpcf7-f6536-o1\" lang=\"en-US\" dir=\"ltr\" data-wpcf7-id=\"6536\">\n<div class=\"screen-reader-response\"><p role=\"status\" aria-live=\"polite\" aria-atomic=\"true\"><\/p> <ul><\/ul><\/div>\n<form action=\"\/es\/wp-json\/wp\/v2\/pages\/4704#wpcf7-f6536-o1\" method=\"post\" class=\"wpcf7-form init wpcf7-acceptance-as-validation\" aria-label=\"Contact form\" novalidate=\"novalidate\" data-status=\"init\">\n<div style=\"display: none;\">\n<input type=\"hidden\" name=\"_wpcf7\" value=\"6536\" \/>\n<input type=\"hidden\" name=\"_wpcf7_version\" value=\"6.0.4\" \/>\n<input type=\"hidden\" name=\"_wpcf7_locale\" value=\"en_US\" \/>\n<input type=\"hidden\" name=\"_wpcf7_unit_tag\" value=\"wpcf7-f6536-o1\" \/>\n<input type=\"hidden\" name=\"_wpcf7_container_post\" value=\"0\" \/>\n<input type=\"hidden\" name=\"_wpcf7_posted_data_hash\" value=\"\" \/>\n<input type=\"hidden\" name=\"_wpcf7_recaptcha_response\" value=\"\" \/>\n<\/div>\n<div class=\"formulario\">\n\t<p><label><span class=\"labelform\">Nombre (requerido)<\/span><br \/>\n<span class=\"wpcf7-form-control-wrap\" data-name=\"your-name\"><input size=\"40\" maxlength=\"400\" class=\"wpcf7-form-control wpcf7-text wpcf7-validates-as-required\" aria-required=\"true\" aria-invalid=\"false\" value=\"\" type=\"text\" name=\"your-name\" \/><\/span> <\/label><span id=\"wpcf7-69d50491a6b0a-wrapper\" class=\"wpcf7-form-control-wrap website-wrap\" style=\"display:none !important; visibility:hidden !important;\"><label for=\"wpcf7-69d50491a6b0a-field\" class=\"hp-message\">Please leave this field empty.<\/label><input id=\"wpcf7-69d50491a6b0a-field\"  class=\"wpcf7-form-control wpcf7-text\" type=\"text\" name=\"website\" value=\"\" size=\"40\" tabindex=\"-1\" autocomplete=\"new-password\" \/><\/span><br \/>\n<label><span class=\"labelform\">Email (requerido)<\/span><br \/>\n<span class=\"wpcf7-form-control-wrap\" data-name=\"your-email\"><input size=\"40\" maxlength=\"400\" class=\"wpcf7-form-control wpcf7-email wpcf7-validates-as-required wpcf7-text wpcf7-validates-as-email\" aria-required=\"true\" aria-invalid=\"false\" value=\"\" type=\"email\" name=\"your-email\" \/><\/span> <\/label><br \/>\n<label><span class=\"labelform\">Mensaje (requerido)<\/span><br \/>\n<span class=\"wpcf7-form-control-wrap\" data-name=\"your-message\"><textarea cols=\"40\" rows=\"10\" maxlength=\"2000\" class=\"wpcf7-form-control wpcf7-textarea wpcf7-validates-as-required\" aria-required=\"true\" aria-invalid=\"false\" name=\"your-message\"><\/textarea><\/span> <\/label>\n\t<\/p>\n\t<p class=\"textopeqRGPD\">Madrid Sensations Tours utilizar\u00e1 mis datos para resolver mi consulta y los guardar\u00e1 para mantener contacto comercial conmigo, elimin\u00e1ndolos bajo mi petici\u00f3n expresa de acuerdo a la ley vigente. En el documento <a href=\"https:\/\/madridsensations.com\/\/es\/aviso-legal-y-politica-de-privacidad\/\">Pol\u00edtica de Privacidad<\/a> se me indica c\u00f3mo puedo ejercer mis derechos.\n\t<\/p>\n<input class=\"wpcf7-form-control wpcf7-hidden\" value=\"Madrid Sensations Tours Contact Form (ES)\" type=\"hidden\" name=\"your-subject\" \/>\n\t<p><span class=\"wpcf7-form-control-wrap\" data-name=\"your-consent\"><span class=\"wpcf7-form-control wpcf7-acceptance\"><span class=\"wpcf7-list-item\"><label><input type=\"checkbox\" name=\"your-consent\" value=\"1\" aria-invalid=\"false\" \/><span class=\"wpcf7-list-item-label\">He le\u00eddo y acepto las condiciones de la Pol\u00edtica de Privacidad<\/span><\/label><\/span><\/span><\/span>\n\t<\/p>\n\t<p><input class=\"wpcf7-form-control wpcf7-submit has-spinner\" type=\"submit\" value=\"Enviar\" \/>\n\t<\/p>\n<\/div><div class=\"wpcf7-response-output\" aria-hidden=\"true\"><\/div>\n<\/form>\n<\/div>\n[\/vc_column_text][\/vc_column][\/vc_row]<\/p>\n<\/div>","protected":false},"excerpt":{"rendered":"<p>[vc_row][vc_column width=\u00bb1\/4&#8243;][vc_column_text]El Escorial Monasterio, palacio y mausoleo de la monarqu\u00eda espa\u00f1ola. Fue construido en el siglo XVI y forma parte del Patrimonio Mundial de la UNESCO.[\/vc_column_text][\/vc_column][vc_column width=\u00bb3\/4&#8243;][vc_single_image image=\u00bb4368&#8243; img_size=\u00bblarge\u00bb alignment=\u00bbcenter\u00bb style=\u00bbvc_box_outline\u00bb][\/vc_column][\/vc_row][vc_row][vc_column width=\u00bb1\/4&#8243;][vc_column_text]Valle de los Ca\u00eddos Cripta donde est\u00e1n enterradas miles de personas que perdieron su vida durante la Guerra Civil [&hellip;]<\/p>\n","protected":false},"author":5,"featured_media":4638,"parent":1025,"menu_order":0,"comment_status":"closed","ping_status":"closed","template":"","meta":{"_monsterinsights_skip_tracking":false,"_monsterinsights_sitenote_active":false,"_monsterinsights_sitenote_note":"","_monsterinsights_sitenote_category":0,"footnotes":""},"class_list":["post-4704","page","type-page","status-publish","has-post-thumbnail","hentry"],"yoast_head":"<!-- This site is optimized with the Yoast SEO Premium plugin v22.4 (Yoast SEO v26.8) - https:\/\/yoast.com\/product\/yoast-seo-premium-wordpress\/ -->\n<title>Tour privado en El Escorial y Valle de los Ca\u00eddos<\/title>\n<meta name=\"description\" content=\"La combinaci\u00f3n de un tour a El Escorial y al Valle de los Ca\u00eddos permite ver dos destinos fascinantes en un solo d\u00eda. Con entradas y traslado desde Madrid.\" \/>\n<meta name=\"robots\" content=\"index, follow, max-snippet:-1, max-image-preview:large, max-video-preview:-1\" \/>\n<link rel=\"canonical\" href=\"https:\/\/www.madridsensations.com\/es\/tour-privado-madrid\/escorial-y-valle-de-los-caidos\/\" \/>\n<meta property=\"og:locale\" content=\"es_ES\" \/>\n<meta property=\"og:type\" content=\"article\" \/>\n<meta property=\"og:title\" content=\"Escorial y Valle de los Ca\u00eddos: Tour privado desde Madrid\" \/>\n<meta property=\"og:description\" content=\"La combinaci\u00f3n de un tour a El Escorial y al Valle de los Ca\u00eddos permite ver dos destinos fascinantes en un solo d\u00eda. Con entradas y traslado desde Madrid.\" \/>\n<meta property=\"og:url\" content=\"https:\/\/www.madridsensations.com\/es\/tour-privado-madrid\/escorial-y-valle-de-los-caidos\/\" \/>\n<meta property=\"og:site_name\" content=\"Madrid Sensations Tours\" \/>\n<meta property=\"article:publisher\" content=\"https:\/\/www.facebook.com\/madridsensations\/\" \/>\n<meta property=\"article:modified_time\" content=\"2025-09-19T09:54:15+00:00\" \/>\n<meta property=\"og:image\" content=\"https:\/\/www.madridsensations.com\/wp-content\/uploads\/2016\/06\/Valle-de-los-Caidos.jpg\" \/>\n\t<meta property=\"og:image:width\" content=\"900\" \/>\n\t<meta property=\"og:image:height\" content=\"592\" \/>\n\t<meta property=\"og:image:type\" content=\"image\/jpeg\" \/>\n<meta name=\"twitter:label1\" content=\"Tiempo de lectura\" \/>\n\t<meta name=\"twitter:data1\" content=\"2 minutos\" \/>\n<script type=\"application\/ld+json\" class=\"yoast-schema-graph\">{\"@context\":\"https:\/\/schema.org\",\"@graph\":[{\"@type\":\"WebPage\",\"@id\":\"https:\/\/www.madridsensations.com\/es\/tour-privado-madrid\/escorial-y-valle-de-los-caidos\/\",\"url\":\"https:\/\/www.madridsensations.com\/es\/tour-privado-madrid\/escorial-y-valle-de-los-caidos\/\",\"name\":\"Tour privado en El Escorial y Valle de los Ca\u00eddos\",\"isPartOf\":{\"@id\":\"https:\/\/www.madridsensations.com\/es\/#website\"},\"primaryImageOfPage\":{\"@id\":\"https:\/\/www.madridsensations.com\/es\/tour-privado-madrid\/escorial-y-valle-de-los-caidos\/#primaryimage\"},\"image\":{\"@id\":\"https:\/\/www.madridsensations.com\/es\/tour-privado-madrid\/escorial-y-valle-de-los-caidos\/#primaryimage\"},\"thumbnailUrl\":\"https:\/\/madridsensations.com\/wp-content\/uploads\/2016\/06\/Valle-de-los-Caidos.jpg\",\"datePublished\":\"2016-09-01T18:23:47+00:00\",\"dateModified\":\"2025-09-19T09:54:15+00:00\",\"description\":\"La combinaci\u00f3n de un tour a El Escorial y al Valle de los Ca\u00eddos permite ver dos destinos fascinantes en un solo d\u00eda. Con entradas y traslado desde Madrid.\",\"breadcrumb\":{\"@id\":\"https:\/\/www.madridsensations.com\/es\/tour-privado-madrid\/escorial-y-valle-de-los-caidos\/#breadcrumb\"},\"inLanguage\":\"es\",\"potentialAction\":[{\"@type\":\"ReadAction\",\"target\":[\"https:\/\/www.madridsensations.com\/es\/tour-privado-madrid\/escorial-y-valle-de-los-caidos\/\"]}]},{\"@type\":\"ImageObject\",\"inLanguage\":\"es\",\"@id\":\"https:\/\/www.madridsensations.com\/es\/tour-privado-madrid\/escorial-y-valle-de-los-caidos\/#primaryimage\",\"url\":\"https:\/\/madridsensations.com\/wp-content\/uploads\/2016\/06\/Valle-de-los-Caidos.jpg\",\"contentUrl\":\"https:\/\/madridsensations.com\/wp-content\/uploads\/2016\/06\/Valle-de-los-Caidos.jpg\",\"width\":900,\"height\":592},{\"@type\":\"BreadcrumbList\",\"@id\":\"https:\/\/www.madridsensations.com\/es\/tour-privado-madrid\/escorial-y-valle-de-los-caidos\/#breadcrumb\",\"itemListElement\":[{\"@type\":\"ListItem\",\"position\":1,\"name\":\"Home\",\"item\":\"https:\/\/www.madridsensations.com\/es\/\"},{\"@type\":\"ListItem\",\"position\":2,\"name\":\"Tours Privados en Madrid y Alrededores\",\"item\":\"https:\/\/madridsensations.com\/es\/tour-privado-madrid\/\"},{\"@type\":\"ListItem\",\"position\":3,\"name\":\"Escorial y Valle de los Ca\u00eddos: Tour privado desde Madrid\"}]},{\"@type\":\"WebSite\",\"@id\":\"https:\/\/www.madridsensations.com\/es\/#website\",\"url\":\"https:\/\/www.madridsensations.com\/es\/\",\"name\":\"Madrid Sensations Tours\",\"description\":\"Explore and Discover Madrid with a private tour!\",\"publisher\":{\"@id\":\"https:\/\/www.madridsensations.com\/es\/#organization\"},\"potentialAction\":[{\"@type\":\"SearchAction\",\"target\":{\"@type\":\"EntryPoint\",\"urlTemplate\":\"https:\/\/www.madridsensations.com\/es\/?s={search_term_string}\"},\"query-input\":{\"@type\":\"PropertyValueSpecification\",\"valueRequired\":true,\"valueName\":\"search_term_string\"}}],\"inLanguage\":\"es\"},{\"@type\":\"Organization\",\"@id\":\"https:\/\/www.madridsensations.com\/es\/#organization\",\"name\":\"Madrid Sensations Tours\",\"url\":\"https:\/\/www.madridsensations.com\/es\/\",\"logo\":{\"@type\":\"ImageObject\",\"inLanguage\":\"es\",\"@id\":\"https:\/\/www.madridsensations.com\/es\/#\/schema\/logo\/image\/\",\"url\":\"https:\/\/www.madridsensations.com\/wp-content\/uploads\/2020\/04\/Logo-Madrid-Sensations.png\",\"contentUrl\":\"https:\/\/www.madridsensations.com\/wp-content\/uploads\/2020\/04\/Logo-Madrid-Sensations.png\",\"width\":3377,\"height\":3377,\"caption\":\"Madrid Sensations Tours\"},\"image\":{\"@id\":\"https:\/\/www.madridsensations.com\/es\/#\/schema\/logo\/image\/\"},\"sameAs\":[\"https:\/\/www.facebook.com\/madridsensations\/\",\"https:\/\/x.com\/MadridSnsations\",\"https:\/\/www.instagram.com\/madridsensations\/\",\"https:\/\/www.linkedin.com\/company\/2560011\/\",\"https:\/\/www.pinterest.es\/madridsensation\",\"https:\/\/www.youtube.com\/c\/Madridsensations\"]}]}<\/script>\n<!-- \/ Yoast SEO Premium plugin. -->","yoast_head_json":{"title":"Tour privado en El Escorial y Valle de los Ca\u00eddos","description":"La combinaci\u00f3n de un tour a El Escorial y al Valle de los Ca\u00eddos permite ver dos destinos fascinantes en un solo d\u00eda. Con entradas y traslado desde Madrid.","robots":{"index":"index","follow":"follow","max-snippet":"max-snippet:-1","max-image-preview":"max-image-preview:large","max-video-preview":"max-video-preview:-1"},"canonical":"https:\/\/www.madridsensations.com\/es\/tour-privado-madrid\/escorial-y-valle-de-los-caidos\/","og_locale":"es_ES","og_type":"article","og_title":"Escorial y Valle de los Ca\u00eddos: Tour privado desde Madrid","og_description":"La combinaci\u00f3n de un tour a El Escorial y al Valle de los Ca\u00eddos permite ver dos destinos fascinantes en un solo d\u00eda. Con entradas y traslado desde Madrid.","og_url":"https:\/\/www.madridsensations.com\/es\/tour-privado-madrid\/escorial-y-valle-de-los-caidos\/","og_site_name":"Madrid Sensations Tours","article_publisher":"https:\/\/www.facebook.com\/madridsensations\/","article_modified_time":"2025-09-19T09:54:15+00:00","og_image":[{"width":900,"height":592,"url":"https:\/\/www.madridsensations.com\/wp-content\/uploads\/2016\/06\/Valle-de-los-Caidos.jpg","type":"image\/jpeg"}],"twitter_misc":{"Tiempo de lectura":"2 minutos"},"schema":{"@context":"https:\/\/schema.org","@graph":[{"@type":"WebPage","@id":"https:\/\/www.madridsensations.com\/es\/tour-privado-madrid\/escorial-y-valle-de-los-caidos\/","url":"https:\/\/www.madridsensations.com\/es\/tour-privado-madrid\/escorial-y-valle-de-los-caidos\/","name":"Tour privado en El Escorial y Valle de los Ca\u00eddos","isPartOf":{"@id":"https:\/\/www.madridsensations.com\/es\/#website"},"primaryImageOfPage":{"@id":"https:\/\/www.madridsensations.com\/es\/tour-privado-madrid\/escorial-y-valle-de-los-caidos\/#primaryimage"},"image":{"@id":"https:\/\/www.madridsensations.com\/es\/tour-privado-madrid\/escorial-y-valle-de-los-caidos\/#primaryimage"},"thumbnailUrl":"https:\/\/madridsensations.com\/wp-content\/uploads\/2016\/06\/Valle-de-los-Caidos.jpg","datePublished":"2016-09-01T18:23:47+00:00","dateModified":"2025-09-19T09:54:15+00:00","description":"La combinaci\u00f3n de un tour a El Escorial y al Valle de los Ca\u00eddos permite ver dos destinos fascinantes en un solo d\u00eda. Con entradas y traslado desde Madrid.","breadcrumb":{"@id":"https:\/\/www.madridsensations.com\/es\/tour-privado-madrid\/escorial-y-valle-de-los-caidos\/#breadcrumb"},"inLanguage":"es","potentialAction":[{"@type":"ReadAction","target":["https:\/\/www.madridsensations.com\/es\/tour-privado-madrid\/escorial-y-valle-de-los-caidos\/"]}]},{"@type":"ImageObject","inLanguage":"es","@id":"https:\/\/www.madridsensations.com\/es\/tour-privado-madrid\/escorial-y-valle-de-los-caidos\/#primaryimage","url":"https:\/\/madridsensations.com\/wp-content\/uploads\/2016\/06\/Valle-de-los-Caidos.jpg","contentUrl":"https:\/\/madridsensations.com\/wp-content\/uploads\/2016\/06\/Valle-de-los-Caidos.jpg","width":900,"height":592},{"@type":"BreadcrumbList","@id":"https:\/\/www.madridsensations.com\/es\/tour-privado-madrid\/escorial-y-valle-de-los-caidos\/#breadcrumb","itemListElement":[{"@type":"ListItem","position":1,"name":"Home","item":"https:\/\/www.madridsensations.com\/es\/"},{"@type":"ListItem","position":2,"name":"Tours Privados en Madrid y Alrededores","item":"https:\/\/madridsensations.com\/es\/tour-privado-madrid\/"},{"@type":"ListItem","position":3,"name":"Escorial y Valle de los Ca\u00eddos: Tour privado desde Madrid"}]},{"@type":"WebSite","@id":"https:\/\/www.madridsensations.com\/es\/#website","url":"https:\/\/www.madridsensations.com\/es\/","name":"Madrid Sensations Tours","description":"Explore and Discover Madrid with a private tour!","publisher":{"@id":"https:\/\/www.madridsensations.com\/es\/#organization"},"potentialAction":[{"@type":"SearchAction","target":{"@type":"EntryPoint","urlTemplate":"https:\/\/www.madridsensations.com\/es\/?s={search_term_string}"},"query-input":{"@type":"PropertyValueSpecification","valueRequired":true,"valueName":"search_term_string"}}],"inLanguage":"es"},{"@type":"Organization","@id":"https:\/\/www.madridsensations.com\/es\/#organization","name":"Madrid Sensations Tours","url":"https:\/\/www.madridsensations.com\/es\/","logo":{"@type":"ImageObject","inLanguage":"es","@id":"https:\/\/www.madridsensations.com\/es\/#\/schema\/logo\/image\/","url":"https:\/\/www.madridsensations.com\/wp-content\/uploads\/2020\/04\/Logo-Madrid-Sensations.png","contentUrl":"https:\/\/www.madridsensations.com\/wp-content\/uploads\/2020\/04\/Logo-Madrid-Sensations.png","width":3377,"height":3377,"caption":"Madrid Sensations Tours"},"image":{"@id":"https:\/\/www.madridsensations.com\/es\/#\/schema\/logo\/image\/"},"sameAs":["https:\/\/www.facebook.com\/madridsensations\/","https:\/\/x.com\/MadridSnsations","https:\/\/www.instagram.com\/madridsensations\/","https:\/\/www.linkedin.com\/company\/2560011\/","https:\/\/www.pinterest.es\/madridsensation","https:\/\/www.youtube.com\/c\/Madridsensations"]}]}},"_links":{"self":[{"href":"https:\/\/madridsensations.com\/es\/wp-json\/wp\/v2\/pages\/4704","targetHints":{"allow":["GET"]}}],"collection":[{"href":"https:\/\/madridsensations.com\/es\/wp-json\/wp\/v2\/pages"}],"about":[{"href":"https:\/\/madridsensations.com\/es\/wp-json\/wp\/v2\/types\/page"}],"author":[{"embeddable":true,"href":"https:\/\/madridsensations.com\/es\/wp-json\/wp\/v2\/users\/5"}],"replies":[{"embeddable":true,"href":"https:\/\/madridsensations.com\/es\/wp-json\/wp\/v2\/comments?post=4704"}],"version-history":[{"count":1,"href":"https:\/\/madridsensations.com\/es\/wp-json\/wp\/v2\/pages\/4704\/revisions"}],"predecessor-version":[{"id":13982,"href":"https:\/\/madridsensations.com\/es\/wp-json\/wp\/v2\/pages\/4704\/revisions\/13982"}],"up":[{"embeddable":true,"href":"https:\/\/madridsensations.com\/es\/wp-json\/wp\/v2\/pages\/1025"}],"wp:featuredmedia":[{"embeddable":true,"href":"https:\/\/madridsensations.com\/es\/wp-json\/wp\/v2\/media\/4638"}],"wp:attachment":[{"href":"https:\/\/madridsensations.com\/es\/wp-json\/wp\/v2\/media?parent=4704"}],"curies":[{"name":"wp","href":"https:\/\/api.w.org\/{rel}","templated":true}]}}