{"id":3475,"date":"2014-01-07T13:32:19","date_gmt":"2014-01-07T12:32:19","guid":{"rendered":"http:\/\/www.madridsensations.com\/?page_id=3475"},"modified":"2020-04-10T22:54:57","modified_gmt":"2020-04-10T20:54:57","slug":"esther-guia-de-turismo","status":"publish","type":"page","link":"https:\/\/madridsensations.com\/es\/sobre-nosotros\/esther-guia-de-turismo\/","title":{"rendered":"Esther Almena &#8211; Gu\u00eda de Turismo"},"content":{"rendered":"\n<figure class=\"wp-block-image size-large\"><img loading=\"lazy\" decoding=\"async\" width=\"1000\" height=\"750\" src=\"https:\/\/madridsensations.com\/wp-content\/uploads\/2020\/03\/Esther-Almena-Oficial-Tour-Guide.jpg\" alt=\"\" class=\"wp-image-4994\" srcset=\"https:\/\/madridsensations.com\/wp-content\/uploads\/2020\/03\/Esther-Almena-Oficial-Tour-Guide.jpg 1000w, https:\/\/madridsensations.com\/wp-content\/uploads\/2020\/03\/Esther-Almena-Oficial-Tour-Guide-300x225.jpg 300w, https:\/\/madridsensations.com\/wp-content\/uploads\/2020\/03\/Esther-Almena-Oficial-Tour-Guide-768x576.jpg 768w\" sizes=\"auto, (max-width: 1000px) 100vw, 1000px\" \/><\/figure>\n\n\n<p>\u00a1Hola! Soy Esther, <strong>Gu\u00eda Oficial de Turismo<\/strong>.<\/p>\n<p>En mi <a href=\"https:\/\/madridsensations.com\/es\/blog\/\">blog<\/a> pod\u00e9is encontrar historia de muchos monumentos, pero aqu\u00ed os voy a contar <em><strong>la historia de por que me hice gu\u00eda de turismo<\/strong><\/em>.<\/p>\n<p>Cuando iba al instituto, en pleno centro de Madrid, la profesora de Literatura y el profesor de historia nos preparaban excursiones por el Madrid hist\u00f3rico, para m\u00ed la historia empez\u00f3 entonces a ser algo tangible, algo vivo y muy real. Sin duda aqu\u00ed comenz\u00f3 mi pasi\u00f3n por la que hoy es mi profesi\u00f3n, aunque quedaba mucho camino por recorrer.<\/p>\n<p>Empec\u00e9 a pensar en la historia como una afici\u00f3n, pero no como profesi\u00f3n, ya que reconozco que me caracteriza el pragmatismo a veces llevado al extremo. As\u00ed, por m\u00ed misma y por consejo de otros, consider\u00e9 que la historia no ser\u00eda una profesi\u00f3n \u201cprovechosa\u201d, que mejor ser\u00eda un \u201chobby\u201d, mientras me dediqu\u00e9 a las ciencias, que se me daban particularmente bien y que ten\u00eda \u201cmejores salidas profesionales\u201d.<\/p>\n<p>La verdad es que no me arrepiento de esta decisi\u00f3n, pues la universidad a la que fui <strong>me permiti\u00f3 viajar a Francia, Estados Unidos e Islandia, mediante programas de intercambio de estudios, pr\u00e1cticas profesionales y voluntariado<\/strong>. As\u00ed consegu\u00ed muchos amigos alrededor del mundo y el nivel de idiomas que ahora tengo.<\/p>\n<p>Al terminar la carrera me di el \u201ccapricho\u201d de estudiar un poco m\u00e1s, en este caso un m\u00e1ster en <em>Sistemas de Informaci\u00f3n Geogr\u00e1fica<\/em>, pues la cartograf\u00eda es otra de mis pasiones.<strong> Y a esto me dediqu\u00e9 profesionalmente durante un tiempo, a hacer mapas.<\/strong><\/p>\n<p>Mientras tanto segu\u00eda con mi afici\u00f3n al arte y a la historia, devorando libros, revistas y, sobre todo, asistiendo a todo tipo de cursos de esta tem\u00e1tica, tanto en Madrid como en otras ciudades.<\/p>\n<p>Durante una temporada coincidi\u00f3 que muchos de mis amigos internacionales ven\u00edan a visitarme a Madrid, y les preparaba concienzudamente unas visitas que les encantaban. Mi idea de la juventud, de dedicarme profesionalmente a ense\u00f1ar Madrid, volvi\u00f3 a rondar mi cabeza.<\/p>\n<p>Y me apliqu\u00e9 a mi misma una de mis citas favoritas <em>\u201cLas ideas no duran mucho, hay que hacer algo con ellas\u201d<\/em> de Santiago Ram\u00f3n y Cajal.<\/p>\n<p>De la noche a la ma\u00f1ana, me vi en un Vivero de Empresas creando en detalle el proyecto que ten\u00eda en mente, cre\u00e9 mi plan de empresa para la viabilidad econ\u00f3mica, la p\u00e1gina web con el blog, las redes sociales, el logo, etc.\u00a0<\/p>\n<p>Pero quedaba lo m\u00e1s importante, me prepar\u00e9 el examen oficial para conseguir la <em><strong>licencia de Gu\u00eda de Turismo<\/strong><\/em>, para lo cual me apunt\u00e9 a una academia que preparaba los contenidos, que son principalmente historia, arte, econom\u00eda y t\u00e9cnica tur\u00edstica. Super\u00e9 el examen, \u00a1Ya era Gu\u00eda de Turismo!<\/p>\n<p>En <strong>verano de 2012 cre\u00e9 oficialmente Madrid Sensations Tours<\/strong> y ese mismo oto\u00f1o tuve los primeros tours, mi trabajo ideal estaba naciendo, era real. Recuerdo los nervios de mi primera vez, pienso mucho en ese grupo, que por seguro notar\u00eda lo novata que era, a\u00fan as\u00ed pienso que les gust\u00f3.<\/p>\n<p><strong>Desde entonces mi objetivo es mejorar cada d\u00eda<\/strong>, disfrutar de cada grupo, aprender de ellos y no dejar de so\u00f1ar, no dejar de sentir la gran responsabilidad y la satisfacci\u00f3n de mostrar a mis viajeros la grandiosidad de la historia, la belleza de lo que nos rodea y lo sorprendente de nuestras vivencias.<\/p>\n<p>Me gusta ense\u00f1ar Madrid de una forma natural, alejada del estr\u00e9s de los grandes grupos y ense\u00f1ando mucho m\u00e1s que las atracciones principales. <strong>Me encanta transformar al turista en local por un d\u00eda<\/strong>, me apasiona conocer a quienes me visitan.<\/p>\n<p>Espero que disfrutes de <a href=\"https:\/\/madridsensations.com\/es\/blog\/\">mi blog<\/a> y mi preciosa Madrid.<\/p>\n<p>\u00a1Espero que podamos conocernos!<\/p>\n<p>Esther<\/p>","protected":false},"excerpt":{"rendered":"<p>\u00a1Hola! Soy Esther, Gu\u00eda Oficial de Turismo. En mi blog pod\u00e9is encontrar historia de muchos monumentos, pero aqu\u00ed os voy a contar la historia de por que me hice gu\u00eda de turismo. Cuando iba al instituto, en pleno centro de Madrid, la profesora de Literatura y el profesor de historia [&hellip;]<\/p>\n","protected":false},"author":1,"featured_media":4994,"parent":1027,"menu_order":0,"comment_status":"open","ping_status":"closed","template":"","meta":{"_monsterinsights_skip_tracking":false,"_monsterinsights_sitenote_active":false,"_monsterinsights_sitenote_note":"","_monsterinsights_sitenote_category":0,"footnotes":""},"class_list":["post-3475","page","type-page","status-publish","has-post-thumbnail","hentry"],"yoast_head":"<!-- This site is optimized with the Yoast SEO Premium plugin v22.4 (Yoast SEO v26.8) - https:\/\/yoast.com\/product\/yoast-seo-premium-wordpress\/ -->\n<title>Gu\u00eda de Turismo de Madrid<\/title>\n<meta name=\"description\" content=\"Soy Esther, gu\u00eda de turismo de Madrid. Apasionada de mi ciudad y de ser gu\u00eda. Si visitas Madrid y sus alrededores me encantar\u00e1 ayudarte a descubrirlo.\" \/>\n<meta name=\"robots\" content=\"index, follow, max-snippet:-1, max-image-preview:large, max-video-preview:-1\" \/>\n<link rel=\"canonical\" href=\"https:\/\/madridsensations.com\/es\/sobre-nosotros\/esther-guia-de-turismo\/\" \/>\n<meta property=\"og:locale\" content=\"es_ES\" \/>\n<meta property=\"og:type\" content=\"article\" \/>\n<meta property=\"og:title\" content=\"Esther Almena - Gu\u00eda de Turismo\" \/>\n<meta property=\"og:description\" content=\"Soy Esther, gu\u00eda de turismo de Madrid. Apasionada de mi ciudad y de ser gu\u00eda. Si visitas Madrid y sus alrededores me encantar\u00e1 ayudarte a descubrirlo.\" \/>\n<meta property=\"og:url\" content=\"https:\/\/madridsensations.com\/es\/sobre-nosotros\/esther-guia-de-turismo\/\" \/>\n<meta property=\"og:site_name\" content=\"Madrid Sensations Tours\" \/>\n<meta property=\"article:publisher\" content=\"https:\/\/www.facebook.com\/madridsensations\/\" \/>\n<meta property=\"article:modified_time\" content=\"2020-04-10T20:54:57+00:00\" \/>\n<meta property=\"og:image\" content=\"https:\/\/madridsensations.com\/wp-content\/uploads\/2020\/03\/Esther-Almena-Oficial-Tour-Guide.jpg\" \/>\n\t<meta property=\"og:image:width\" content=\"1000\" \/>\n\t<meta property=\"og:image:height\" content=\"750\" \/>\n\t<meta property=\"og:image:type\" content=\"image\/jpeg\" \/>\n<meta name=\"twitter:label1\" content=\"Tiempo de lectura\" \/>\n\t<meta name=\"twitter:data1\" content=\"3 minutos\" \/>\n<script type=\"application\/ld+json\" class=\"yoast-schema-graph\">{\"@context\":\"https:\/\/schema.org\",\"@graph\":[{\"@type\":\"WebPage\",\"@id\":\"https:\/\/madridsensations.com\/es\/sobre-nosotros\/esther-guia-de-turismo\/\",\"url\":\"https:\/\/madridsensations.com\/es\/sobre-nosotros\/esther-guia-de-turismo\/\",\"name\":\"Gu\u00eda de Turismo de Madrid\",\"isPartOf\":{\"@id\":\"https:\/\/www.madridsensations.com\/es\/#website\"},\"primaryImageOfPage\":{\"@id\":\"https:\/\/madridsensations.com\/es\/sobre-nosotros\/esther-guia-de-turismo\/#primaryimage\"},\"image\":{\"@id\":\"https:\/\/madridsensations.com\/es\/sobre-nosotros\/esther-guia-de-turismo\/#primaryimage\"},\"thumbnailUrl\":\"https:\/\/madridsensations.com\/wp-content\/uploads\/2020\/03\/Esther-Almena-Oficial-Tour-Guide.jpg\",\"datePublished\":\"2014-01-07T12:32:19+00:00\",\"dateModified\":\"2020-04-10T20:54:57+00:00\",\"description\":\"Soy Esther, gu\u00eda de turismo de Madrid. Apasionada de mi ciudad y de ser gu\u00eda. Si visitas Madrid y sus alrededores me encantar\u00e1 ayudarte a descubrirlo.\",\"breadcrumb\":{\"@id\":\"https:\/\/madridsensations.com\/es\/sobre-nosotros\/esther-guia-de-turismo\/#breadcrumb\"},\"inLanguage\":\"es\",\"potentialAction\":[{\"@type\":\"ReadAction\",\"target\":[\"https:\/\/madridsensations.com\/es\/sobre-nosotros\/esther-guia-de-turismo\/\"]}]},{\"@type\":\"ImageObject\",\"inLanguage\":\"es\",\"@id\":\"https:\/\/madridsensations.com\/es\/sobre-nosotros\/esther-guia-de-turismo\/#primaryimage\",\"url\":\"https:\/\/madridsensations.com\/wp-content\/uploads\/2020\/03\/Esther-Almena-Oficial-Tour-Guide.jpg\",\"contentUrl\":\"https:\/\/madridsensations.com\/wp-content\/uploads\/2020\/03\/Esther-Almena-Oficial-Tour-Guide.jpg\",\"width\":1000,\"height\":750,\"caption\":\"tour guide in front of museum\"},{\"@type\":\"BreadcrumbList\",\"@id\":\"https:\/\/madridsensations.com\/es\/sobre-nosotros\/esther-guia-de-turismo\/#breadcrumb\",\"itemListElement\":[{\"@type\":\"ListItem\",\"position\":1,\"name\":\"Home\",\"item\":\"https:\/\/www.madridsensations.com\/es\/\"},{\"@type\":\"ListItem\",\"position\":2,\"name\":\"Sobre Nosotros\",\"item\":\"https:\/\/madridsensations.com\/es\/sobre-nosotros\/\"},{\"@type\":\"ListItem\",\"position\":3,\"name\":\"Esther Almena &#8211; Gu\u00eda de Turismo\"}]},{\"@type\":\"WebSite\",\"@id\":\"https:\/\/www.madridsensations.com\/es\/#website\",\"url\":\"https:\/\/www.madridsensations.com\/es\/\",\"name\":\"Madrid Sensations Tours\",\"description\":\"Explore and Discover Madrid with a private tour!\",\"publisher\":{\"@id\":\"https:\/\/www.madridsensations.com\/es\/#organization\"},\"potentialAction\":[{\"@type\":\"SearchAction\",\"target\":{\"@type\":\"EntryPoint\",\"urlTemplate\":\"https:\/\/www.madridsensations.com\/es\/?s={search_term_string}\"},\"query-input\":{\"@type\":\"PropertyValueSpecification\",\"valueRequired\":true,\"valueName\":\"search_term_string\"}}],\"inLanguage\":\"es\"},{\"@type\":\"Organization\",\"@id\":\"https:\/\/www.madridsensations.com\/es\/#organization\",\"name\":\"Madrid Sensations Tours\",\"url\":\"https:\/\/www.madridsensations.com\/es\/\",\"logo\":{\"@type\":\"ImageObject\",\"inLanguage\":\"es\",\"@id\":\"https:\/\/www.madridsensations.com\/es\/#\/schema\/logo\/image\/\",\"url\":\"https:\/\/www.madridsensations.com\/wp-content\/uploads\/2020\/04\/Logo-Madrid-Sensations.png\",\"contentUrl\":\"https:\/\/www.madridsensations.com\/wp-content\/uploads\/2020\/04\/Logo-Madrid-Sensations.png\",\"width\":3377,\"height\":3377,\"caption\":\"Madrid Sensations Tours\"},\"image\":{\"@id\":\"https:\/\/www.madridsensations.com\/es\/#\/schema\/logo\/image\/\"},\"sameAs\":[\"https:\/\/www.facebook.com\/madridsensations\/\",\"https:\/\/x.com\/MadridSnsations\",\"https:\/\/www.instagram.com\/madridsensations\/\",\"https:\/\/www.linkedin.com\/company\/2560011\/\",\"https:\/\/www.pinterest.es\/madridsensation\",\"https:\/\/www.youtube.com\/c\/Madridsensations\"]}]}<\/script>\n<!-- \/ Yoast SEO Premium plugin. -->","yoast_head_json":{"title":"Gu\u00eda de Turismo de Madrid","description":"Soy Esther, gu\u00eda de turismo de Madrid. Apasionada de mi ciudad y de ser gu\u00eda. Si visitas Madrid y sus alrededores me encantar\u00e1 ayudarte a descubrirlo.","robots":{"index":"index","follow":"follow","max-snippet":"max-snippet:-1","max-image-preview":"max-image-preview:large","max-video-preview":"max-video-preview:-1"},"canonical":"https:\/\/madridsensations.com\/es\/sobre-nosotros\/esther-guia-de-turismo\/","og_locale":"es_ES","og_type":"article","og_title":"Esther Almena - Gu\u00eda de Turismo","og_description":"Soy Esther, gu\u00eda de turismo de Madrid. Apasionada de mi ciudad y de ser gu\u00eda. Si visitas Madrid y sus alrededores me encantar\u00e1 ayudarte a descubrirlo.","og_url":"https:\/\/madridsensations.com\/es\/sobre-nosotros\/esther-guia-de-turismo\/","og_site_name":"Madrid Sensations Tours","article_publisher":"https:\/\/www.facebook.com\/madridsensations\/","article_modified_time":"2020-04-10T20:54:57+00:00","og_image":[{"width":1000,"height":750,"url":"https:\/\/madridsensations.com\/wp-content\/uploads\/2020\/03\/Esther-Almena-Oficial-Tour-Guide.jpg","type":"image\/jpeg"}],"twitter_misc":{"Tiempo de lectura":"3 minutos"},"schema":{"@context":"https:\/\/schema.org","@graph":[{"@type":"WebPage","@id":"https:\/\/madridsensations.com\/es\/sobre-nosotros\/esther-guia-de-turismo\/","url":"https:\/\/madridsensations.com\/es\/sobre-nosotros\/esther-guia-de-turismo\/","name":"Gu\u00eda de Turismo de Madrid","isPartOf":{"@id":"https:\/\/www.madridsensations.com\/es\/#website"},"primaryImageOfPage":{"@id":"https:\/\/madridsensations.com\/es\/sobre-nosotros\/esther-guia-de-turismo\/#primaryimage"},"image":{"@id":"https:\/\/madridsensations.com\/es\/sobre-nosotros\/esther-guia-de-turismo\/#primaryimage"},"thumbnailUrl":"https:\/\/madridsensations.com\/wp-content\/uploads\/2020\/03\/Esther-Almena-Oficial-Tour-Guide.jpg","datePublished":"2014-01-07T12:32:19+00:00","dateModified":"2020-04-10T20:54:57+00:00","description":"Soy Esther, gu\u00eda de turismo de Madrid. Apasionada de mi ciudad y de ser gu\u00eda. Si visitas Madrid y sus alrededores me encantar\u00e1 ayudarte a descubrirlo.","breadcrumb":{"@id":"https:\/\/madridsensations.com\/es\/sobre-nosotros\/esther-guia-de-turismo\/#breadcrumb"},"inLanguage":"es","potentialAction":[{"@type":"ReadAction","target":["https:\/\/madridsensations.com\/es\/sobre-nosotros\/esther-guia-de-turismo\/"]}]},{"@type":"ImageObject","inLanguage":"es","@id":"https:\/\/madridsensations.com\/es\/sobre-nosotros\/esther-guia-de-turismo\/#primaryimage","url":"https:\/\/madridsensations.com\/wp-content\/uploads\/2020\/03\/Esther-Almena-Oficial-Tour-Guide.jpg","contentUrl":"https:\/\/madridsensations.com\/wp-content\/uploads\/2020\/03\/Esther-Almena-Oficial-Tour-Guide.jpg","width":1000,"height":750,"caption":"tour guide in front of museum"},{"@type":"BreadcrumbList","@id":"https:\/\/madridsensations.com\/es\/sobre-nosotros\/esther-guia-de-turismo\/#breadcrumb","itemListElement":[{"@type":"ListItem","position":1,"name":"Home","item":"https:\/\/www.madridsensations.com\/es\/"},{"@type":"ListItem","position":2,"name":"Sobre Nosotros","item":"https:\/\/madridsensations.com\/es\/sobre-nosotros\/"},{"@type":"ListItem","position":3,"name":"Esther Almena &#8211; Gu\u00eda de Turismo"}]},{"@type":"WebSite","@id":"https:\/\/www.madridsensations.com\/es\/#website","url":"https:\/\/www.madridsensations.com\/es\/","name":"Madrid Sensations Tours","description":"Explore and Discover Madrid with a private tour!","publisher":{"@id":"https:\/\/www.madridsensations.com\/es\/#organization"},"potentialAction":[{"@type":"SearchAction","target":{"@type":"EntryPoint","urlTemplate":"https:\/\/www.madridsensations.com\/es\/?s={search_term_string}"},"query-input":{"@type":"PropertyValueSpecification","valueRequired":true,"valueName":"search_term_string"}}],"inLanguage":"es"},{"@type":"Organization","@id":"https:\/\/www.madridsensations.com\/es\/#organization","name":"Madrid Sensations Tours","url":"https:\/\/www.madridsensations.com\/es\/","logo":{"@type":"ImageObject","inLanguage":"es","@id":"https:\/\/www.madridsensations.com\/es\/#\/schema\/logo\/image\/","url":"https:\/\/www.madridsensations.com\/wp-content\/uploads\/2020\/04\/Logo-Madrid-Sensations.png","contentUrl":"https:\/\/www.madridsensations.com\/wp-content\/uploads\/2020\/04\/Logo-Madrid-Sensations.png","width":3377,"height":3377,"caption":"Madrid Sensations Tours"},"image":{"@id":"https:\/\/www.madridsensations.com\/es\/#\/schema\/logo\/image\/"},"sameAs":["https:\/\/www.facebook.com\/madridsensations\/","https:\/\/x.com\/MadridSnsations","https:\/\/www.instagram.com\/madridsensations\/","https:\/\/www.linkedin.com\/company\/2560011\/","https:\/\/www.pinterest.es\/madridsensation","https:\/\/www.youtube.com\/c\/Madridsensations"]}]}},"_links":{"self":[{"href":"https:\/\/madridsensations.com\/es\/wp-json\/wp\/v2\/pages\/3475","targetHints":{"allow":["GET"]}}],"collection":[{"href":"https:\/\/madridsensations.com\/es\/wp-json\/wp\/v2\/pages"}],"about":[{"href":"https:\/\/madridsensations.com\/es\/wp-json\/wp\/v2\/types\/page"}],"author":[{"embeddable":true,"href":"https:\/\/madridsensations.com\/es\/wp-json\/wp\/v2\/users\/1"}],"replies":[{"embeddable":true,"href":"https:\/\/madridsensations.com\/es\/wp-json\/wp\/v2\/comments?post=3475"}],"version-history":[{"count":0,"href":"https:\/\/madridsensations.com\/es\/wp-json\/wp\/v2\/pages\/3475\/revisions"}],"up":[{"embeddable":true,"href":"https:\/\/madridsensations.com\/es\/wp-json\/wp\/v2\/pages\/1027"}],"wp:featuredmedia":[{"embeddable":true,"href":"https:\/\/madridsensations.com\/es\/wp-json\/wp\/v2\/media\/4994"}],"wp:attachment":[{"href":"https:\/\/madridsensations.com\/es\/wp-json\/wp\/v2\/media?parent=3475"}],"curies":[{"name":"wp","href":"https:\/\/api.w.org\/{rel}","templated":true}]}}