{"id":2924,"date":"2013-06-13T21:46:55","date_gmt":"2013-06-13T19:46:55","guid":{"rendered":"http:\/\/www.madridsensations.com\/?page_id=2924"},"modified":"2025-09-19T11:49:32","modified_gmt":"2025-09-19T09:49:32","slug":"segovia-desde-madrid-tour-privado","status":"publish","type":"page","link":"https:\/\/madridsensations.com\/es\/tour-privado-madrid\/segovia-desde-madrid-tour-privado\/","title":{"rendered":"Segovia: Tour Privado desde Madrid"},"content":{"rendered":"<div class=\"wpb-content-wrapper\"><p>[vc_row][vc_column][vc_single_image image=\u00bb6107&#8243; img_size=\u00bbfull\u00bb][vc_column_text]Una visita a Segovia desde Madrid es una experiencia inolvidable, el viaje en transporte privado se hace muy c\u00f3modo y su Gu\u00eda de Turismo aprovechar\u00e1 el trayecto para hacerle una introducci\u00f3n a la historia y la cultura de la regi\u00f3n castellana en la que se encuentra.<\/p>\n<p>Es una excursi\u00f3n privada y personalizable, que empezar\u00e1 en su hotel a la hora que usted nos diga.<\/p>\n<h2>Itinerario de la visita Guiada por Segovia (3h)<\/h2>\n<ul>\n<li><strong>Mirador:<\/strong> Cuando lleguemos a Segovia desde Madrid, primero haremos una parada fuera de las murallas de la ciudad para ver el castillo desde la rivera del r\u00edo. Este es un lugar muy popular entre los lugare\u00f1os para hacerse fotos de bodas, el fondo es inmejorable<\/li>\n<li><strong>Alc\u00e1zar:<\/strong> subiremos con el coche a lo alto de la colina, para visitar el castillo medieval. Es una construcci\u00f3n impresionante que ha tenido muchos usos a lo largo de su historia, hoy en d\u00eda es un museo en el que se recrea el mobiliario de este tipo de fortificaciones espa\u00f1olas.<\/li>\n<li><strong>Plaza Mayor:<\/strong> esta plaza es el centro de la ciudad, con su mercado semanal los jueves, sus restaurantes, el teatro y la catedral.<\/li>\n<li><strong>Catedral:<\/strong> la catedral de Segovia recibe el sobrenombre de \u00abLa dama de las catedrales\u00bb y es la \u00faltima Catedral que se construy\u00f3 en Espa\u00f1a en estilo G\u00f3tico.<\/li>\n<li><strong>Plaza de Medina del Campo:<\/strong> una Iglesia Rom\u00e1nica y algunos palacios renacentistas le dan a esta plaza un aspecto \u00fanico.<\/li>\n<li><strong>Antigua Sinagoga Mayor de Segovia:<\/strong> se desconoce cuando se construy\u00f3, pero la belleza de sus yeser\u00edas es indiscutible. Conserva la Galer\u00eda de Mujeres, si bien se transform\u00f3 en una iglesia en el siglo XV. (Cerrado los martes y viernes)<\/li>\n<li><strong>Acueducto:<\/strong> los romanos construyeron esta maravilla de la ingenier\u00eda hace unos 2000 a\u00f1os, hoy en d\u00eda impone por sus dimensiones y el excelente estado de conservaci\u00f3n.<\/li>\n<\/ul>\n<h3>Parada para comer (1h30min)<\/h3>\n<p>Despu\u00e9s del recorrido, y antes de regresar a Madrid, tendremos un descanso que se puede usar para degustar la comida tradicional castellana en alguno de los restaurantes que el gu\u00eda le sugerir\u00e1. Creemos que la gastronom\u00eda es una parte \u00a0importante de la cultura espa\u00f1ola y Segovia es un templo para los amantes de la buena comida. Siendo especialmente t\u00edpico el Cochinillo \u00c1sado, el Cordero Lechal, la Sopa Castellana, los Judiones de la Granja y entre los postres destaca el Ponche Segoviano.<\/p>\n<p>Pero si prefiere tomar un aperitivo r\u00e1pido para llevar, puede usar este tiempo para hacer algunas compras de souvenirs o simplemente relajarse en una hermosa plaza o caminar por su cuenta por la ciudad.[\/vc_column_text][\/vc_column][\/vc_row][vc_row][vc_column][vc_column_text]<\/p>\n<h2>Galer\u00eda de fotos de Segovia<\/h2>\n<p>[\/vc_column_text][vc_masonry_media_grid grid_id=\u00bbvc_gid:1758275287210-db33f96a-397e-6&#8243; include=\u00bb6297,6295,6293,6291,6289,6287,6106&#8243;][vc_column_text]<\/p>\n<h2>Informaci\u00f3n pr\u00e1ctica sobre esta Excursi\u00f3n a Segovia desde Madrid<\/h2>\n<p>[\/vc_column_text][vc_tta_tour color=\u00bbsky\u00bb active_section=\u00bb1&#8243;][vc_tta_section i_icon_fontawesome=\u00bbfar fa-clock\u00bb add_icon=\u00bbtrue\u00bb title=\u00bbDuraci\u00f3n\u00bb tab_id=\u00bb1587307447203-8bdda480-3e2f05b5-62d8&#8243;][vc_column_text]<\/p>\n<p style=\"text-align: center;\"><span style=\"font-size: 28px; color: #54acd2;\"><strong>7 a 8 horas de Excursi\u00f3n<\/strong><\/span><\/p>\n<p>Tiempo exacto total depende del tr\u00e1fico y duraci\u00f3n de la comida.<\/p>\n<ul>\n<li>1h20min coche a Segovia desde su hotel. Solo con el conductor, que le llevar\u00e1 a encontrarse con el gu\u00eda en Segovia.<\/li>\n<li><strong>3h\u00a0 tour a pie en Segovia con gu\u00eda oficial de turismo.<\/strong><\/li>\n<li>1h30 parada para comer.<\/li>\n<li>1h20min regreso en coche al hotel.<\/li>\n<\/ul>\n<p>[\/vc_column_text][\/vc_tta_section][vc_tta_section i_icon_fontawesome=\u00bbfas fa-euro-sign\u00bb add_icon=\u00bbtrue\u00bb title=\u00bbTarifas\u00bb tab_id=\u00bb1587307488659-5b77d3cf-121c05b5-62d8&#8243;][vc_column_text css=\u00bb\u00bb]El precio total del grupo depende del n\u00famero de personas en el grupo:<\/p>\n<table>\n<thead>\n<tr>\n<th><\/th>\n<th style=\"text-align: left;\">Precio Total<\/th>\n<\/tr>\n<\/thead>\n<tbody>\n<tr>\n<td>1 persona<\/td>\n<td>1220 \u20ac<\/td>\n<\/tr>\n<tr>\n<td>2 personas<\/td>\n<td>1240 \u20ac<\/td>\n<\/tr>\n<tr>\n<td>3 personas<\/td>\n<td>1260 \u20ac<\/td>\n<\/tr>\n<tr>\n<td>4 personas<\/td>\n<td>1280 \u20ac<\/td>\n<\/tr>\n<tr>\n<td>5 personas<\/td>\n<td>1300 \u20ac<\/td>\n<\/tr>\n<tr>\n<td>6 personas<\/td>\n<td>1320\u20ac<\/td>\n<\/tr>\n<tr>\n<td><\/td>\n<td><\/td>\n<\/tr>\n<\/tbody>\n<\/table>\n<p>[\/vc_column_text][\/vc_tta_section][vc_tta_section i_icon_fontawesome=\u00bbfar fa-check-circle\u00bb add_icon=\u00bbtrue\u00bb title=\u00bbIncluido\u00bb tab_id=\u00bb1587307517474-80d1f09c-23a505b5-62d8&#8243;][vc_column_text]<\/p>\n<ul>\n<li>Gu\u00eda Oficial de Turismo.<\/li>\n<li>Entradas a la Catedral de Segovia y Alcazar de Segovia.<\/li>\n<li>Transporte en veh\u00edculo privado.<\/li>\n<li>Conductor profesional.<\/li>\n<\/ul>\n<p>[\/vc_column_text][\/vc_tta_section][vc_tta_section i_icon_fontawesome=\u00bbfar fa-times-circle\u00bb add_icon=\u00bbtrue\u00bb title=\u00bbExcluido\u00bb tab_id=\u00bb1587307518474-767f6fb0-25cd05b5-62d8&#8243;][vc_column_text]<\/p>\n<ul>\n<li>Comida y bebidas no incluidas. El gu\u00eda le dar\u00e1 recomendaciones para elegir un restaurante en Segovia.<\/li>\n<li>Entradas a otros monumentos no indicados previamente.<\/li>\n<\/ul>\n<p>[\/vc_column_text][\/vc_tta_section][vc_tta_section i_icon_fontawesome=\u00bbfas fa-map-marker-alt\u00bb add_icon=\u00bbtrue\u00bb title=\u00bbPunto de Encuentro\u00bb tab_id=\u00bb1587307520886-7907fa57-b1e005b5-62d8&#8243;][vc_column_text]Su gu\u00eda y el conductor les recoger\u00e1n en su hotel y les traer\u00e1n de regreso.[\/vc_column_text][vc_column_text][\/vc_column_text][\/vc_tta_section][\/vc_tta_tour][vc_column_text]<\/p>\n<h2>Contacte con nosotros para reservar su excursi\u00f3n privada<\/h2>\n<p>Si no quiere perderse ninguno de los recovecos de Segovia y sus interesantes historias, \u00a1\u00danase a un tour privado con nosotros!<\/p>\n<div class=\"wpcf7 no-js\" id=\"wpcf7-f6536-o1\" lang=\"en-US\" dir=\"ltr\" data-wpcf7-id=\"6536\">\n<div class=\"screen-reader-response\"><p role=\"status\" aria-live=\"polite\" aria-atomic=\"true\"><\/p> <ul><\/ul><\/div>\n<form action=\"\/es\/wp-json\/wp\/v2\/pages\/2924#wpcf7-f6536-o1\" method=\"post\" class=\"wpcf7-form init wpcf7-acceptance-as-validation\" aria-label=\"Contact form\" novalidate=\"novalidate\" data-status=\"init\">\n<div style=\"display: none;\">\n<input type=\"hidden\" name=\"_wpcf7\" value=\"6536\" \/>\n<input type=\"hidden\" name=\"_wpcf7_version\" value=\"6.0.4\" \/>\n<input type=\"hidden\" name=\"_wpcf7_locale\" value=\"en_US\" \/>\n<input type=\"hidden\" name=\"_wpcf7_unit_tag\" value=\"wpcf7-f6536-o1\" \/>\n<input type=\"hidden\" name=\"_wpcf7_container_post\" value=\"0\" \/>\n<input type=\"hidden\" name=\"_wpcf7_posted_data_hash\" value=\"\" \/>\n<input type=\"hidden\" name=\"_wpcf7_recaptcha_response\" value=\"\" \/>\n<\/div>\n<div class=\"formulario\">\n\t<p><label><span class=\"labelform\">Nombre (requerido)<\/span><br \/>\n<span class=\"wpcf7-form-control-wrap\" data-name=\"your-name\"><input size=\"40\" maxlength=\"400\" class=\"wpcf7-form-control wpcf7-text wpcf7-validates-as-required\" aria-required=\"true\" aria-invalid=\"false\" value=\"\" type=\"text\" name=\"your-name\" \/><\/span> <\/label><span id=\"wpcf7-69d51eb8e3b7e-wrapper\" class=\"wpcf7-form-control-wrap website-wrap\" style=\"display:none !important; visibility:hidden !important;\"><label for=\"wpcf7-69d51eb8e3b7e-field\" class=\"hp-message\">Please leave this field empty.<\/label><input id=\"wpcf7-69d51eb8e3b7e-field\"  class=\"wpcf7-form-control wpcf7-text\" type=\"text\" name=\"website\" value=\"\" size=\"40\" tabindex=\"-1\" autocomplete=\"new-password\" \/><\/span><br \/>\n<label><span class=\"labelform\">Email (requerido)<\/span><br \/>\n<span class=\"wpcf7-form-control-wrap\" data-name=\"your-email\"><input size=\"40\" maxlength=\"400\" class=\"wpcf7-form-control wpcf7-email wpcf7-validates-as-required wpcf7-text wpcf7-validates-as-email\" aria-required=\"true\" aria-invalid=\"false\" value=\"\" type=\"email\" name=\"your-email\" \/><\/span> <\/label><br \/>\n<label><span class=\"labelform\">Mensaje (requerido)<\/span><br \/>\n<span class=\"wpcf7-form-control-wrap\" data-name=\"your-message\"><textarea cols=\"40\" rows=\"10\" maxlength=\"2000\" class=\"wpcf7-form-control wpcf7-textarea wpcf7-validates-as-required\" aria-required=\"true\" aria-invalid=\"false\" name=\"your-message\"><\/textarea><\/span> <\/label>\n\t<\/p>\n\t<p class=\"textopeqRGPD\">Madrid Sensations Tours utilizar\u00e1 mis datos para resolver mi consulta y los guardar\u00e1 para mantener contacto comercial conmigo, elimin\u00e1ndolos bajo mi petici\u00f3n expresa de acuerdo a la ley vigente. En el documento <a href=\"https:\/\/madridsensations.com\/\/es\/aviso-legal-y-politica-de-privacidad\/\">Pol\u00edtica de Privacidad<\/a> se me indica c\u00f3mo puedo ejercer mis derechos.\n\t<\/p>\n<input class=\"wpcf7-form-control wpcf7-hidden\" value=\"Madrid Sensations Tours Contact Form (ES)\" type=\"hidden\" name=\"your-subject\" \/>\n\t<p><span class=\"wpcf7-form-control-wrap\" data-name=\"your-consent\"><span class=\"wpcf7-form-control wpcf7-acceptance\"><span class=\"wpcf7-list-item\"><label><input type=\"checkbox\" name=\"your-consent\" value=\"1\" aria-invalid=\"false\" \/><span class=\"wpcf7-list-item-label\">He le\u00eddo y acepto las condiciones de la Pol\u00edtica de Privacidad<\/span><\/label><\/span><\/span><\/span>\n\t<\/p>\n\t<p><input class=\"wpcf7-form-control wpcf7-submit has-spinner\" type=\"submit\" value=\"Enviar\" \/>\n\t<\/p>\n<\/div><div class=\"wpcf7-response-output\" aria-hidden=\"true\"><\/div>\n<\/form>\n<\/div>\n[\/vc_column_text][\/vc_column][\/vc_row]<\/p>\n<\/div>","protected":false},"excerpt":{"rendered":"<p>[vc_row][vc_column][vc_single_image image=\u00bb6107&#8243; img_size=\u00bbfull\u00bb][vc_column_text]Una visita a Segovia desde Madrid es una experiencia inolvidable, el viaje en transporte privado se hace muy c\u00f3modo y su Gu\u00eda de Turismo aprovechar\u00e1 el trayecto para hacerle una introducci\u00f3n a la historia y la cultura de la regi\u00f3n castellana en la que se encuentra. Es una [&hellip;]<\/p>\n","protected":false},"author":5,"featured_media":3323,"parent":1025,"menu_order":0,"comment_status":"closed","ping_status":"closed","template":"","meta":{"_monsterinsights_skip_tracking":false,"_monsterinsights_sitenote_active":false,"_monsterinsights_sitenote_note":"","_monsterinsights_sitenote_category":0,"footnotes":""},"class_list":["post-2924","page","type-page","status-publish","has-post-thumbnail","hentry"],"yoast_head":"<!-- This site is optimized with the Yoast SEO Premium plugin v22.4 (Yoast SEO v26.8) - https:\/\/yoast.com\/product\/yoast-seo-premium-wordpress\/ -->\n<title>Visita guiada en Segovia: Tour Privado desde Madrid ?<\/title>\n<meta name=\"description\" content=\"Tour Privado en Segovia y transporte desde Madrid. Entrada incluida a monumentos como la Catedral G\u00f3tica y el Castillo Medieval.\u2714\ufe0f\" \/>\n<meta name=\"robots\" content=\"index, follow, max-snippet:-1, max-image-preview:large, max-video-preview:-1\" \/>\n<link rel=\"canonical\" href=\"https:\/\/www.madridsensations.com\/es\/tour-privado-madrid\/segovia-desde-madrid-tour-privado\/\" \/>\n<meta property=\"og:locale\" content=\"es_ES\" \/>\n<meta property=\"og:type\" content=\"article\" \/>\n<meta property=\"og:title\" content=\"Segovia: Tour Privado desde Madrid\" \/>\n<meta property=\"og:description\" content=\"Tour Privado en Segovia y transporte desde Madrid. Entrada incluida a monumentos como la Catedral G\u00f3tica y el Castillo Medieval.\u2714\ufe0f\" \/>\n<meta property=\"og:url\" content=\"https:\/\/www.madridsensations.com\/es\/tour-privado-madrid\/segovia-desde-madrid-tour-privado\/\" \/>\n<meta property=\"og:site_name\" content=\"Madrid Sensations Tours\" \/>\n<meta property=\"article:publisher\" content=\"https:\/\/www.facebook.com\/madridsensations\/\" \/>\n<meta property=\"article:modified_time\" content=\"2025-09-19T09:49:32+00:00\" \/>\n<meta property=\"og:image\" content=\"https:\/\/www.madridsensations.com\/wp-content\/uploads\/2013\/06\/Segovia-from-Madrid-private-tour.jpg\" \/>\n\t<meta property=\"og:image:width\" content=\"300\" \/>\n\t<meta property=\"og:image:height\" content=\"200\" \/>\n\t<meta property=\"og:image:type\" content=\"image\/jpeg\" \/>\n<meta name=\"twitter:label1\" content=\"Tiempo de lectura\" \/>\n\t<meta name=\"twitter:data1\" content=\"5 minutos\" \/>\n<script type=\"application\/ld+json\" class=\"yoast-schema-graph\">{\"@context\":\"https:\/\/schema.org\",\"@graph\":[{\"@type\":\"WebPage\",\"@id\":\"https:\/\/www.madridsensations.com\/es\/tour-privado-madrid\/segovia-desde-madrid-tour-privado\/\",\"url\":\"https:\/\/www.madridsensations.com\/es\/tour-privado-madrid\/segovia-desde-madrid-tour-privado\/\",\"name\":\"Visita guiada en Segovia: Tour Privado desde Madrid ?\",\"isPartOf\":{\"@id\":\"https:\/\/www.madridsensations.com\/es\/#website\"},\"primaryImageOfPage\":{\"@id\":\"https:\/\/www.madridsensations.com\/es\/tour-privado-madrid\/segovia-desde-madrid-tour-privado\/#primaryimage\"},\"image\":{\"@id\":\"https:\/\/www.madridsensations.com\/es\/tour-privado-madrid\/segovia-desde-madrid-tour-privado\/#primaryimage\"},\"thumbnailUrl\":\"https:\/\/madridsensations.com\/wp-content\/uploads\/2013\/06\/Segovia-from-Madrid-private-tour.jpg\",\"datePublished\":\"2013-06-13T19:46:55+00:00\",\"dateModified\":\"2025-09-19T09:49:32+00:00\",\"description\":\"Tour Privado en Segovia y transporte desde Madrid. Entrada incluida a monumentos como la Catedral G\u00f3tica y el Castillo Medieval.\u2714\ufe0f\",\"breadcrumb\":{\"@id\":\"https:\/\/www.madridsensations.com\/es\/tour-privado-madrid\/segovia-desde-madrid-tour-privado\/#breadcrumb\"},\"inLanguage\":\"es\",\"potentialAction\":[{\"@type\":\"ReadAction\",\"target\":[\"https:\/\/www.madridsensations.com\/es\/tour-privado-madrid\/segovia-desde-madrid-tour-privado\/\"]}]},{\"@type\":\"ImageObject\",\"inLanguage\":\"es\",\"@id\":\"https:\/\/www.madridsensations.com\/es\/tour-privado-madrid\/segovia-desde-madrid-tour-privado\/#primaryimage\",\"url\":\"https:\/\/madridsensations.com\/wp-content\/uploads\/2013\/06\/Segovia-from-Madrid-private-tour.jpg\",\"contentUrl\":\"https:\/\/madridsensations.com\/wp-content\/uploads\/2013\/06\/Segovia-from-Madrid-private-tour.jpg\",\"width\":300,\"height\":200,\"caption\":\"Segovia from Madrid private tour\"},{\"@type\":\"BreadcrumbList\",\"@id\":\"https:\/\/www.madridsensations.com\/es\/tour-privado-madrid\/segovia-desde-madrid-tour-privado\/#breadcrumb\",\"itemListElement\":[{\"@type\":\"ListItem\",\"position\":1,\"name\":\"Home\",\"item\":\"https:\/\/www.madridsensations.com\/es\/\"},{\"@type\":\"ListItem\",\"position\":2,\"name\":\"Tours Privados en Madrid y Alrededores\",\"item\":\"https:\/\/madridsensations.com\/es\/tour-privado-madrid\/\"},{\"@type\":\"ListItem\",\"position\":3,\"name\":\"Segovia: Tour Privado desde Madrid\"}]},{\"@type\":\"WebSite\",\"@id\":\"https:\/\/www.madridsensations.com\/es\/#website\",\"url\":\"https:\/\/www.madridsensations.com\/es\/\",\"name\":\"Madrid Sensations Tours\",\"description\":\"Explore and Discover Madrid with a private tour!\",\"publisher\":{\"@id\":\"https:\/\/www.madridsensations.com\/es\/#organization\"},\"potentialAction\":[{\"@type\":\"SearchAction\",\"target\":{\"@type\":\"EntryPoint\",\"urlTemplate\":\"https:\/\/www.madridsensations.com\/es\/?s={search_term_string}\"},\"query-input\":{\"@type\":\"PropertyValueSpecification\",\"valueRequired\":true,\"valueName\":\"search_term_string\"}}],\"inLanguage\":\"es\"},{\"@type\":\"Organization\",\"@id\":\"https:\/\/www.madridsensations.com\/es\/#organization\",\"name\":\"Madrid Sensations Tours\",\"url\":\"https:\/\/www.madridsensations.com\/es\/\",\"logo\":{\"@type\":\"ImageObject\",\"inLanguage\":\"es\",\"@id\":\"https:\/\/www.madridsensations.com\/es\/#\/schema\/logo\/image\/\",\"url\":\"https:\/\/www.madridsensations.com\/wp-content\/uploads\/2020\/04\/Logo-Madrid-Sensations.png\",\"contentUrl\":\"https:\/\/www.madridsensations.com\/wp-content\/uploads\/2020\/04\/Logo-Madrid-Sensations.png\",\"width\":3377,\"height\":3377,\"caption\":\"Madrid Sensations Tours\"},\"image\":{\"@id\":\"https:\/\/www.madridsensations.com\/es\/#\/schema\/logo\/image\/\"},\"sameAs\":[\"https:\/\/www.facebook.com\/madridsensations\/\",\"https:\/\/x.com\/MadridSnsations\",\"https:\/\/www.instagram.com\/madridsensations\/\",\"https:\/\/www.linkedin.com\/company\/2560011\/\",\"https:\/\/www.pinterest.es\/madridsensation\",\"https:\/\/www.youtube.com\/c\/Madridsensations\"]}]}<\/script>\n<!-- \/ Yoast SEO Premium plugin. -->","yoast_head_json":{"title":"Visita guiada en Segovia: Tour Privado desde Madrid ?","description":"Tour Privado en Segovia y transporte desde Madrid. Entrada incluida a monumentos como la Catedral G\u00f3tica y el Castillo Medieval.\u2714\ufe0f","robots":{"index":"index","follow":"follow","max-snippet":"max-snippet:-1","max-image-preview":"max-image-preview:large","max-video-preview":"max-video-preview:-1"},"canonical":"https:\/\/www.madridsensations.com\/es\/tour-privado-madrid\/segovia-desde-madrid-tour-privado\/","og_locale":"es_ES","og_type":"article","og_title":"Segovia: Tour Privado desde Madrid","og_description":"Tour Privado en Segovia y transporte desde Madrid. Entrada incluida a monumentos como la Catedral G\u00f3tica y el Castillo Medieval.\u2714\ufe0f","og_url":"https:\/\/www.madridsensations.com\/es\/tour-privado-madrid\/segovia-desde-madrid-tour-privado\/","og_site_name":"Madrid Sensations Tours","article_publisher":"https:\/\/www.facebook.com\/madridsensations\/","article_modified_time":"2025-09-19T09:49:32+00:00","og_image":[{"width":300,"height":200,"url":"https:\/\/www.madridsensations.com\/wp-content\/uploads\/2013\/06\/Segovia-from-Madrid-private-tour.jpg","type":"image\/jpeg"}],"twitter_misc":{"Tiempo de lectura":"5 minutos"},"schema":{"@context":"https:\/\/schema.org","@graph":[{"@type":"WebPage","@id":"https:\/\/www.madridsensations.com\/es\/tour-privado-madrid\/segovia-desde-madrid-tour-privado\/","url":"https:\/\/www.madridsensations.com\/es\/tour-privado-madrid\/segovia-desde-madrid-tour-privado\/","name":"Visita guiada en Segovia: Tour Privado desde Madrid ?","isPartOf":{"@id":"https:\/\/www.madridsensations.com\/es\/#website"},"primaryImageOfPage":{"@id":"https:\/\/www.madridsensations.com\/es\/tour-privado-madrid\/segovia-desde-madrid-tour-privado\/#primaryimage"},"image":{"@id":"https:\/\/www.madridsensations.com\/es\/tour-privado-madrid\/segovia-desde-madrid-tour-privado\/#primaryimage"},"thumbnailUrl":"https:\/\/madridsensations.com\/wp-content\/uploads\/2013\/06\/Segovia-from-Madrid-private-tour.jpg","datePublished":"2013-06-13T19:46:55+00:00","dateModified":"2025-09-19T09:49:32+00:00","description":"Tour Privado en Segovia y transporte desde Madrid. Entrada incluida a monumentos como la Catedral G\u00f3tica y el Castillo Medieval.\u2714\ufe0f","breadcrumb":{"@id":"https:\/\/www.madridsensations.com\/es\/tour-privado-madrid\/segovia-desde-madrid-tour-privado\/#breadcrumb"},"inLanguage":"es","potentialAction":[{"@type":"ReadAction","target":["https:\/\/www.madridsensations.com\/es\/tour-privado-madrid\/segovia-desde-madrid-tour-privado\/"]}]},{"@type":"ImageObject","inLanguage":"es","@id":"https:\/\/www.madridsensations.com\/es\/tour-privado-madrid\/segovia-desde-madrid-tour-privado\/#primaryimage","url":"https:\/\/madridsensations.com\/wp-content\/uploads\/2013\/06\/Segovia-from-Madrid-private-tour.jpg","contentUrl":"https:\/\/madridsensations.com\/wp-content\/uploads\/2013\/06\/Segovia-from-Madrid-private-tour.jpg","width":300,"height":200,"caption":"Segovia from Madrid private tour"},{"@type":"BreadcrumbList","@id":"https:\/\/www.madridsensations.com\/es\/tour-privado-madrid\/segovia-desde-madrid-tour-privado\/#breadcrumb","itemListElement":[{"@type":"ListItem","position":1,"name":"Home","item":"https:\/\/www.madridsensations.com\/es\/"},{"@type":"ListItem","position":2,"name":"Tours Privados en Madrid y Alrededores","item":"https:\/\/madridsensations.com\/es\/tour-privado-madrid\/"},{"@type":"ListItem","position":3,"name":"Segovia: Tour Privado desde Madrid"}]},{"@type":"WebSite","@id":"https:\/\/www.madridsensations.com\/es\/#website","url":"https:\/\/www.madridsensations.com\/es\/","name":"Madrid Sensations Tours","description":"Explore and Discover Madrid with a private tour!","publisher":{"@id":"https:\/\/www.madridsensations.com\/es\/#organization"},"potentialAction":[{"@type":"SearchAction","target":{"@type":"EntryPoint","urlTemplate":"https:\/\/www.madridsensations.com\/es\/?s={search_term_string}"},"query-input":{"@type":"PropertyValueSpecification","valueRequired":true,"valueName":"search_term_string"}}],"inLanguage":"es"},{"@type":"Organization","@id":"https:\/\/www.madridsensations.com\/es\/#organization","name":"Madrid Sensations Tours","url":"https:\/\/www.madridsensations.com\/es\/","logo":{"@type":"ImageObject","inLanguage":"es","@id":"https:\/\/www.madridsensations.com\/es\/#\/schema\/logo\/image\/","url":"https:\/\/www.madridsensations.com\/wp-content\/uploads\/2020\/04\/Logo-Madrid-Sensations.png","contentUrl":"https:\/\/www.madridsensations.com\/wp-content\/uploads\/2020\/04\/Logo-Madrid-Sensations.png","width":3377,"height":3377,"caption":"Madrid Sensations Tours"},"image":{"@id":"https:\/\/www.madridsensations.com\/es\/#\/schema\/logo\/image\/"},"sameAs":["https:\/\/www.facebook.com\/madridsensations\/","https:\/\/x.com\/MadridSnsations","https:\/\/www.instagram.com\/madridsensations\/","https:\/\/www.linkedin.com\/company\/2560011\/","https:\/\/www.pinterest.es\/madridsensation","https:\/\/www.youtube.com\/c\/Madridsensations"]}]}},"_links":{"self":[{"href":"https:\/\/madridsensations.com\/es\/wp-json\/wp\/v2\/pages\/2924","targetHints":{"allow":["GET"]}}],"collection":[{"href":"https:\/\/madridsensations.com\/es\/wp-json\/wp\/v2\/pages"}],"about":[{"href":"https:\/\/madridsensations.com\/es\/wp-json\/wp\/v2\/types\/page"}],"author":[{"embeddable":true,"href":"https:\/\/madridsensations.com\/es\/wp-json\/wp\/v2\/users\/5"}],"replies":[{"embeddable":true,"href":"https:\/\/madridsensations.com\/es\/wp-json\/wp\/v2\/comments?post=2924"}],"version-history":[{"count":3,"href":"https:\/\/madridsensations.com\/es\/wp-json\/wp\/v2\/pages\/2924\/revisions"}],"predecessor-version":[{"id":13981,"href":"https:\/\/madridsensations.com\/es\/wp-json\/wp\/v2\/pages\/2924\/revisions\/13981"}],"up":[{"embeddable":true,"href":"https:\/\/madridsensations.com\/es\/wp-json\/wp\/v2\/pages\/1025"}],"wp:featuredmedia":[{"embeddable":true,"href":"https:\/\/madridsensations.com\/es\/wp-json\/wp\/v2\/media\/3323"}],"wp:attachment":[{"href":"https:\/\/madridsensations.com\/es\/wp-json\/wp\/v2\/media?parent=2924"}],"curies":[{"name":"wp","href":"https:\/\/api.w.org\/{rel}","templated":true}]}}