{"id":2262,"date":"2013-03-21T13:26:48","date_gmt":"2013-03-21T12:26:48","guid":{"rendered":"http:\/\/www.madridsensations.com\/?page_id=2262"},"modified":"2025-09-19T11:25:13","modified_gmt":"2025-09-19T09:25:13","slug":"toledo-desde-madrid-tour-privado","status":"publish","type":"page","link":"https:\/\/madridsensations.com\/es\/tour-privado-madrid\/toledo-desde-madrid-tour-privado\/","title":{"rendered":"Toledo: Tour Privado desde Madrid"},"content":{"rendered":"<div class=\"wpb-content-wrapper\"><p>[vc_row][vc_column][vc_single_image image=\u00bb5353&#8243; img_size=\u00bbfull\u00bb][vc_column_text]Toledo se encuentra protegido por un meandro del r\u00edo Tajo, en un alto escarpado, que desde los inicios de la historia le ha protegido y convertido en un punto estrat\u00e9gico situado en el centro de Espa\u00f1a.<\/p>\n<p>La historia ha ido remodelando la ciudad y hoy podemos ver en sus edificios, el trascurrir de las \u00e9pocas de dominio Romano, Visigodo, \u00c1rabe y Cristiano.<\/p>\n<p>Murallas, callejones, Sinagogas, casas nobles, patios, claustros, ba\u00f1os \u00e1rabes, criptas, pasadizos, aljibes, yeser\u00edas, artesonados, arcos califales\u2026 Mil maravillas en una sola ciudad. Todo esto y mucho m\u00e1s en la ciudad de Toledo, Patrimonio de la Humanidad de la UNESCO.<\/p>\n<p>Si no quiere perderse ninguno de sus recovecos e interesantes historias, deje que se lo mostremos en un tour privado desde Madrid.<\/p>\n<p><strong>Monumentos que visitaremos durante la visita guiada:<\/strong><\/p>\n<ul>\n<li>Monasterio de San Juan de los Reyes<\/li>\n<li>Sinagoga de Santa Maria la Blanca<\/li>\n<li>Iglesia de Santo Tome y el cuadro de El Greco \u00abEntierro del Se\u00f1or de Orgaz\u00bb<\/li>\n<li>Iglesia del Salvador<\/li>\n<li>La Catedral de Toledo<\/li>\n<li>Campanario de la Iglesia de San Ildefonso<\/li>\n<li>Mezquita del Cristo de la Luz<\/li>\n<\/ul>\n<p>Tambi\u00e9n podemos preparar visitas tem\u00e1ticas, como El Toledo Jud\u00edo y su legado Sefard\u00ed.[\/vc_column_text][vc_column_text]<\/p>\n<h2>Contacte con nosotros para reservar su tour privado<\/h2>\n<div class=\"wpcf7 no-js\" id=\"wpcf7-f6536-o1\" lang=\"en-US\" dir=\"ltr\" data-wpcf7-id=\"6536\">\n<div class=\"screen-reader-response\"><p role=\"status\" aria-live=\"polite\" aria-atomic=\"true\"><\/p> <ul><\/ul><\/div>\n<form action=\"\/es\/wp-json\/wp\/v2\/pages\/2262#wpcf7-f6536-o1\" method=\"post\" class=\"wpcf7-form init wpcf7-acceptance-as-validation\" aria-label=\"Contact form\" novalidate=\"novalidate\" data-status=\"init\">\n<div style=\"display: none;\">\n<input type=\"hidden\" name=\"_wpcf7\" value=\"6536\" \/>\n<input type=\"hidden\" name=\"_wpcf7_version\" value=\"6.0.4\" \/>\n<input type=\"hidden\" name=\"_wpcf7_locale\" value=\"en_US\" \/>\n<input type=\"hidden\" name=\"_wpcf7_unit_tag\" value=\"wpcf7-f6536-o1\" \/>\n<input type=\"hidden\" name=\"_wpcf7_container_post\" value=\"0\" \/>\n<input type=\"hidden\" name=\"_wpcf7_posted_data_hash\" value=\"\" \/>\n<input type=\"hidden\" name=\"_wpcf7_recaptcha_response\" value=\"\" \/>\n<\/div>\n<div class=\"formulario\">\n\t<p><label><span class=\"labelform\">Nombre (requerido)<\/span><br \/>\n<span class=\"wpcf7-form-control-wrap\" data-name=\"your-name\"><input size=\"40\" maxlength=\"400\" class=\"wpcf7-form-control wpcf7-text wpcf7-validates-as-required\" aria-required=\"true\" aria-invalid=\"false\" value=\"\" type=\"text\" name=\"your-name\" \/><\/span> <\/label><span id=\"wpcf7-69d50491a2c85-wrapper\" class=\"wpcf7-form-control-wrap website-wrap\" style=\"display:none !important; visibility:hidden !important;\"><label for=\"wpcf7-69d50491a2c85-field\" class=\"hp-message\">Please leave this field empty.<\/label><input id=\"wpcf7-69d50491a2c85-field\"  class=\"wpcf7-form-control wpcf7-text\" type=\"text\" name=\"website\" value=\"\" size=\"40\" tabindex=\"-1\" autocomplete=\"new-password\" \/><\/span><br \/>\n<label><span class=\"labelform\">Email (requerido)<\/span><br \/>\n<span class=\"wpcf7-form-control-wrap\" data-name=\"your-email\"><input size=\"40\" maxlength=\"400\" class=\"wpcf7-form-control wpcf7-email wpcf7-validates-as-required wpcf7-text wpcf7-validates-as-email\" aria-required=\"true\" aria-invalid=\"false\" value=\"\" type=\"email\" name=\"your-email\" \/><\/span> <\/label><br \/>\n<label><span class=\"labelform\">Mensaje (requerido)<\/span><br \/>\n<span class=\"wpcf7-form-control-wrap\" data-name=\"your-message\"><textarea cols=\"40\" rows=\"10\" maxlength=\"2000\" class=\"wpcf7-form-control wpcf7-textarea wpcf7-validates-as-required\" aria-required=\"true\" aria-invalid=\"false\" name=\"your-message\"><\/textarea><\/span> <\/label>\n\t<\/p>\n\t<p class=\"textopeqRGPD\">Madrid Sensations Tours utilizar\u00e1 mis datos para resolver mi consulta y los guardar\u00e1 para mantener contacto comercial conmigo, elimin\u00e1ndolos bajo mi petici\u00f3n expresa de acuerdo a la ley vigente. En el documento <a href=\"https:\/\/madridsensations.com\/\/es\/aviso-legal-y-politica-de-privacidad\/\">Pol\u00edtica de Privacidad<\/a> se me indica c\u00f3mo puedo ejercer mis derechos.\n\t<\/p>\n<input class=\"wpcf7-form-control wpcf7-hidden\" value=\"Madrid Sensations Tours Contact Form (ES)\" type=\"hidden\" name=\"your-subject\" \/>\n\t<p><span class=\"wpcf7-form-control-wrap\" data-name=\"your-consent\"><span class=\"wpcf7-form-control wpcf7-acceptance\"><span class=\"wpcf7-list-item\"><label><input type=\"checkbox\" name=\"your-consent\" value=\"1\" aria-invalid=\"false\" \/><span class=\"wpcf7-list-item-label\">He le\u00eddo y acepto las condiciones de la Pol\u00edtica de Privacidad<\/span><\/label><\/span><\/span><\/span>\n\t<\/p>\n\t<p><input class=\"wpcf7-form-control wpcf7-submit has-spinner\" type=\"submit\" value=\"Enviar\" \/>\n\t<\/p>\n<\/div><div class=\"wpcf7-response-output\" aria-hidden=\"true\"><\/div>\n<\/form>\n<\/div>\n[\/vc_column_text][vc_column_text]<\/p>\n<h2>Informaci\u00f3n pr\u00e1ctica sobre este tour privado:<\/h2>\n<p>[\/vc_column_text][vc_tta_tour color=\u00bbsky\u00bb active_section=\u00bb1&#8243;][vc_tta_section i_icon_fontawesome=\u00bbfar fa-clock\u00bb add_icon=\u00bbtrue\u00bb title=\u00bbDuraci\u00f3n\u00bb tab_id=\u00bb1589538333971-8969764d-226d\u00bb][vc_column_text css=\u00bb\u00bb]<\/p>\n<p style=\"text-align: center;\"><span style=\"font-size: 28px; color: #54acd2;\"><strong>7 horas de excursi\u00f3n<\/strong><\/span><\/p>\n<p>Tiempo exacto total depende del tr\u00e1fico y duraci\u00f3n de la comida.<\/p>\n<ul>\n<li>1h de coche a Toledo desde su hotel.<\/li>\n<li><strong>3h30\u00a0 visita a pie en Toledo con gu\u00eda oficial de turismo.<\/strong><\/li>\n<li>1h30 de tiempo libre para comer o compras. La gu\u00eda le recomendar\u00e1 restaurantes si lo desean.<strong><\/strong><\/li>\n<li>1h regreso en coche al hotel.<\/li>\n<\/ul>\n<p>[\/vc_column_text][\/vc_tta_section][vc_tta_section i_icon_fontawesome=\u00bbfas fa-euro-sign\u00bb add_icon=\u00bbtrue\u00bb title=\u00bbTarifa\u00bb tab_id=\u00bb1589538334109-c215456c-c2a1&#8243;][vc_column_text css=\u00bb\u00bb]El precio total del grupo depende del n\u00famero de personas en el grupo:<\/p>\n<table>\n<thead>\n<tr>\n<th><\/th>\n<th style=\"text-align: left;\"><\/th>\n<\/tr>\n<\/thead>\n<tbody>\n<tr>\n<td>1 persona<\/td>\n<td>856 \u20ac<\/td>\n<\/tr>\n<tr>\n<td>2 personas<\/td>\n<td>882 \u20ac<\/td>\n<\/tr>\n<tr>\n<td>3 personas<\/td>\n<td>908 \u20ac<\/td>\n<\/tr>\n<tr>\n<td>4 personas<\/td>\n<td>934 \u20ac<\/td>\n<\/tr>\n<tr>\n<td>5 personas<\/td>\n<td>960 \u20ac<\/td>\n<\/tr>\n<tr>\n<td>6 personas<\/td>\n<td>986 \u20ac<\/td>\n<\/tr>\n<tr>\n<td><\/td>\n<td><\/td>\n<\/tr>\n<\/tbody>\n<\/table>\n<p>[\/vc_column_text][\/vc_tta_section][vc_tta_section i_icon_fontawesome=\u00bbfar fa-check-circle\u00bb add_icon=\u00bbtrue\u00bb title=\u00bbIncluido\u00bb tab_id=\u00bb1589538334176-2e77362f-526c\u00bb][vc_column_text css=\u00bb\u00bb]<\/p>\n<ul>\n<li>Gu\u00eda Oficial de Turismo<\/li>\n<li>Entradas a la Catedral de Toledo y Pulsera Tur\u00edstica que permite acceso a los otros monumentos descritos en en nuestro itinerario.<\/li>\n<li>Transporte en veh\u00edculo privado con conductor profesional.<\/li>\n<\/ul>\n<p>[\/vc_column_text][\/vc_tta_section][vc_tta_section i_icon_fontawesome=\u00bbfar fa-times-circle\u00bb add_icon=\u00bbtrue\u00bb title=\u00bbExcluido\u00bb tab_id=\u00bb1589538334244-6b02e2d9-d7cb\u00bb][vc_column_text css=\u00bb\u00bb]<\/p>\n<ul>\n<li>El gu\u00eda no va desde Madrid, se encontrar\u00e1n en Toledo. Ser\u00e1 el conductor el que les acompa\u00f1e hasta el punto de encuentro con el gu\u00eda.<\/li>\n<li>Comida y bebidas no incluidas. El gu\u00eda le dar\u00e1 recomendaciones para elegir un restaurante en Toledo.<\/li>\n<li>Entradas a otros monumentos no indicados previamente.<\/li>\n<\/ul>\n<p>[\/vc_column_text][\/vc_tta_section][vc_tta_section i_icon_fontawesome=\u00bbfas fa-map-marker-alt\u00bb add_icon=\u00bbtrue\u00bb title=\u00bbPunto de Encuentro\u00bb tab_id=\u00bb1589538334303-9afb34d5-3df6&#8243;][vc_column_text css=\u00bb\u00bb]En su hotel en Madrid[\/vc_column_text][\/vc_tta_section][\/vc_tta_tour][vc_masonry_media_grid grid_id=\u00bbvc_gid:1758273544433-44dc2fa7-e547-8&#8243; include=\u00bb5709,6105,5362,5358,5357,5363,5361&#8243;][\/vc_column][\/vc_row]<\/p>\n<\/div>","protected":false},"excerpt":{"rendered":"<p>[vc_row][vc_column][vc_single_image image=\u00bb5353&#8243; img_size=\u00bbfull\u00bb][vc_column_text]Toledo se encuentra protegido por un meandro del r\u00edo Tajo, en un alto escarpado, que desde los inicios de la historia le ha protegido y convertido en un punto estrat\u00e9gico situado en el centro de Espa\u00f1a. La historia ha ido remodelando la ciudad y hoy podemos ver en [&hellip;]<\/p>\n","protected":false},"author":5,"featured_media":3319,"parent":1025,"menu_order":0,"comment_status":"closed","ping_status":"closed","template":"","meta":{"_monsterinsights_skip_tracking":false,"_monsterinsights_sitenote_active":false,"_monsterinsights_sitenote_note":"","_monsterinsights_sitenote_category":0,"footnotes":""},"class_list":["post-2262","page","type-page","status-publish","has-post-thumbnail","hentry"],"yoast_head":"<!-- This site is optimized with the Yoast SEO Premium plugin v22.4 (Yoast SEO v26.8) - https:\/\/yoast.com\/product\/yoast-seo-premium-wordpress\/ -->\n<title>Excursi\u00f3n a Toledo desde Madrid - Tour Privado ?<\/title>\n<meta name=\"description\" content=\"Disfrute de Toledo con un tour privado y transporte desde Madrid. Nuestra visita guiada le llevar\u00e1 por la historia y los monumentos m\u00e1s impactantes. \u2714\ufe0f\" \/>\n<meta name=\"robots\" content=\"index, follow, max-snippet:-1, max-image-preview:large, max-video-preview:-1\" \/>\n<link rel=\"canonical\" href=\"https:\/\/www.madridsensations.com\/es\/tour-privado-madrid\/toledo-desde-madrid-tour-privado\/\" \/>\n<meta property=\"og:locale\" content=\"es_ES\" \/>\n<meta property=\"og:type\" content=\"article\" \/>\n<meta property=\"og:title\" content=\"Toledo: Tour Privado desde Madrid\" \/>\n<meta property=\"og:description\" content=\"Disfrute de Toledo con un tour privado y transporte desde Madrid. Nuestra visita guiada le llevar\u00e1 por la historia y los monumentos m\u00e1s impactantes. \u2714\ufe0f\" \/>\n<meta property=\"og:url\" content=\"https:\/\/www.madridsensations.com\/es\/tour-privado-madrid\/toledo-desde-madrid-tour-privado\/\" \/>\n<meta property=\"og:site_name\" content=\"Madrid Sensations Tours\" \/>\n<meta property=\"article:publisher\" content=\"https:\/\/www.facebook.com\/madridsensations\/\" \/>\n<meta property=\"article:modified_time\" content=\"2025-09-19T09:25:13+00:00\" \/>\n<meta property=\"og:image\" content=\"https:\/\/www.madridsensations.com\/wp-content\/uploads\/2013\/03\/Tour-Toledo-from-Madrid.jpg\" \/>\n\t<meta property=\"og:image:width\" content=\"300\" \/>\n\t<meta property=\"og:image:height\" content=\"200\" \/>\n\t<meta property=\"og:image:type\" content=\"image\/jpeg\" \/>\n<meta name=\"twitter:label1\" content=\"Tiempo de lectura\" \/>\n\t<meta name=\"twitter:data1\" content=\"4 minutos\" \/>\n<script type=\"application\/ld+json\" class=\"yoast-schema-graph\">{\"@context\":\"https:\/\/schema.org\",\"@graph\":[{\"@type\":\"WebPage\",\"@id\":\"https:\/\/www.madridsensations.com\/es\/tour-privado-madrid\/toledo-desde-madrid-tour-privado\/\",\"url\":\"https:\/\/www.madridsensations.com\/es\/tour-privado-madrid\/toledo-desde-madrid-tour-privado\/\",\"name\":\"Excursi\u00f3n a Toledo desde Madrid - Tour Privado ?\",\"isPartOf\":{\"@id\":\"https:\/\/www.madridsensations.com\/es\/#website\"},\"primaryImageOfPage\":{\"@id\":\"https:\/\/www.madridsensations.com\/es\/tour-privado-madrid\/toledo-desde-madrid-tour-privado\/#primaryimage\"},\"image\":{\"@id\":\"https:\/\/www.madridsensations.com\/es\/tour-privado-madrid\/toledo-desde-madrid-tour-privado\/#primaryimage\"},\"thumbnailUrl\":\"https:\/\/madridsensations.com\/wp-content\/uploads\/2013\/03\/Tour-Toledo-from-Madrid.jpg\",\"datePublished\":\"2013-03-21T12:26:48+00:00\",\"dateModified\":\"2025-09-19T09:25:13+00:00\",\"description\":\"Disfrute de Toledo con un tour privado y transporte desde Madrid. Nuestra visita guiada le llevar\u00e1 por la historia y los monumentos m\u00e1s impactantes. \u2714\ufe0f\",\"breadcrumb\":{\"@id\":\"https:\/\/www.madridsensations.com\/es\/tour-privado-madrid\/toledo-desde-madrid-tour-privado\/#breadcrumb\"},\"inLanguage\":\"es\",\"potentialAction\":[{\"@type\":\"ReadAction\",\"target\":[\"https:\/\/www.madridsensations.com\/es\/tour-privado-madrid\/toledo-desde-madrid-tour-privado\/\"]}]},{\"@type\":\"ImageObject\",\"inLanguage\":\"es\",\"@id\":\"https:\/\/www.madridsensations.com\/es\/tour-privado-madrid\/toledo-desde-madrid-tour-privado\/#primaryimage\",\"url\":\"https:\/\/madridsensations.com\/wp-content\/uploads\/2013\/03\/Tour-Toledo-from-Madrid.jpg\",\"contentUrl\":\"https:\/\/madridsensations.com\/wp-content\/uploads\/2013\/03\/Tour-Toledo-from-Madrid.jpg\",\"width\":300,\"height\":200,\"caption\":\"Tour Toledo from Madrid\"},{\"@type\":\"BreadcrumbList\",\"@id\":\"https:\/\/www.madridsensations.com\/es\/tour-privado-madrid\/toledo-desde-madrid-tour-privado\/#breadcrumb\",\"itemListElement\":[{\"@type\":\"ListItem\",\"position\":1,\"name\":\"Home\",\"item\":\"https:\/\/www.madridsensations.com\/es\/\"},{\"@type\":\"ListItem\",\"position\":2,\"name\":\"Tours Privados en Madrid y Alrededores\",\"item\":\"https:\/\/madridsensations.com\/es\/tour-privado-madrid\/\"},{\"@type\":\"ListItem\",\"position\":3,\"name\":\"Toledo: Tour Privado desde Madrid\"}]},{\"@type\":\"WebSite\",\"@id\":\"https:\/\/www.madridsensations.com\/es\/#website\",\"url\":\"https:\/\/www.madridsensations.com\/es\/\",\"name\":\"Madrid Sensations Tours\",\"description\":\"Explore and Discover Madrid with a private tour!\",\"publisher\":{\"@id\":\"https:\/\/www.madridsensations.com\/es\/#organization\"},\"potentialAction\":[{\"@type\":\"SearchAction\",\"target\":{\"@type\":\"EntryPoint\",\"urlTemplate\":\"https:\/\/www.madridsensations.com\/es\/?s={search_term_string}\"},\"query-input\":{\"@type\":\"PropertyValueSpecification\",\"valueRequired\":true,\"valueName\":\"search_term_string\"}}],\"inLanguage\":\"es\"},{\"@type\":\"Organization\",\"@id\":\"https:\/\/www.madridsensations.com\/es\/#organization\",\"name\":\"Madrid Sensations Tours\",\"url\":\"https:\/\/www.madridsensations.com\/es\/\",\"logo\":{\"@type\":\"ImageObject\",\"inLanguage\":\"es\",\"@id\":\"https:\/\/www.madridsensations.com\/es\/#\/schema\/logo\/image\/\",\"url\":\"https:\/\/www.madridsensations.com\/wp-content\/uploads\/2020\/04\/Logo-Madrid-Sensations.png\",\"contentUrl\":\"https:\/\/www.madridsensations.com\/wp-content\/uploads\/2020\/04\/Logo-Madrid-Sensations.png\",\"width\":3377,\"height\":3377,\"caption\":\"Madrid Sensations Tours\"},\"image\":{\"@id\":\"https:\/\/www.madridsensations.com\/es\/#\/schema\/logo\/image\/\"},\"sameAs\":[\"https:\/\/www.facebook.com\/madridsensations\/\",\"https:\/\/x.com\/MadridSnsations\",\"https:\/\/www.instagram.com\/madridsensations\/\",\"https:\/\/www.linkedin.com\/company\/2560011\/\",\"https:\/\/www.pinterest.es\/madridsensation\",\"https:\/\/www.youtube.com\/c\/Madridsensations\"]}]}<\/script>\n<!-- \/ Yoast SEO Premium plugin. -->","yoast_head_json":{"title":"Excursi\u00f3n a Toledo desde Madrid - Tour Privado ?","description":"Disfrute de Toledo con un tour privado y transporte desde Madrid. Nuestra visita guiada le llevar\u00e1 por la historia y los monumentos m\u00e1s impactantes. \u2714\ufe0f","robots":{"index":"index","follow":"follow","max-snippet":"max-snippet:-1","max-image-preview":"max-image-preview:large","max-video-preview":"max-video-preview:-1"},"canonical":"https:\/\/www.madridsensations.com\/es\/tour-privado-madrid\/toledo-desde-madrid-tour-privado\/","og_locale":"es_ES","og_type":"article","og_title":"Toledo: Tour Privado desde Madrid","og_description":"Disfrute de Toledo con un tour privado y transporte desde Madrid. Nuestra visita guiada le llevar\u00e1 por la historia y los monumentos m\u00e1s impactantes. \u2714\ufe0f","og_url":"https:\/\/www.madridsensations.com\/es\/tour-privado-madrid\/toledo-desde-madrid-tour-privado\/","og_site_name":"Madrid Sensations Tours","article_publisher":"https:\/\/www.facebook.com\/madridsensations\/","article_modified_time":"2025-09-19T09:25:13+00:00","og_image":[{"width":300,"height":200,"url":"https:\/\/www.madridsensations.com\/wp-content\/uploads\/2013\/03\/Tour-Toledo-from-Madrid.jpg","type":"image\/jpeg"}],"twitter_misc":{"Tiempo de lectura":"4 minutos"},"schema":{"@context":"https:\/\/schema.org","@graph":[{"@type":"WebPage","@id":"https:\/\/www.madridsensations.com\/es\/tour-privado-madrid\/toledo-desde-madrid-tour-privado\/","url":"https:\/\/www.madridsensations.com\/es\/tour-privado-madrid\/toledo-desde-madrid-tour-privado\/","name":"Excursi\u00f3n a Toledo desde Madrid - Tour Privado ?","isPartOf":{"@id":"https:\/\/www.madridsensations.com\/es\/#website"},"primaryImageOfPage":{"@id":"https:\/\/www.madridsensations.com\/es\/tour-privado-madrid\/toledo-desde-madrid-tour-privado\/#primaryimage"},"image":{"@id":"https:\/\/www.madridsensations.com\/es\/tour-privado-madrid\/toledo-desde-madrid-tour-privado\/#primaryimage"},"thumbnailUrl":"https:\/\/madridsensations.com\/wp-content\/uploads\/2013\/03\/Tour-Toledo-from-Madrid.jpg","datePublished":"2013-03-21T12:26:48+00:00","dateModified":"2025-09-19T09:25:13+00:00","description":"Disfrute de Toledo con un tour privado y transporte desde Madrid. Nuestra visita guiada le llevar\u00e1 por la historia y los monumentos m\u00e1s impactantes. \u2714\ufe0f","breadcrumb":{"@id":"https:\/\/www.madridsensations.com\/es\/tour-privado-madrid\/toledo-desde-madrid-tour-privado\/#breadcrumb"},"inLanguage":"es","potentialAction":[{"@type":"ReadAction","target":["https:\/\/www.madridsensations.com\/es\/tour-privado-madrid\/toledo-desde-madrid-tour-privado\/"]}]},{"@type":"ImageObject","inLanguage":"es","@id":"https:\/\/www.madridsensations.com\/es\/tour-privado-madrid\/toledo-desde-madrid-tour-privado\/#primaryimage","url":"https:\/\/madridsensations.com\/wp-content\/uploads\/2013\/03\/Tour-Toledo-from-Madrid.jpg","contentUrl":"https:\/\/madridsensations.com\/wp-content\/uploads\/2013\/03\/Tour-Toledo-from-Madrid.jpg","width":300,"height":200,"caption":"Tour Toledo from Madrid"},{"@type":"BreadcrumbList","@id":"https:\/\/www.madridsensations.com\/es\/tour-privado-madrid\/toledo-desde-madrid-tour-privado\/#breadcrumb","itemListElement":[{"@type":"ListItem","position":1,"name":"Home","item":"https:\/\/www.madridsensations.com\/es\/"},{"@type":"ListItem","position":2,"name":"Tours Privados en Madrid y Alrededores","item":"https:\/\/madridsensations.com\/es\/tour-privado-madrid\/"},{"@type":"ListItem","position":3,"name":"Toledo: Tour Privado desde Madrid"}]},{"@type":"WebSite","@id":"https:\/\/www.madridsensations.com\/es\/#website","url":"https:\/\/www.madridsensations.com\/es\/","name":"Madrid Sensations Tours","description":"Explore and Discover Madrid with a private tour!","publisher":{"@id":"https:\/\/www.madridsensations.com\/es\/#organization"},"potentialAction":[{"@type":"SearchAction","target":{"@type":"EntryPoint","urlTemplate":"https:\/\/www.madridsensations.com\/es\/?s={search_term_string}"},"query-input":{"@type":"PropertyValueSpecification","valueRequired":true,"valueName":"search_term_string"}}],"inLanguage":"es"},{"@type":"Organization","@id":"https:\/\/www.madridsensations.com\/es\/#organization","name":"Madrid Sensations Tours","url":"https:\/\/www.madridsensations.com\/es\/","logo":{"@type":"ImageObject","inLanguage":"es","@id":"https:\/\/www.madridsensations.com\/es\/#\/schema\/logo\/image\/","url":"https:\/\/www.madridsensations.com\/wp-content\/uploads\/2020\/04\/Logo-Madrid-Sensations.png","contentUrl":"https:\/\/www.madridsensations.com\/wp-content\/uploads\/2020\/04\/Logo-Madrid-Sensations.png","width":3377,"height":3377,"caption":"Madrid Sensations Tours"},"image":{"@id":"https:\/\/www.madridsensations.com\/es\/#\/schema\/logo\/image\/"},"sameAs":["https:\/\/www.facebook.com\/madridsensations\/","https:\/\/x.com\/MadridSnsations","https:\/\/www.instagram.com\/madridsensations\/","https:\/\/www.linkedin.com\/company\/2560011\/","https:\/\/www.pinterest.es\/madridsensation","https:\/\/www.youtube.com\/c\/Madridsensations"]}]}},"_links":{"self":[{"href":"https:\/\/madridsensations.com\/es\/wp-json\/wp\/v2\/pages\/2262","targetHints":{"allow":["GET"]}}],"collection":[{"href":"https:\/\/madridsensations.com\/es\/wp-json\/wp\/v2\/pages"}],"about":[{"href":"https:\/\/madridsensations.com\/es\/wp-json\/wp\/v2\/types\/page"}],"author":[{"embeddable":true,"href":"https:\/\/madridsensations.com\/es\/wp-json\/wp\/v2\/users\/5"}],"replies":[{"embeddable":true,"href":"https:\/\/madridsensations.com\/es\/wp-json\/wp\/v2\/comments?post=2262"}],"version-history":[{"count":5,"href":"https:\/\/madridsensations.com\/es\/wp-json\/wp\/v2\/pages\/2262\/revisions"}],"predecessor-version":[{"id":13978,"href":"https:\/\/madridsensations.com\/es\/wp-json\/wp\/v2\/pages\/2262\/revisions\/13978"}],"up":[{"embeddable":true,"href":"https:\/\/madridsensations.com\/es\/wp-json\/wp\/v2\/pages\/1025"}],"wp:featuredmedia":[{"embeddable":true,"href":"https:\/\/madridsensations.com\/es\/wp-json\/wp\/v2\/media\/3319"}],"wp:attachment":[{"href":"https:\/\/madridsensations.com\/es\/wp-json\/wp\/v2\/media?parent=2262"}],"curies":[{"name":"wp","href":"https:\/\/api.w.org\/{rel}","templated":true}]}}