{"id":1242,"date":"2012-10-22T15:52:19","date_gmt":"2012-10-22T13:52:19","guid":{"rendered":"http:\/\/www.madridsensations.com\/?page_id=1242"},"modified":"2025-09-19T12:06:23","modified_gmt":"2025-09-19T10:06:23","slug":"alcala-de-henares","status":"publish","type":"page","link":"https:\/\/madridsensations.com\/es\/tour-privado-madrid\/alcala-de-henares\/","title":{"rendered":"Alcal\u00e1 de Henares"},"content":{"rendered":"<div class=\"wpb-content-wrapper\"><p>[vc_row][vc_column][vc_column_text css=\u00bb\u00bb]<img loading=\"lazy\" decoding=\"async\" class=\"aligncenter size-full wp-image-2541\" src=\"https:\/\/madridsensations.com\/wp-content\/uploads\/2013\/04\/Tour-Alcala-de-Henares-Plaza-Cervantes-2.jpg\" alt=\"Plaza de Cervantes en Alcal\u00e1 de Henares\" width=\"800\" height=\"417\" srcset=\"https:\/\/madridsensations.com\/wp-content\/uploads\/2013\/04\/Tour-Alcala-de-Henares-Plaza-Cervantes-2.jpg 800w, https:\/\/madridsensations.com\/wp-content\/uploads\/2013\/04\/Tour-Alcala-de-Henares-Plaza-Cervantes-2-300x156.jpg 300w, https:\/\/madridsensations.com\/wp-content\/uploads\/2013\/04\/Tour-Alcala-de-Henares-Plaza-Cervantes-2-768x400.jpg 768w\" sizes=\"auto, (max-width: 800px) 100vw, 800px\" \/><\/p>\n<p>Romanos, Visigodos, Musulmanes, El Siglo de Oro\u2026 Alcal\u00e1 de Henares rebosa historia. Visita hoy esta vibrante ciudad universitaria, hogar de Cervantes.<\/p>\n<p>Nosotros ofrecemos dos opciones, una con el punto de encuentro all\u00ed, para los que quieran ir en transporte p\u00fablico y otra opci\u00f3n con recogida en el hotel en veh\u00edculo privado.<\/p>\n<h2>Itinerario en Alcal\u00e1<\/h2>\n<p>Durante el tour privado visitaremos esta ciudad Patrimonio de la Humanidad de la Unesco, incluyendo su imponente universidad del siglo XVI y su Catedral Magistral.<\/p>\n<p>Su Plaza Mayor est\u00e1 dedicada a Cervantes y es de las m\u00e1s pintorescas de Espa\u00f1a. Adem\u00e1s de esta plaza nace la Calle Mayor, soportalada completamente, empedrada, peatonal y siempre a rebosar de vida gracias a sus muchos bares de tapas y a sus famosas pasteler\u00edas.<\/p>\n<p>Tambi\u00e9n podremos ver las murallas medievales, el antiguo barrio de la juder\u00eda y la Casa Natal de Cervantes.<\/p>\n<p>Adem\u00e1s una parada en las ruinas romanas de Hippolytus, a las afueras de la ciudad.<em><a title=\"Alcal\u00e1 de Henares\" href=\"https:\/\/madridsensations.com\/es\/que-ver-en-alcala-de-henares\/\"><\/a><\/em><\/p>\n<ul><\/ul>\n<ul>\n<li>Punto de encuentro en su hotel<\/li>\n<li>Visita guiada a pie con gu\u00eda oficial de turismo: 3 horas.<\/li>\n<li>Regreso a Madrid<\/li>\n<\/ul>\n<p>Tarifas:<\/p>\n<ul>\n<li>1 persona 645\u20ac<\/li>\n<li>2 personas 655\u20ac<\/li>\n<li>3 personas 665\u20ac<\/li>\n<li>4 personas 675\u20ac<\/li>\n<li>5 personas 685\u20ac<\/li>\n<li>6 personas 695\u20ac<\/li>\n<\/ul>\n<p>[\/vc_column_text][\/vc_column][\/vc_row][vc_row][vc_column][vc_column_text]<\/p>\n<h2>\u00a1Consulte a nuestros gu\u00edas de Madrid y haga su reserva!<\/h2>\n<p>[\/vc_column_text][vc_btn title=\u00bbContacto\u00bb color=\u00bbpeacoc\u00bb size=\u00bblg\u00bb align=\u00bbcenter\u00bb i_icon_fontawesome=\u00bbfar fa-envelope\u00bb add_icon=\u00bbtrue\u00bb link=\u00bburl:http%3A%2F%2Fwww.madridsensations.com%2Fes%2Fcontacto%2F|title:Contacto||\u00bb][\/vc_column][\/vc_row]<\/p>\n<\/div>","protected":false},"excerpt":{"rendered":"<p>[vc_row][vc_column][vc_column_text css=\u00bb\u00bb] Romanos, Visigodos, Musulmanes, El Siglo de Oro\u2026 Alcal\u00e1 de Henares rebosa historia. Visita hoy esta vibrante ciudad universitaria, hogar de Cervantes. Nosotros ofrecemos dos opciones, una con el punto de encuentro all\u00ed, para los que quieran ir en transporte p\u00fablico y otra opci\u00f3n con recogida en el hotel [&hellip;]<\/p>\n","protected":false},"author":5,"featured_media":0,"parent":1025,"menu_order":0,"comment_status":"closed","ping_status":"closed","template":"","meta":{"_monsterinsights_skip_tracking":false,"_monsterinsights_sitenote_active":false,"_monsterinsights_sitenote_note":"","_monsterinsights_sitenote_category":0,"footnotes":""},"class_list":["post-1242","page","type-page","status-publish","hentry"],"yoast_head":"<!-- This site is optimized with the Yoast SEO Premium plugin v22.4 (Yoast SEO v26.8) - https:\/\/yoast.com\/product\/yoast-seo-premium-wordpress\/ -->\n<title>Alcal\u00e1 de Henares<\/title>\n<meta name=\"description\" content=\"Romanos, Visigodos, Musulmanes, El Siglo de Oro\u2026 Alcala de Henares revosa historia. Visita hoy esta vivrante ciudad universitaria, hogar de Cervantes. Excursi\u00f3n desde Madrid.\" \/>\n<meta name=\"robots\" content=\"index, follow, max-snippet:-1, max-image-preview:large, max-video-preview:-1\" \/>\n<link rel=\"canonical\" href=\"https:\/\/madridsensations.com\/es\/tour-privado-madrid\/alcala-de-henares\/\" \/>\n<meta property=\"og:locale\" content=\"es_ES\" \/>\n<meta property=\"og:type\" content=\"article\" \/>\n<meta property=\"og:title\" content=\"Alcal\u00e1 de Henares\" \/>\n<meta property=\"og:description\" content=\"Romanos, Visigodos, Musulmanes, El Siglo de Oro\u2026 Alcala de Henares revosa historia. Visita hoy esta vivrante ciudad universitaria, hogar de Cervantes. Excursi\u00f3n desde Madrid.\" \/>\n<meta property=\"og:url\" content=\"https:\/\/madridsensations.com\/es\/tour-privado-madrid\/alcala-de-henares\/\" \/>\n<meta property=\"og:site_name\" content=\"Madrid Sensations Tours\" \/>\n<meta property=\"article:publisher\" content=\"https:\/\/www.facebook.com\/madridsensations\/\" \/>\n<meta property=\"article:modified_time\" content=\"2025-09-19T10:06:23+00:00\" \/>\n<meta property=\"og:image\" content=\"https:\/\/madridsensations.com\/wp-content\/uploads\/2013\/04\/Tour-Alcala-de-Henares-Plaza-Cervantes-2.jpg\" \/>\n<meta name=\"twitter:label1\" content=\"Tiempo de lectura\" \/>\n\t<meta name=\"twitter:data1\" content=\"2 minutos\" \/>\n<script type=\"application\/ld+json\" class=\"yoast-schema-graph\">{\"@context\":\"https:\/\/schema.org\",\"@graph\":[{\"@type\":\"WebPage\",\"@id\":\"https:\/\/madridsensations.com\/es\/tour-privado-madrid\/alcala-de-henares\/\",\"url\":\"https:\/\/madridsensations.com\/es\/tour-privado-madrid\/alcala-de-henares\/\",\"name\":\"Alcal\u00e1 de Henares\",\"isPartOf\":{\"@id\":\"https:\/\/madridsensations.com\/#website\"},\"primaryImageOfPage\":{\"@id\":\"https:\/\/madridsensations.com\/es\/tour-privado-madrid\/alcala-de-henares\/#primaryimage\"},\"image\":{\"@id\":\"https:\/\/madridsensations.com\/es\/tour-privado-madrid\/alcala-de-henares\/#primaryimage\"},\"thumbnailUrl\":\"https:\/\/madridsensations.com\/wp-content\/uploads\/2013\/04\/Tour-Alcala-de-Henares-Plaza-Cervantes-2.jpg\",\"datePublished\":\"2012-10-22T13:52:19+00:00\",\"dateModified\":\"2025-09-19T10:06:23+00:00\",\"description\":\"Romanos, Visigodos, Musulmanes, El Siglo de Oro\u2026 Alcala de Henares revosa historia. Visita hoy esta vivrante ciudad universitaria, hogar de Cervantes. Excursi\u00f3n desde Madrid.\",\"breadcrumb\":{\"@id\":\"https:\/\/madridsensations.com\/es\/tour-privado-madrid\/alcala-de-henares\/#breadcrumb\"},\"inLanguage\":\"es\",\"potentialAction\":[{\"@type\":\"ReadAction\",\"target\":[\"https:\/\/madridsensations.com\/es\/tour-privado-madrid\/alcala-de-henares\/\"]}]},{\"@type\":\"ImageObject\",\"inLanguage\":\"es\",\"@id\":\"https:\/\/madridsensations.com\/es\/tour-privado-madrid\/alcala-de-henares\/#primaryimage\",\"url\":\"https:\/\/madridsensations.com\/wp-content\/uploads\/2013\/04\/Tour-Alcala-de-Henares-Plaza-Cervantes-2.jpg\",\"contentUrl\":\"https:\/\/madridsensations.com\/wp-content\/uploads\/2013\/04\/Tour-Alcala-de-Henares-Plaza-Cervantes-2.jpg\"},{\"@type\":\"BreadcrumbList\",\"@id\":\"https:\/\/madridsensations.com\/es\/tour-privado-madrid\/alcala-de-henares\/#breadcrumb\",\"itemListElement\":[{\"@type\":\"ListItem\",\"position\":1,\"name\":\"Home\",\"item\":\"https:\/\/www.madridsensations.com\/es\/\"},{\"@type\":\"ListItem\",\"position\":2,\"name\":\"Tours Privados en Madrid y Alrededores\",\"item\":\"https:\/\/www.madridsensations.com\/es\/tour-privado-madrid\/\"},{\"@type\":\"ListItem\",\"position\":3,\"name\":\"Alcal\u00e1 de Henares\"}]},{\"@type\":\"WebSite\",\"@id\":\"https:\/\/madridsensations.com\/#website\",\"url\":\"https:\/\/madridsensations.com\/\",\"name\":\"Madrid Sensations Tours\",\"description\":\"Explore and Discover Madrid with a private tour!\",\"publisher\":{\"@id\":\"https:\/\/madridsensations.com\/#organization\"},\"potentialAction\":[{\"@type\":\"SearchAction\",\"target\":{\"@type\":\"EntryPoint\",\"urlTemplate\":\"https:\/\/madridsensations.com\/?s={search_term_string}\"},\"query-input\":{\"@type\":\"PropertyValueSpecification\",\"valueRequired\":true,\"valueName\":\"search_term_string\"}}],\"inLanguage\":\"es\"},{\"@type\":\"Organization\",\"@id\":\"https:\/\/madridsensations.com\/#organization\",\"name\":\"Madrid Sensations Tours\",\"url\":\"https:\/\/madridsensations.com\/\",\"logo\":{\"@type\":\"ImageObject\",\"inLanguage\":\"es\",\"@id\":\"https:\/\/madridsensations.com\/#\/schema\/logo\/image\/\",\"url\":\"https:\/\/www.madridsensations.com\/wp-content\/uploads\/2020\/04\/Logo-Madrid-Sensations.png\",\"contentUrl\":\"https:\/\/www.madridsensations.com\/wp-content\/uploads\/2020\/04\/Logo-Madrid-Sensations.png\",\"width\":3377,\"height\":3377,\"caption\":\"Madrid Sensations Tours\"},\"image\":{\"@id\":\"https:\/\/madridsensations.com\/#\/schema\/logo\/image\/\"},\"sameAs\":[\"https:\/\/www.facebook.com\/madridsensations\/\",\"https:\/\/x.com\/MadridSnsations\",\"https:\/\/www.instagram.com\/madridsensations\/\",\"https:\/\/www.linkedin.com\/company\/2560011\/\",\"https:\/\/www.pinterest.es\/madridsensation\",\"https:\/\/www.youtube.com\/c\/Madridsensations\"]}]}<\/script>\n<!-- \/ Yoast SEO Premium plugin. -->","yoast_head_json":{"title":"Alcal\u00e1 de Henares","description":"Romanos, Visigodos, Musulmanes, El Siglo de Oro\u2026 Alcala de Henares revosa historia. Visita hoy esta vivrante ciudad universitaria, hogar de Cervantes. Excursi\u00f3n desde Madrid.","robots":{"index":"index","follow":"follow","max-snippet":"max-snippet:-1","max-image-preview":"max-image-preview:large","max-video-preview":"max-video-preview:-1"},"canonical":"https:\/\/madridsensations.com\/es\/tour-privado-madrid\/alcala-de-henares\/","og_locale":"es_ES","og_type":"article","og_title":"Alcal\u00e1 de Henares","og_description":"Romanos, Visigodos, Musulmanes, El Siglo de Oro\u2026 Alcala de Henares revosa historia. Visita hoy esta vivrante ciudad universitaria, hogar de Cervantes. Excursi\u00f3n desde Madrid.","og_url":"https:\/\/madridsensations.com\/es\/tour-privado-madrid\/alcala-de-henares\/","og_site_name":"Madrid Sensations Tours","article_publisher":"https:\/\/www.facebook.com\/madridsensations\/","article_modified_time":"2025-09-19T10:06:23+00:00","og_image":[{"url":"https:\/\/madridsensations.com\/wp-content\/uploads\/2013\/04\/Tour-Alcala-de-Henares-Plaza-Cervantes-2.jpg","type":"","width":"","height":""}],"twitter_misc":{"Tiempo de lectura":"2 minutos"},"schema":{"@context":"https:\/\/schema.org","@graph":[{"@type":"WebPage","@id":"https:\/\/madridsensations.com\/es\/tour-privado-madrid\/alcala-de-henares\/","url":"https:\/\/madridsensations.com\/es\/tour-privado-madrid\/alcala-de-henares\/","name":"Alcal\u00e1 de Henares","isPartOf":{"@id":"https:\/\/madridsensations.com\/#website"},"primaryImageOfPage":{"@id":"https:\/\/madridsensations.com\/es\/tour-privado-madrid\/alcala-de-henares\/#primaryimage"},"image":{"@id":"https:\/\/madridsensations.com\/es\/tour-privado-madrid\/alcala-de-henares\/#primaryimage"},"thumbnailUrl":"https:\/\/madridsensations.com\/wp-content\/uploads\/2013\/04\/Tour-Alcala-de-Henares-Plaza-Cervantes-2.jpg","datePublished":"2012-10-22T13:52:19+00:00","dateModified":"2025-09-19T10:06:23+00:00","description":"Romanos, Visigodos, Musulmanes, El Siglo de Oro\u2026 Alcala de Henares revosa historia. Visita hoy esta vivrante ciudad universitaria, hogar de Cervantes. Excursi\u00f3n desde Madrid.","breadcrumb":{"@id":"https:\/\/madridsensations.com\/es\/tour-privado-madrid\/alcala-de-henares\/#breadcrumb"},"inLanguage":"es","potentialAction":[{"@type":"ReadAction","target":["https:\/\/madridsensations.com\/es\/tour-privado-madrid\/alcala-de-henares\/"]}]},{"@type":"ImageObject","inLanguage":"es","@id":"https:\/\/madridsensations.com\/es\/tour-privado-madrid\/alcala-de-henares\/#primaryimage","url":"https:\/\/madridsensations.com\/wp-content\/uploads\/2013\/04\/Tour-Alcala-de-Henares-Plaza-Cervantes-2.jpg","contentUrl":"https:\/\/madridsensations.com\/wp-content\/uploads\/2013\/04\/Tour-Alcala-de-Henares-Plaza-Cervantes-2.jpg"},{"@type":"BreadcrumbList","@id":"https:\/\/madridsensations.com\/es\/tour-privado-madrid\/alcala-de-henares\/#breadcrumb","itemListElement":[{"@type":"ListItem","position":1,"name":"Home","item":"https:\/\/www.madridsensations.com\/es\/"},{"@type":"ListItem","position":2,"name":"Tours Privados en Madrid y Alrededores","item":"https:\/\/www.madridsensations.com\/es\/tour-privado-madrid\/"},{"@type":"ListItem","position":3,"name":"Alcal\u00e1 de Henares"}]},{"@type":"WebSite","@id":"https:\/\/madridsensations.com\/#website","url":"https:\/\/madridsensations.com\/","name":"Madrid Sensations Tours","description":"Explore and Discover Madrid with a private tour!","publisher":{"@id":"https:\/\/madridsensations.com\/#organization"},"potentialAction":[{"@type":"SearchAction","target":{"@type":"EntryPoint","urlTemplate":"https:\/\/madridsensations.com\/?s={search_term_string}"},"query-input":{"@type":"PropertyValueSpecification","valueRequired":true,"valueName":"search_term_string"}}],"inLanguage":"es"},{"@type":"Organization","@id":"https:\/\/madridsensations.com\/#organization","name":"Madrid Sensations Tours","url":"https:\/\/madridsensations.com\/","logo":{"@type":"ImageObject","inLanguage":"es","@id":"https:\/\/madridsensations.com\/#\/schema\/logo\/image\/","url":"https:\/\/www.madridsensations.com\/wp-content\/uploads\/2020\/04\/Logo-Madrid-Sensations.png","contentUrl":"https:\/\/www.madridsensations.com\/wp-content\/uploads\/2020\/04\/Logo-Madrid-Sensations.png","width":3377,"height":3377,"caption":"Madrid Sensations Tours"},"image":{"@id":"https:\/\/madridsensations.com\/#\/schema\/logo\/image\/"},"sameAs":["https:\/\/www.facebook.com\/madridsensations\/","https:\/\/x.com\/MadridSnsations","https:\/\/www.instagram.com\/madridsensations\/","https:\/\/www.linkedin.com\/company\/2560011\/","https:\/\/www.pinterest.es\/madridsensation","https:\/\/www.youtube.com\/c\/Madridsensations"]}]}},"_links":{"self":[{"href":"https:\/\/madridsensations.com\/es\/wp-json\/wp\/v2\/pages\/1242","targetHints":{"allow":["GET"]}}],"collection":[{"href":"https:\/\/madridsensations.com\/es\/wp-json\/wp\/v2\/pages"}],"about":[{"href":"https:\/\/madridsensations.com\/es\/wp-json\/wp\/v2\/types\/page"}],"author":[{"embeddable":true,"href":"https:\/\/madridsensations.com\/es\/wp-json\/wp\/v2\/users\/5"}],"replies":[{"embeddable":true,"href":"https:\/\/madridsensations.com\/es\/wp-json\/wp\/v2\/comments?post=1242"}],"version-history":[{"count":2,"href":"https:\/\/madridsensations.com\/es\/wp-json\/wp\/v2\/pages\/1242\/revisions"}],"predecessor-version":[{"id":13987,"href":"https:\/\/madridsensations.com\/es\/wp-json\/wp\/v2\/pages\/1242\/revisions\/13987"}],"up":[{"embeddable":true,"href":"https:\/\/madridsensations.com\/es\/wp-json\/wp\/v2\/pages\/1025"}],"wp:attachment":[{"href":"https:\/\/madridsensations.com\/es\/wp-json\/wp\/v2\/media?parent=1242"}],"curies":[{"name":"wp","href":"https:\/\/api.w.org\/{rel}","templated":true}]}}