{"id":1027,"date":"2012-04-12T13:28:23","date_gmt":"2012-04-12T12:28:23","guid":{"rendered":"http:\/\/www.madridsensations.com\/?page_id=1027"},"modified":"2022-01-12T17:52:50","modified_gmt":"2022-01-12T16:52:50","slug":"sobre-nosotros","status":"publish","type":"page","link":"https:\/\/madridsensations.com\/es\/sobre-nosotros\/","title":{"rendered":"Sobre Nosotros"},"content":{"rendered":"<div class=\"wpb-content-wrapper\"><p>[vc_row][vc_column][vc_column_text]\u00a1Hola!<\/p>\n<p><em>Madrid Sensations<\/em> es un peque\u00f1o negocio con un gran cuidado personal. Una idea que surgi\u00f3 en 2008 y r\u00e1pidamente se convirti\u00f3 en un \u00e9xito gracias a las recomendaciones de nuestros clientes.<\/p>\n<p>Somos dos gu\u00edas de turismo, muy amigas. Y un conductor maravilloso que nos alegra los viajes.<\/p>\n<p style=\"text-align: center;\">Visitas 100% personalizables<br \/>\nRecogida en tu hotel<br \/>\nConsejos para el resto de tu visita<br \/>\n<em>\u00a0\u00a1<strong>Una experiencia \u00fanica!<\/strong><\/em><\/p>\n<p>[\/vc_column_text][\/vc_column][\/vc_row][vc_row][vc_column width=\u00bb1\/2&#8243;][vc_single_image image=\u00bb5006&#8243; img_size=\u00bblarge\u00bb][\/vc_column][vc_column width=\u00bb1\/2&#8243;][vc_column_text]<strong>ESTHER ALMENA<\/strong><\/p>\n<p><em>Propietaria y gu\u00eda en espa\u00f1ol e ingl\u00e9s<\/em><\/p>\n<p>Soy una apasionada de mi trabajo, me siento trem\u00e9ndamente afortunada por poder compartir mi d\u00eda a d\u00eda con familias de todo el mundo. <a href=\"https:\/\/madridsensations.com\/es\/sobre-nosotros\/esther-guia-de-turismo\/\">\u00bfQuieres conocer mi historia sobre porqu\u00e9 me hice gu\u00eda?<\/a><\/p>\n<p>Otras aficiones: Esquiar, el senderismo y cualquier plan en familia con mi hija y mi marido.[\/vc_column_text][\/vc_column][\/vc_row][vc_row][vc_column width=\u00bb1\/2&#8243;][vc_single_image image=\u00bb6004&#8243; img_size=\u00bblarge\u00bb][\/vc_column][vc_column width=\u00bb1\/2&#8243;][vc_column_text]<strong>ROSAL\u00cdA RODRIGUEZ<\/strong><\/p>\n<p><em>Gu\u00eda de turismo en espa\u00f1ol, ingl\u00e9s y chino<\/em><\/p>\n<p>Esta chica tiene una afici\u00f3n, casi obsesi\u00f3n, por estar aprendiendo siempre algo nuevo. Sus conocimientos son solo superados por la alegr\u00eda y vitalidad que desprende. \u00a1Todo con ella se hace m\u00e1s divertido!<\/p>\n<p>Otras aficiones: Deportes de monta\u00f1a, la naturaleza y pasear con su perro.[\/vc_column_text][\/vc_column][\/vc_row][vc_row][vc_column width=\u00bb1\/2&#8243;][vc_single_image image=\u00bb6006&#8243; img_size=\u00bblarge\u00bb][\/vc_column][vc_column width=\u00bb1\/2&#8243;][vc_column_text]<strong>PASCUAL L\u00d3PEZ<\/strong><\/p>\n<p><em>\u00a1Nuestro conductor profesional favorito!<\/em><\/p>\n<p>En las excursiones fuera de Madrid contamos con los servicios de Pascual, un conductor con muchos a\u00f1os de experiencia al volante y una gran simpat\u00eda.<\/p>\n<p>Tiene dos veh\u00edculos que utiliza seg\u00fan el n\u00famero de ocupantes: una Mercedes Vito y un Mercedes Clase E.<\/p>\n<p>Su ingl\u00e9s, hay que decirlo, es muy limitado, pero su desparpajo hace que todo el mundo disfrute de su compa\u00f1\u00eda.[\/vc_column_text][\/vc_column][\/vc_row][vc_row][vc_column][vc_column_text]<\/p>\n<h2>\u00a1Contacte con nosotros para un fant\u00e1stico tour privado!<\/h2>\n<p>\u00bfC\u00f3mo podemos ayudarle? \u00bfQuiere una visita de d\u00eda completo? \u00bfde unas horas? \u00bfUna excursi\u00f3n desde Madrid? \u00bfUna ruta de tapas? \u00a1Todo personalizable!<\/p>\n<p style=\"text-align: center;\"><em style=\"line-height: 26.666667938232422px;\">Somos Madrid, \u00a1Convi\u00e9rtase en uno de nosotros!<\/em><\/p>\n<p>[\/vc_column_text][vc_btn title=\u00bbContacto\u00bb color=\u00bbpeacoc\u00bb size=\u00bblg\u00bb align=\u00bbcenter\u00bb i_icon_fontawesome=\u00bbfar fa-envelope\u00bb add_icon=\u00bbtrue\u00bb link=\u00bburl:http%3A%2F%2Fwww.madridsensations.com%2Fes%2Fcontacto%2F|title:Contacto||\u00bb][\/vc_column][\/vc_row]<\/p>\n<\/div>","protected":false},"excerpt":{"rendered":"<p>[vc_row][vc_column][vc_column_text]\u00a1Hola! Madrid Sensations es un peque\u00f1o negocio con un gran cuidado personal. Una idea que surgi\u00f3 en 2008 y r\u00e1pidamente se convirti\u00f3 en un \u00e9xito gracias a las recomendaciones de nuestros clientes. Somos dos gu\u00edas de turismo, muy amigas. Y un conductor maravilloso que nos alegra los viajes. Visitas 100% [&hellip;]<\/p>\n","protected":false},"author":1,"featured_media":0,"parent":0,"menu_order":0,"comment_status":"closed","ping_status":"closed","template":"","meta":{"_monsterinsights_skip_tracking":false,"_monsterinsights_sitenote_active":false,"_monsterinsights_sitenote_note":"","_monsterinsights_sitenote_category":0,"footnotes":""},"class_list":["post-1027","page","type-page","status-publish","hentry"],"yoast_head":"<!-- This site is optimized with the Yoast SEO Premium plugin v22.4 (Yoast SEO v26.8) - https:\/\/yoast.com\/product\/yoast-seo-premium-wordpress\/ -->\n<title>Sobre Nosotros<\/title>\n<meta name=\"description\" content=\"Madrid Sensations te ofrece visitas guiadas en Madrid, privadas personalizables.\" \/>\n<meta name=\"robots\" content=\"index, follow, max-snippet:-1, max-image-preview:large, max-video-preview:-1\" \/>\n<link rel=\"canonical\" href=\"https:\/\/madridsensations.com\/es\/sobre-nosotros\/\" \/>\n<meta property=\"og:locale\" content=\"es_ES\" \/>\n<meta property=\"og:type\" content=\"article\" \/>\n<meta property=\"og:title\" content=\"Sobre Nosotros\" \/>\n<meta property=\"og:description\" content=\"Madrid Sensations te ofrece visitas guiadas en Madrid, privadas personalizables.\" \/>\n<meta property=\"og:url\" content=\"https:\/\/madridsensations.com\/es\/sobre-nosotros\/\" \/>\n<meta property=\"og:site_name\" content=\"Madrid Sensations Tours\" \/>\n<meta property=\"article:publisher\" content=\"https:\/\/www.facebook.com\/madridsensations\/\" \/>\n<meta property=\"article:modified_time\" content=\"2022-01-12T16:52:50+00:00\" \/>\n<meta name=\"twitter:label1\" content=\"Tiempo de lectura\" \/>\n\t<meta name=\"twitter:data1\" content=\"2 minutos\" \/>\n<script type=\"application\/ld+json\" class=\"yoast-schema-graph\">{\"@context\":\"https:\/\/schema.org\",\"@graph\":[{\"@type\":\"WebPage\",\"@id\":\"https:\/\/madridsensations.com\/es\/sobre-nosotros\/\",\"url\":\"https:\/\/madridsensations.com\/es\/sobre-nosotros\/\",\"name\":\"Sobre Nosotros\",\"isPartOf\":{\"@id\":\"https:\/\/www.madridsensations.com\/es\/#website\"},\"datePublished\":\"2012-04-12T12:28:23+00:00\",\"dateModified\":\"2022-01-12T16:52:50+00:00\",\"description\":\"Madrid Sensations te ofrece visitas guiadas en Madrid, privadas personalizables.\",\"breadcrumb\":{\"@id\":\"https:\/\/madridsensations.com\/es\/sobre-nosotros\/#breadcrumb\"},\"inLanguage\":\"es\",\"potentialAction\":[{\"@type\":\"ReadAction\",\"target\":[\"https:\/\/madridsensations.com\/es\/sobre-nosotros\/\"]}]},{\"@type\":\"BreadcrumbList\",\"@id\":\"https:\/\/madridsensations.com\/es\/sobre-nosotros\/#breadcrumb\",\"itemListElement\":[{\"@type\":\"ListItem\",\"position\":1,\"name\":\"Home\",\"item\":\"https:\/\/www.madridsensations.com\/es\/\"},{\"@type\":\"ListItem\",\"position\":2,\"name\":\"Sobre Nosotros\"}]},{\"@type\":\"WebSite\",\"@id\":\"https:\/\/www.madridsensations.com\/es\/#website\",\"url\":\"https:\/\/www.madridsensations.com\/es\/\",\"name\":\"Madrid Sensations Tours\",\"description\":\"Explore and Discover Madrid with a private tour!\",\"publisher\":{\"@id\":\"https:\/\/www.madridsensations.com\/es\/#organization\"},\"potentialAction\":[{\"@type\":\"SearchAction\",\"target\":{\"@type\":\"EntryPoint\",\"urlTemplate\":\"https:\/\/www.madridsensations.com\/es\/?s={search_term_string}\"},\"query-input\":{\"@type\":\"PropertyValueSpecification\",\"valueRequired\":true,\"valueName\":\"search_term_string\"}}],\"inLanguage\":\"es\"},{\"@type\":\"Organization\",\"@id\":\"https:\/\/www.madridsensations.com\/es\/#organization\",\"name\":\"Madrid Sensations Tours\",\"url\":\"https:\/\/www.madridsensations.com\/es\/\",\"logo\":{\"@type\":\"ImageObject\",\"inLanguage\":\"es\",\"@id\":\"https:\/\/www.madridsensations.com\/es\/#\/schema\/logo\/image\/\",\"url\":\"https:\/\/www.madridsensations.com\/wp-content\/uploads\/2020\/04\/Logo-Madrid-Sensations.png\",\"contentUrl\":\"https:\/\/www.madridsensations.com\/wp-content\/uploads\/2020\/04\/Logo-Madrid-Sensations.png\",\"width\":3377,\"height\":3377,\"caption\":\"Madrid Sensations Tours\"},\"image\":{\"@id\":\"https:\/\/www.madridsensations.com\/es\/#\/schema\/logo\/image\/\"},\"sameAs\":[\"https:\/\/www.facebook.com\/madridsensations\/\",\"https:\/\/x.com\/MadridSnsations\",\"https:\/\/www.instagram.com\/madridsensations\/\",\"https:\/\/www.linkedin.com\/company\/2560011\/\",\"https:\/\/www.pinterest.es\/madridsensation\",\"https:\/\/www.youtube.com\/c\/Madridsensations\"]}]}<\/script>\n<!-- \/ Yoast SEO Premium plugin. -->","yoast_head_json":{"title":"Sobre Nosotros","description":"Madrid Sensations te ofrece visitas guiadas en Madrid, privadas personalizables.","robots":{"index":"index","follow":"follow","max-snippet":"max-snippet:-1","max-image-preview":"max-image-preview:large","max-video-preview":"max-video-preview:-1"},"canonical":"https:\/\/madridsensations.com\/es\/sobre-nosotros\/","og_locale":"es_ES","og_type":"article","og_title":"Sobre Nosotros","og_description":"Madrid Sensations te ofrece visitas guiadas en Madrid, privadas personalizables.","og_url":"https:\/\/madridsensations.com\/es\/sobre-nosotros\/","og_site_name":"Madrid Sensations Tours","article_publisher":"https:\/\/www.facebook.com\/madridsensations\/","article_modified_time":"2022-01-12T16:52:50+00:00","twitter_misc":{"Tiempo de lectura":"2 minutos"},"schema":{"@context":"https:\/\/schema.org","@graph":[{"@type":"WebPage","@id":"https:\/\/madridsensations.com\/es\/sobre-nosotros\/","url":"https:\/\/madridsensations.com\/es\/sobre-nosotros\/","name":"Sobre Nosotros","isPartOf":{"@id":"https:\/\/www.madridsensations.com\/es\/#website"},"datePublished":"2012-04-12T12:28:23+00:00","dateModified":"2022-01-12T16:52:50+00:00","description":"Madrid Sensations te ofrece visitas guiadas en Madrid, privadas personalizables.","breadcrumb":{"@id":"https:\/\/madridsensations.com\/es\/sobre-nosotros\/#breadcrumb"},"inLanguage":"es","potentialAction":[{"@type":"ReadAction","target":["https:\/\/madridsensations.com\/es\/sobre-nosotros\/"]}]},{"@type":"BreadcrumbList","@id":"https:\/\/madridsensations.com\/es\/sobre-nosotros\/#breadcrumb","itemListElement":[{"@type":"ListItem","position":1,"name":"Home","item":"https:\/\/www.madridsensations.com\/es\/"},{"@type":"ListItem","position":2,"name":"Sobre Nosotros"}]},{"@type":"WebSite","@id":"https:\/\/www.madridsensations.com\/es\/#website","url":"https:\/\/www.madridsensations.com\/es\/","name":"Madrid Sensations Tours","description":"Explore and Discover Madrid with a private tour!","publisher":{"@id":"https:\/\/www.madridsensations.com\/es\/#organization"},"potentialAction":[{"@type":"SearchAction","target":{"@type":"EntryPoint","urlTemplate":"https:\/\/www.madridsensations.com\/es\/?s={search_term_string}"},"query-input":{"@type":"PropertyValueSpecification","valueRequired":true,"valueName":"search_term_string"}}],"inLanguage":"es"},{"@type":"Organization","@id":"https:\/\/www.madridsensations.com\/es\/#organization","name":"Madrid Sensations Tours","url":"https:\/\/www.madridsensations.com\/es\/","logo":{"@type":"ImageObject","inLanguage":"es","@id":"https:\/\/www.madridsensations.com\/es\/#\/schema\/logo\/image\/","url":"https:\/\/www.madridsensations.com\/wp-content\/uploads\/2020\/04\/Logo-Madrid-Sensations.png","contentUrl":"https:\/\/www.madridsensations.com\/wp-content\/uploads\/2020\/04\/Logo-Madrid-Sensations.png","width":3377,"height":3377,"caption":"Madrid Sensations Tours"},"image":{"@id":"https:\/\/www.madridsensations.com\/es\/#\/schema\/logo\/image\/"},"sameAs":["https:\/\/www.facebook.com\/madridsensations\/","https:\/\/x.com\/MadridSnsations","https:\/\/www.instagram.com\/madridsensations\/","https:\/\/www.linkedin.com\/company\/2560011\/","https:\/\/www.pinterest.es\/madridsensation","https:\/\/www.youtube.com\/c\/Madridsensations"]}]}},"_links":{"self":[{"href":"https:\/\/madridsensations.com\/es\/wp-json\/wp\/v2\/pages\/1027","targetHints":{"allow":["GET"]}}],"collection":[{"href":"https:\/\/madridsensations.com\/es\/wp-json\/wp\/v2\/pages"}],"about":[{"href":"https:\/\/madridsensations.com\/es\/wp-json\/wp\/v2\/types\/page"}],"author":[{"embeddable":true,"href":"https:\/\/madridsensations.com\/es\/wp-json\/wp\/v2\/users\/1"}],"replies":[{"embeddable":true,"href":"https:\/\/madridsensations.com\/es\/wp-json\/wp\/v2\/comments?post=1027"}],"version-history":[{"count":0,"href":"https:\/\/madridsensations.com\/es\/wp-json\/wp\/v2\/pages\/1027\/revisions"}],"wp:attachment":[{"href":"https:\/\/madridsensations.com\/es\/wp-json\/wp\/v2\/media?parent=1027"}],"curies":[{"name":"wp","href":"https:\/\/api.w.org\/{rel}","templated":true}]}}