{"id":1025,"date":"2012-10-15T14:30:01","date_gmt":"2012-10-15T13:30:01","guid":{"rendered":"http:\/\/www.madridsensations.com\/?page_id=1025"},"modified":"2022-06-13T18:27:09","modified_gmt":"2022-06-13T16:27:09","slug":"tour-privado-madrid","status":"publish","type":"page","link":"https:\/\/madridsensations.com\/es\/tour-privado-madrid\/","title":{"rendered":"Tours Privados en Madrid y Alrededores"},"content":{"rendered":"<div class=\"wpb-content-wrapper\"><p>[vc_row][vc_column][vc_custom_heading text=\u00bbVisitas privadas a pie por Madrid y sus Museos\u00bb font_container=\u00bbtag:h1|text_align:left\u00bb use_theme_fonts=\u00bbyes\u00bb][vc_column_text]Madrid es la capital de Espa\u00f1a desde el siglo XVI, desde entonces sus calles y plazas se han llenado de Palacios e Iglesias impresionantes.<\/p>\n<p>Puede elegir la duraci\u00f3n de su tour privado, as\u00ed como el itinerario y los museos que quiera visitar. Tenemos aqu\u00ed algunos ejemplos, pero cont\u00e1ctenos si quiere algo diferente.[\/vc_column_text][vc_separator][\/vc_column][\/vc_row][vc_row][vc_column width=\u00bb1\/2&#8243;][vc_single_image image=\u00bb6096&#8243; img_size=\u00bbfull\u00bb onclick=\u00bbcustom_link\u00bb link=\u00bbhttps:\/\/madridsensations.com\/es\/tour-privado-madrid\/madrid-turistico-medio-dia\/\u00bb][\/vc_column][vc_column width=\u00bb1\/2&#8243;][vc_custom_heading text=\u00bbTour Privado de Madrid en Medio D\u00eda\u00bb use_theme_fonts=\u00bbyes\u00bb link=\u00bburl:https%3A%2F%2Fwww.madridsensations.com%2Fes%2Ftour-privado-madrid%2Fmadrid-turistico-medio-dia%2F|title:Tour%20privado%20de%20medio%20dia||\u00bb][vc_column_text]Aprovecha al m\u00e1ximo tu estancia en Madrid, con medio d\u00eda descubrir\u00e1s los lugares m\u00e1s emblem\u00e1ticos, como la Catedral de la Almudena, la Plaza Mayor, la Plaza de Cibeles\u2026 Historia y cultura de una forma personal e inolvidable.[\/vc_column_text][vc_btn title=\u00bbM\u00e1s informaci\u00f3n\u00bb style=\u00bbflat\u00bb color=\u00bbprimary\u00bb link=\u00bburl:http%3A%2F%2Fwww.madridsensations.com%2Fes%2Ftour-privado-madrid%2Fmadrid-turistico-medio-dia%2F|title:Tour%20Privado%20de%20Madrid%20en%20medio%20dia||\u00bb][\/vc_column][\/vc_row][vc_row][vc_column width=\u00bb1\/2&#8243;][vc_single_image image=\u00bb6098&#8243; img_size=\u00bbfull\u00bb onclick=\u00bbcustom_link\u00bb link=\u00bbhttps:\/\/madridsensations.com\/es\/tour-privado-madrid\/madrid-en-un-dia\/\u00bb][\/vc_column][vc_column width=\u00bb1\/2&#8243;][vc_custom_heading text=\u00bbTour Privado de Madrid D\u00eda Completo\u00bb use_theme_fonts=\u00bbyes\u00bb link=\u00bburl:http%3A%2F%2Fwww.madridsensations.com%2Fes%2Ftour-privado-madrid%2Fmadrid-en-un-dia%2F|title:Tour%20Madrid%20de%20D%C3%ADa%20Completo||\u00bb][vc_column_text]Visita Madrid de Oeste a Este. Desde el siglo 9 al 21, Monumentos, cultura, gastronom\u00eda, parques, curiosidades\u2026 Con un d\u00eda entero de visita guiada podr\u00e1s ver desde los lugares m\u00e1s emblem\u00e1ticos a los rincones m\u00e1s ocultos.[\/vc_column_text][vc_btn title=\u00bbM\u00e1s informaci\u00f3n\u00bb style=\u00bbflat\u00bb color=\u00bbprimary\u00bb link=\u00bburl:http%3A%2F%2Fwww.madridsensations.com%2Fes%2Ftour-privado-madrid%2Fmadrid-en-un-dia%2F|title:Tour%20Privado%20de%20Madrid%20D%C3%ADa%20Completo||\u00bb][\/vc_column][\/vc_row][vc_row][vc_column width=\u00bb1\/2&#8243;][vc_single_image image=\u00bb6100&#8243; img_size=\u00bbfull\u00bb onclick=\u00bbcustom_link\u00bb link=\u00bbhttps:\/\/madridsensations.com\/es\/tour-privado-madrid\/tour-privado-museo-del-prado\/\u00bb][\/vc_column][vc_column width=\u00bb1\/2&#8243;][vc_custom_heading text=\u00bbVisita Guiada Museo del Prado\u00bb use_theme_fonts=\u00bbyes\u00bb link=\u00bburl:http%3A%2F%2Fwww.madridsensations.com%2Fes%2Ftour-privado-madrid%2Ftour-privado-museo-del-prado%2F|title:Madrid%20Full%20Day%20Private%20Tour||\u00bb][vc_column_text]Con m\u00e1s de 8000 pinturas y esculturas, el Prado es uno de los museos de arte m\u00e1s importantes del mundo. Disfruta de las obras clave con una visita guiada, descubre los secretos e historias que guardan sus lienzos.[\/vc_column_text][vc_btn title=\u00bbM\u00e1s informaci\u00f3n\u00bb style=\u00bbflat\u00bb color=\u00bbprimary\u00bb link=\u00bburl:http%3A%2F%2Fwww.madridsensations.com%2Fes%2Ftour-privado-madrid%2Ftour-privado-museo-del-prado%2F|title:visita%20guiada%20Prado||\u00bb][\/vc_column][\/vc_row][vc_row][vc_column][vc_empty_space height=\u00bb37px\u00bb][vc_zigzag][vc_custom_heading text=\u00bbExcursiones privadas desde Madrid a otras ciudades\u00bb font_container=\u00bbtag:h1|text_align:left\u00bb use_theme_fonts=\u00bbyes\u00bb][vc_column_text]Como Madrid est\u00e1 en el centro de Espa\u00f1a, y muy bien conectado, es muy f\u00e1cil hacer excursiones a otras ciudades alrededor. Recomendamos especialmente las 6 Ciudades Patrimonio de la Humanidad de la UNESCO, que est\u00e1n a una hora y media o menos desde Madrid: <em><strong>Toledo, Segovia, \u00c1vila, Escorial, Alcal\u00e1 de Henares y Aranjuez<\/strong><\/em>.<\/p>\n<p>Nosotros creemos que una excursi\u00f3n a Toledo es fundamental si se visita Madrid por dos d\u00edas o m\u00e1s. Otros podr\u00edan decir que Segovia es incluso m\u00e1s impresionante por su Acueducto Romano, es cuesti\u00f3n de gustos. Alcal\u00e1 de Henares no es muy conocido internacionalmente, y es sin duda mucho m\u00e1s peque\u00f1o, es una de esas joyas que escapan al turismo masivo.[\/vc_column_text][vc_separator][\/vc_column][\/vc_row][vc_row][vc_column width=\u00bb1\/2&#8243;][vc_single_image image=\u00bb6104&#8243; img_size=\u00bbfull\u00bb onclick=\u00bbcustom_link\u00bb link=\u00bbhttps:\/\/madridsensations.com\/es\/tour-privado-madrid\/toledo-desde-madrid-tour-privado\/\u00bb][\/vc_column][vc_column width=\u00bb1\/2&#8243;][vc_custom_heading text=\u00bbTour a Toledo desde Madrid\u00bb use_theme_fonts=\u00bbyes\u00bb link=\u00bburl:https%3A%2F%2Fwww.madridsensations.com%2Fes%2Ftour-privado-madrid%2Ftoledo-desde-madrid-tour-privado%2F|title:Tour%20a%20Toledo%20desde%20Madrid||\u00bb][vc_column_text]Toledo est\u00e1 en lo alto de una escarpada colina y rodeada del r\u00edo Tajo, una ciudad con m\u00e1s de 2,000 a\u00f1os de gloria. Cuenta con magn\u00edficos monumentos que nos hablan de la historia del Juda\u00edsmo, de la Cristiandad y del Islam.[\/vc_column_text][vc_btn title=\u00bbM\u00e1s informaci\u00f3n\u00bb style=\u00bbflat\u00bb color=\u00bbprimary\u00bb link=\u00bburl:https%3A%2F%2Fwww.madridsensations.com%2Fes%2Ftour-privado-madrid%2Ftoledo-desde-madrid-tour-privado%2F|title:Toledo%20tour||\u00bb][\/vc_column][\/vc_row][vc_row][vc_column width=\u00bb1\/2&#8243;][vc_single_image image=\u00bb6106&#8243; img_size=\u00bbfull\u00bb onclick=\u00bbcustom_link\u00bb link=\u00bbhttps:\/\/madridsensations.com\/es\/tour-privado-madrid\/segovia-desde-madrid-tour-privado\/\u00bb][\/vc_column][vc_column width=\u00bb1\/2&#8243;][vc_custom_heading text=\u00bbTour a Segovia desde Madrid\u00bb use_theme_fonts=\u00bbyes\u00bb link=\u00bburl:https%3A%2F%2Fwww.madridsensations.com%2Fes%2Ftour-privado-madrid%2Fsegovia-desde-madrid-tour-privado%2F|title:Tour%20a%20Segovia%20desde%20Madrid||\u00bb][vc_column_text]Segovia es un lugar impactante, lo descubrir\u00e1 desde los miradores que visitaremos, tambi\u00e9n al visitar el Acueducto Romano, la Catedral G\u00f3tica y el Castillo Medieval.[\/vc_column_text][vc_btn title=\u00bbM\u00e1s informaci\u00f3n\u00bb style=\u00bbflat\u00bb color=\u00bbprimary\u00bb link=\u00bburl:https%3A%2F%2Fwww.madridsensations.com%2Fes%2Ftour-privado-madrid%2Fsegovia-desde-madrid-tour-privado%2F|title:visita%20guiada%20a%20Segovia||\u00bb][\/vc_column][\/vc_row][vc_row][vc_column width=\u00bb1\/2&#8243;][vc_single_image image=\u00bb6115&#8243; img_size=\u00bbfull\u00bb onclick=\u00bbcustom_link\u00bb link=\u00bbhttps:\/\/madridsensations.com\/es\/tour-privado-madrid\/escorial-excursion-desde-madrid\/\u00bb][\/vc_column][vc_column width=\u00bb1\/2&#8243;][vc_custom_heading text=\u00bbTour a El Escorial desde Madrid\u00bb use_theme_fonts=\u00bbyes\u00bb link=\u00bburl:https%3A%2F%2Fwww.madridsensations.com%2Fes%2Ftour-privado-madrid%2Fescorial-excursion-desde-madrid%2F|title:Tour%20a%20El%20Escorial%20desde%20Madrid||\u00bb][vc_column_text]El Escorial es un tesoro del renacimiento, un conjunto que alberga un Palacio, un Monasterio, una Bas\u00edlica, una Biblioteca&#8230; Es en s\u00ed mismo un museo impresionante que nos muestra la historia en su contexto.[\/vc_column_text][vc_btn title=\u00bbM\u00e1s informaci\u00f3n\u00bb style=\u00bbflat\u00bb color=\u00bbprimary\u00bb link=\u00bburl:https%3A%2F%2Fwww.madridsensations.com%2Fes%2Ftour-privado-madrid%2Fescorial-excursion-desde-madrid%2F|title:Excursi%C3%B3n%20a%20El%20Escorial||\u00bb][\/vc_column][\/vc_row][vc_row][vc_column width=\u00bb1\/2&#8243;][vc_single_image image=\u00bb6117&#8243; img_size=\u00bbfull\u00bb][\/vc_column][vc_column width=\u00bb1\/2&#8243;][vc_custom_heading text=\u00bbTour a Escorial y Valle de los Caidos desde Madrid\u00bb use_theme_fonts=\u00bbyes\u00bb link=\u00bb|||\u00bb][vc_column_text]El Escorial y el Valle de los ca\u00eddos est\u00e1n muy cerca entre s\u00ed, la combinaci\u00f3n de ambos es muy conveniente y permite explorar dos partes muy diferentes de nuestra historia, desde el siglo XVI al siglo XX.[\/vc_column_text][\/vc_column][\/vc_row][vc_row][vc_column width=\u00bb1\/2&#8243;][vc_single_image image=\u00bb6119&#8243; img_size=\u00bbfull\u00bb][\/vc_column][vc_column width=\u00bb1\/2&#8243;][vc_custom_heading text=\u00bbTour a Segovia y \u00c1vila desde Madrid\u00bb use_theme_fonts=\u00bbyes\u00bb link=\u00bb|||\u00bb][vc_column_text]Este es nuestro d\u00eda completo \u00abm\u00e1s completo\u00bb. Segovia y \u00c1vila son dos ciudades UNESCO, dos lugares repletos de historia y monumentos \u00fanicos.[\/vc_column_text][\/vc_column][\/vc_row]<\/p>\n<\/div>","protected":false},"excerpt":{"rendered":"<p>[vc_row][vc_column][vc_custom_heading text=\u00bbVisitas privadas a pie por Madrid y sus Museos\u00bb font_container=\u00bbtag:h1|text_align:left\u00bb use_theme_fonts=\u00bbyes\u00bb][vc_column_text]Madrid es la capital de Espa\u00f1a desde el siglo XVI, desde entonces sus calles y plazas se han llenado de Palacios e Iglesias impresionantes. Puede elegir la duraci\u00f3n de su tour privado, as\u00ed como el itinerario y los museos [&hellip;]<\/p>\n","protected":false},"author":1,"featured_media":0,"parent":0,"menu_order":0,"comment_status":"closed","ping_status":"closed","template":"","meta":{"_monsterinsights_skip_tracking":false,"_monsterinsights_sitenote_active":false,"_monsterinsights_sitenote_note":"","_monsterinsights_sitenote_category":0,"footnotes":""},"class_list":["post-1025","page","type-page","status-publish","hentry"],"yoast_head":"<!-- This site is optimized with the Yoast SEO Premium plugin v22.4 (Yoast SEO v26.8) - https:\/\/yoast.com\/product\/yoast-seo-premium-wordpress\/ -->\n<title>Tours Privados en Madrid y Excursiones a Toledo, Segovia y m\u00e1s.<\/title>\n<meta name=\"description\" content=\"Visitas guiadas con Gu\u00eda Oficial de Turismo y transporte privado. Tours en Toledo, Segovia, \u00c1vila, El Escorial... \u00a1Experiencias \u00fanicas!\" \/>\n<meta name=\"robots\" content=\"index, follow, max-snippet:-1, max-image-preview:large, max-video-preview:-1\" \/>\n<link rel=\"canonical\" href=\"https:\/\/www.madridsensations.com\/es\/tour-privado-madrid\/\" \/>\n<meta property=\"og:locale\" content=\"es_ES\" \/>\n<meta property=\"og:type\" content=\"article\" \/>\n<meta property=\"og:title\" content=\"Tours Privados en Madrid y Alrededores\" \/>\n<meta property=\"og:description\" content=\"Visitas guiadas con Gu\u00eda Oficial de Turismo y transporte privado. Tours en Toledo, Segovia, \u00c1vila, El Escorial... \u00a1Experiencias \u00fanicas!\" \/>\n<meta property=\"og:url\" content=\"https:\/\/www.madridsensations.com\/es\/tour-privado-madrid\/\" \/>\n<meta property=\"og:site_name\" content=\"Madrid Sensations Tours\" \/>\n<meta property=\"article:publisher\" content=\"https:\/\/www.facebook.com\/madridsensations\/\" \/>\n<meta property=\"article:modified_time\" content=\"2022-06-13T16:27:09+00:00\" \/>\n<meta name=\"twitter:label1\" content=\"Tiempo de lectura\" \/>\n\t<meta name=\"twitter:data1\" content=\"6 minutos\" \/>\n<script type=\"application\/ld+json\" class=\"yoast-schema-graph\">{\"@context\":\"https:\/\/schema.org\",\"@graph\":[{\"@type\":\"WebPage\",\"@id\":\"https:\/\/www.madridsensations.com\/es\/tour-privado-madrid\/\",\"url\":\"https:\/\/www.madridsensations.com\/es\/tour-privado-madrid\/\",\"name\":\"Tours Privados en Madrid y Excursiones a Toledo, Segovia y m\u00e1s.\",\"isPartOf\":{\"@id\":\"https:\/\/madridsensations.com\/#website\"},\"datePublished\":\"2012-10-15T13:30:01+00:00\",\"dateModified\":\"2022-06-13T16:27:09+00:00\",\"description\":\"Visitas guiadas con Gu\u00eda Oficial de Turismo y transporte privado. Tours en Toledo, Segovia, \u00c1vila, El Escorial... \u00a1Experiencias \u00fanicas!\",\"breadcrumb\":{\"@id\":\"https:\/\/www.madridsensations.com\/es\/tour-privado-madrid\/#breadcrumb\"},\"inLanguage\":\"es\",\"potentialAction\":[{\"@type\":\"ReadAction\",\"target\":[\"https:\/\/www.madridsensations.com\/es\/tour-privado-madrid\/\"]}]},{\"@type\":\"BreadcrumbList\",\"@id\":\"https:\/\/www.madridsensations.com\/es\/tour-privado-madrid\/#breadcrumb\",\"itemListElement\":[{\"@type\":\"ListItem\",\"position\":1,\"name\":\"Home\",\"item\":\"https:\/\/www.madridsensations.com\/es\/\"},{\"@type\":\"ListItem\",\"position\":2,\"name\":\"Tours Privados en Madrid y Alrededores\"}]},{\"@type\":\"WebSite\",\"@id\":\"https:\/\/madridsensations.com\/#website\",\"url\":\"https:\/\/madridsensations.com\/\",\"name\":\"Madrid Sensations Tours\",\"description\":\"Explore and Discover Madrid with a private tour!\",\"publisher\":{\"@id\":\"https:\/\/madridsensations.com\/#organization\"},\"potentialAction\":[{\"@type\":\"SearchAction\",\"target\":{\"@type\":\"EntryPoint\",\"urlTemplate\":\"https:\/\/madridsensations.com\/?s={search_term_string}\"},\"query-input\":{\"@type\":\"PropertyValueSpecification\",\"valueRequired\":true,\"valueName\":\"search_term_string\"}}],\"inLanguage\":\"es\"},{\"@type\":\"Organization\",\"@id\":\"https:\/\/madridsensations.com\/#organization\",\"name\":\"Madrid Sensations Tours\",\"url\":\"https:\/\/madridsensations.com\/\",\"logo\":{\"@type\":\"ImageObject\",\"inLanguage\":\"es\",\"@id\":\"https:\/\/madridsensations.com\/#\/schema\/logo\/image\/\",\"url\":\"https:\/\/www.madridsensations.com\/wp-content\/uploads\/2020\/04\/Logo-Madrid-Sensations.png\",\"contentUrl\":\"https:\/\/www.madridsensations.com\/wp-content\/uploads\/2020\/04\/Logo-Madrid-Sensations.png\",\"width\":3377,\"height\":3377,\"caption\":\"Madrid Sensations Tours\"},\"image\":{\"@id\":\"https:\/\/madridsensations.com\/#\/schema\/logo\/image\/\"},\"sameAs\":[\"https:\/\/www.facebook.com\/madridsensations\/\",\"https:\/\/x.com\/MadridSnsations\",\"https:\/\/www.instagram.com\/madridsensations\/\",\"https:\/\/www.linkedin.com\/company\/2560011\/\",\"https:\/\/www.pinterest.es\/madridsensation\",\"https:\/\/www.youtube.com\/c\/Madridsensations\"]}]}<\/script>\n<!-- \/ Yoast SEO Premium plugin. -->","yoast_head_json":{"title":"Tours Privados en Madrid y Excursiones a Toledo, Segovia y m\u00e1s.","description":"Visitas guiadas con Gu\u00eda Oficial de Turismo y transporte privado. Tours en Toledo, Segovia, \u00c1vila, El Escorial... \u00a1Experiencias \u00fanicas!","robots":{"index":"index","follow":"follow","max-snippet":"max-snippet:-1","max-image-preview":"max-image-preview:large","max-video-preview":"max-video-preview:-1"},"canonical":"https:\/\/www.madridsensations.com\/es\/tour-privado-madrid\/","og_locale":"es_ES","og_type":"article","og_title":"Tours Privados en Madrid y Alrededores","og_description":"Visitas guiadas con Gu\u00eda Oficial de Turismo y transporte privado. Tours en Toledo, Segovia, \u00c1vila, El Escorial... \u00a1Experiencias \u00fanicas!","og_url":"https:\/\/www.madridsensations.com\/es\/tour-privado-madrid\/","og_site_name":"Madrid Sensations Tours","article_publisher":"https:\/\/www.facebook.com\/madridsensations\/","article_modified_time":"2022-06-13T16:27:09+00:00","twitter_misc":{"Tiempo de lectura":"6 minutos"},"schema":{"@context":"https:\/\/schema.org","@graph":[{"@type":"WebPage","@id":"https:\/\/www.madridsensations.com\/es\/tour-privado-madrid\/","url":"https:\/\/www.madridsensations.com\/es\/tour-privado-madrid\/","name":"Tours Privados en Madrid y Excursiones a Toledo, Segovia y m\u00e1s.","isPartOf":{"@id":"https:\/\/madridsensations.com\/#website"},"datePublished":"2012-10-15T13:30:01+00:00","dateModified":"2022-06-13T16:27:09+00:00","description":"Visitas guiadas con Gu\u00eda Oficial de Turismo y transporte privado. Tours en Toledo, Segovia, \u00c1vila, El Escorial... \u00a1Experiencias \u00fanicas!","breadcrumb":{"@id":"https:\/\/www.madridsensations.com\/es\/tour-privado-madrid\/#breadcrumb"},"inLanguage":"es","potentialAction":[{"@type":"ReadAction","target":["https:\/\/www.madridsensations.com\/es\/tour-privado-madrid\/"]}]},{"@type":"BreadcrumbList","@id":"https:\/\/www.madridsensations.com\/es\/tour-privado-madrid\/#breadcrumb","itemListElement":[{"@type":"ListItem","position":1,"name":"Home","item":"https:\/\/www.madridsensations.com\/es\/"},{"@type":"ListItem","position":2,"name":"Tours Privados en Madrid y Alrededores"}]},{"@type":"WebSite","@id":"https:\/\/madridsensations.com\/#website","url":"https:\/\/madridsensations.com\/","name":"Madrid Sensations Tours","description":"Explore and Discover Madrid with a private tour!","publisher":{"@id":"https:\/\/madridsensations.com\/#organization"},"potentialAction":[{"@type":"SearchAction","target":{"@type":"EntryPoint","urlTemplate":"https:\/\/madridsensations.com\/?s={search_term_string}"},"query-input":{"@type":"PropertyValueSpecification","valueRequired":true,"valueName":"search_term_string"}}],"inLanguage":"es"},{"@type":"Organization","@id":"https:\/\/madridsensations.com\/#organization","name":"Madrid Sensations Tours","url":"https:\/\/madridsensations.com\/","logo":{"@type":"ImageObject","inLanguage":"es","@id":"https:\/\/madridsensations.com\/#\/schema\/logo\/image\/","url":"https:\/\/www.madridsensations.com\/wp-content\/uploads\/2020\/04\/Logo-Madrid-Sensations.png","contentUrl":"https:\/\/www.madridsensations.com\/wp-content\/uploads\/2020\/04\/Logo-Madrid-Sensations.png","width":3377,"height":3377,"caption":"Madrid Sensations Tours"},"image":{"@id":"https:\/\/madridsensations.com\/#\/schema\/logo\/image\/"},"sameAs":["https:\/\/www.facebook.com\/madridsensations\/","https:\/\/x.com\/MadridSnsations","https:\/\/www.instagram.com\/madridsensations\/","https:\/\/www.linkedin.com\/company\/2560011\/","https:\/\/www.pinterest.es\/madridsensation","https:\/\/www.youtube.com\/c\/Madridsensations"]}]}},"_links":{"self":[{"href":"https:\/\/madridsensations.com\/es\/wp-json\/wp\/v2\/pages\/1025","targetHints":{"allow":["GET"]}}],"collection":[{"href":"https:\/\/madridsensations.com\/es\/wp-json\/wp\/v2\/pages"}],"about":[{"href":"https:\/\/madridsensations.com\/es\/wp-json\/wp\/v2\/types\/page"}],"author":[{"embeddable":true,"href":"https:\/\/madridsensations.com\/es\/wp-json\/wp\/v2\/users\/1"}],"replies":[{"embeddable":true,"href":"https:\/\/madridsensations.com\/es\/wp-json\/wp\/v2\/comments?post=1025"}],"version-history":[{"count":0,"href":"https:\/\/madridsensations.com\/es\/wp-json\/wp\/v2\/pages\/1025\/revisions"}],"wp:attachment":[{"href":"https:\/\/madridsensations.com\/es\/wp-json\/wp\/v2\/media?parent=1025"}],"curies":[{"name":"wp","href":"https:\/\/api.w.org\/{rel}","templated":true}]}}