{"id":1015,"date":"2012-10-15T18:13:50","date_gmt":"2012-10-15T17:13:50","guid":{"rendered":"http:\/\/www.madridsensations.com\/?page_id=1015"},"modified":"2025-09-19T11:18:36","modified_gmt":"2025-09-19T09:18:36","slug":"madrid-en-un-dia","status":"publish","type":"page","link":"https:\/\/madridsensations.com\/es\/tour-privado-madrid\/madrid-en-un-dia\/","title":{"rendered":"Tour Privado de Madrid D\u00eda Completo"},"content":{"rendered":"<div class=\"wpb-content-wrapper\"><p>[vc_row][vc_column][vc_column_text]<\/p>\n<p style=\"text-align: center;\">Descubra los rincones favoritos de los Madrile\u00f1os de la mano de una <strong>Gu\u00eda Oficial de Turismo de Madrid<\/strong>. Que le recoger\u00e1 en el hotel a la hora que prefiera para comenzar el tour privado de d\u00eda entero.<\/p>\n<p style=\"text-align: center;\">Visitaran el Madrid antiguo desde el periodo musulm\u00e1n hasta la moderna Gran V\u00eda; sin olvidarnos del esplendor el siglo de Oro, el Paseo del Prado del siglo de la Ilustraci\u00f3n\u2026 \u00a0Toda la historia de la ciudad con una parada para degustar la mejor gastronom\u00eda espa\u00f1ola.<\/p>\n<p>[\/vc_column_text][\/vc_column][\/vc_row][vc_row css=\u00bb.vc_custom_1587564076061{margin: 20px !important;border: 3px dashed !important;border-radius: 3px !important;}\u00bb][vc_column][vc_icon icon_fontawesome=\u00bbfas fa-landmark\u00bb color=\u00bbmulled_wine\u00bb align=\u00bbcenter\u00bb][vc_column_text css=\u00bb\u00bb]<\/p>\n<h2 style=\"text-align: center;\">Itinerario Sugerido para el Tour Privado de D\u00eda Entero<\/h2>\n<h3>Visita guiada por la ma\u00f1ana<\/h3>\n<p>Por la ma\u00f1ana sugerimos el mismo itinerario que el de nuestro tour de medio d\u00eda:<\/p>\n<p><strong>Madrid de los Austrias<\/strong>: Plaza Mayor, Plaza de la Villa, Puerta Cerraza &#8230;<\/p>\n<p><strong>Zona Oeste y del Palacio<\/strong>: Interior de la Catedral de la Almudena, exteriores del Palacio Real, Plaza de Oriente, Jardines de Sabatini, Plaza de Espa\u00f1a&#8230;<\/p>\n<p><strong>Entrada opcional al Palacio Real<\/strong>: Este impresionante edificio sigue siendo residencia oficial de los Reyes de Espa\u00f1a, pero no viven all\u00ed y est\u00e1 abierto como museo nacional, con obras de arte que nos ponen en contexto y nos ayudan a entender la historia de la monarqu\u00eda.<\/p>\n<h3>Parada para comer<\/h3>\n<p>A continuaci\u00f3n, har\u00edamos una parada para comer. Nosotros proponemos hacerlo en el Barrio de las Letras, puesto que tiene un gran n\u00famero y variedad de bares y restaurantes. El ambiente adem\u00e1s es tranquilo y alejado de las zonas m\u00e1s tur\u00edsticas, por lo que los precios son moderados y la comida aut\u00e9nticamente espa\u00f1ola. Podemos comer tranquilamente en un restaurante o ir a varias tabernas y mercados a probar tapas y vinos espa\u00f1oles. La gu\u00eda le ofrecer\u00e1 varias alternativas. La comida y bebidas no est\u00e1n incluidos en el precio del tour.<\/p>\n<h3>Visita Guiada por la tarde<\/h3>\n<p><strong>Barrio de las Letras:<\/strong> despu\u00e9s del descanso descubriremos rincones llenos de historia, en este barrio donde vivieron muchos de nuestros m\u00e1s ilustres escritores, como Cervantes y Lope de Vega.<\/p>\n<p><strong>Paseo del Prado:<\/strong> podremos recorrer esta zona verde, preciosa para pasear, donde a cada paso encontramos monumentos y museos. Podremos por ejemplo disfrutar de dos de las plazas m\u00e1s emblem\u00e1ticas de Madrid, donde veremos las famosas fuentes de <strong>Cibeles<\/strong> y <strong>Neptuno<\/strong>.<\/p>\n<p><strong>Entrada opcional al Museo del Prado:<\/strong> sus obras maestras sorprenden siempre, tanto a los adultos m\u00e1s entendidos como a los peque\u00f1os de la casa.<\/p>\n<p>Si no se visita el Museo del Prado, o se quiere hacer una visita r\u00e1pida, podremos finalizar el tour en la <strong>Gran V\u00eda<\/strong> o en el <strong>Parque del Retiro<\/strong>.<\/p>\n<p>Al finalizar el tour la gu\u00eda le dar\u00e1 sugerencias por si tienen m\u00e1s tiempo para disfrutar de la ciudad por su cuenta.[\/vc_column_text][\/vc_column][\/vc_row][vc_row][vc_column][vc_column_text]<\/p>\n<h2>Contacte con nosotros para reservar su tour privado<\/h2>\n<p>[\/vc_column_text][vc_btn title=\u00bbContacto\u00bb color=\u00bbpeacoc\u00bb size=\u00bblg\u00bb align=\u00bbcenter\u00bb i_icon_fontawesome=\u00bbfar fa-envelope\u00bb add_icon=\u00bbtrue\u00bb link=\u00bburl:http%3A%2F%2Fwww.madridsensations.com%2Fes%2Fcontacto%2F|title:Contacto||\u00bb][vc_column_text]<\/p>\n<h2>Informaci\u00f3n pr\u00e1ctica sobre el tour de d\u00eda entero<\/h2>\n<p>[\/vc_column_text][vc_tta_tour color=\u00bbsky\u00bb active_section=\u00bb1&#8243;][vc_tta_section i_icon_fontawesome=\u00bbfas fa-euro-sign\u00bb add_icon=\u00bbtrue\u00bb title=\u00bbTarifa\u00bb tab_id=\u00bb1587307488659-5b77d3cf-121c2cd5-62f3bbef-867c\u00bb][vc_column_text css=\u00bb\u00bb]<\/p>\n<p style=\"text-align: center;\"><span style=\"font-size: 28px; color: #54acd2;\"><strong>460\u20ac<\/strong><\/span><\/p>\n<ul>\n<li>Precio para todo el grupo<\/li>\n<li>Impuestos incluidos<\/li>\n<li>Hasta 8 personas, para m\u00e1s personas pregunte presupuesto.<\/li>\n<li>Esta visita no est\u00e1 disponible en fines de semana<\/li>\n<\/ul>\n<p>[\/vc_column_text][\/vc_tta_section][vc_tta_section i_icon_fontawesome=\u00bbfar fa-clock\u00bb add_icon=\u00bbtrue\u00bb title=\u00bbDuraci\u00f3n\u00bb tab_id=\u00bb1587307447203-8bdda480-3e2f2cd5-62f3bbef-867c\u00bb][vc_column_text]<\/p>\n<p style=\"text-align: center;\"><span style=\"font-size: 28px; color: #54acd2;\"><strong>Tour de 7h en total<\/strong><\/span><\/p>\n<p style=\"text-align: center;\"><span style=\"font-size: 16px; color: #54acd2;\"><strong>3h visita guiada + <\/strong><\/span><span style=\"font-size: 16px; color: #54acd2;\"><strong>1h parada para comer + <\/strong><\/span><span style=\"font-size: 16px; color: #54acd2;\"><strong>3h visita guiada<\/strong><\/span><\/p>\n<p>[\/vc_column_text][\/vc_tta_section][vc_tta_section i_icon_fontawesome=\u00bbfar fa-check-circle\u00bb add_icon=\u00bbtrue\u00bb title=\u00bbIncluido\u00bb tab_id=\u00bb1587307517474-80d1f09c-23a52cd5-62f3bbef-867c\u00bb][vc_column_text]<\/p>\n<ul>\n<li>Gu\u00eda oficial de turismo<\/li>\n<\/ul>\n<p>[\/vc_column_text][\/vc_tta_section][vc_tta_section i_icon_fontawesome=\u00bbfar fa-times-circle\u00bb add_icon=\u00bbtrue\u00bb title=\u00bbExcluido\u00bb tab_id=\u00bb1587307518474-767f6fb0-25cd2cd5-62f3bbef-867c\u00bb][vc_column_text]<\/p>\n<ul>\n<li>Comidas o bebidas<\/li>\n<li>Transporte: es un tour a pie, Madrid es una ciudad c\u00f3moda para pasear. Si necesita transporte privado con conductor solic\u00edtenos disponibilidad. El coste adicional son 45\u20ac\/hora.<\/li>\n<li><strong>Entradas opcionales: Museo del Prado 15\u20ac\/persona y Palacio Real 10\u20ac\/persona<\/strong>.Para visitar los museos se pueden comprar las entradas el mismo d\u00eda para grupos de menos de 8 personas. Los gu\u00edas oficiales de turismo tenemos una entrada espec\u00edfica y no tenemos que esperar colas, tan solo los ineludibles controles de seguridad.<\/li>\n<\/ul>\n<p>[\/vc_column_text][\/vc_tta_section][vc_tta_section i_icon_fontawesome=\u00bbfas fa-map-marker-alt\u00bb add_icon=\u00bbtrue\u00bb title=\u00bbPunto de Encuentro\u00bb tab_id=\u00bb1587307520886-7907fa57-b1e02cd5-62f3bbef-867c\u00bb][vc_column_text]Su gu\u00eda les recoger\u00e1 en su hotel. Si el hotel no est\u00e1 cerca del itinerario es posible que sea necesario un taxi, este coste no est\u00e1 incluido, pero normalmente son menos de 10\u20ac.<\/p>\n<p>El regreso a su hotel no est\u00e1 incluido. Al final del tour su gu\u00eda le recomendar\u00e1 m\u00e1s cosas que pueden hacer por su cuenta en la zona, o les ayudar\u00e1 a tomar un taxi si lo prefieren.[\/vc_column_text][vc_column_text][\/vc_column_text][\/vc_tta_section][\/vc_tta_tour][vc_column_text]<\/p>\n<h2>Galer\u00eda de fotos del tour de Madrid de d\u00eda entero<\/h2>\n<p>[\/vc_column_text][vc_masonry_media_grid grid_id=\u00bbvc_gid:1758273405817-76cade21-99f4-0&#8243; include=\u00bb5569,5394,5618,5990,6101,5998,6820,5570,5484&#8243;][\/vc_column][\/vc_row]<\/p>\n<\/div>","protected":false},"excerpt":{"rendered":"<p>[vc_row][vc_column][vc_column_text] Descubra los rincones favoritos de los Madrile\u00f1os de la mano de una Gu\u00eda Oficial de Turismo de Madrid. Que le recoger\u00e1 en el hotel a la hora que prefiera para comenzar el tour privado de d\u00eda entero. Visitaran el Madrid antiguo desde el periodo musulm\u00e1n hasta la moderna Gran [&hellip;]<\/p>\n","protected":false},"author":5,"featured_media":3320,"parent":1025,"menu_order":0,"comment_status":"closed","ping_status":"closed","template":"","meta":{"_monsterinsights_skip_tracking":false,"_monsterinsights_sitenote_active":false,"_monsterinsights_sitenote_note":"","_monsterinsights_sitenote_category":0,"footnotes":""},"class_list":["post-1015","page","type-page","status-publish","has-post-thumbnail","hentry"],"yoast_head":"<!-- This site is optimized with the Yoast SEO Premium plugin v22.4 (Yoast SEO v26.8) - https:\/\/yoast.com\/product\/yoast-seo-premium-wordpress\/ -->\n<title>Tour Privado de Madrid en un D\u00eda Completo - Madrid Sensations<\/title>\n<meta name=\"description\" content=\"Tour privado de Madrid con gu\u00eda oficial de turismo. Visita guiada de 7h por los monumentos y museos imprescindibles de Madrid\" \/>\n<meta name=\"robots\" content=\"index, follow, max-snippet:-1, max-image-preview:large, max-video-preview:-1\" \/>\n<link rel=\"canonical\" href=\"https:\/\/www.madridsensations.com\/es\/tour-privado-madrid\/madrid-en-un-dia\/\" \/>\n<meta property=\"og:locale\" content=\"es_ES\" \/>\n<meta property=\"og:type\" content=\"article\" \/>\n<meta property=\"og:title\" content=\"Tour Privado de Madrid D\u00eda Completo\" \/>\n<meta property=\"og:description\" content=\"Tour privado de Madrid con gu\u00eda oficial de turismo. Visita guiada de 7h por los monumentos y museos imprescindibles de Madrid\" \/>\n<meta property=\"og:url\" content=\"https:\/\/www.madridsensations.com\/es\/tour-privado-madrid\/madrid-en-un-dia\/\" \/>\n<meta property=\"og:site_name\" content=\"Madrid Sensations Tours\" \/>\n<meta property=\"article:publisher\" content=\"https:\/\/www.facebook.com\/madridsensations\/\" \/>\n<meta property=\"article:modified_time\" content=\"2025-09-19T09:18:36+00:00\" \/>\n<meta property=\"og:image\" content=\"https:\/\/www.madridsensations.com\/wp-content\/uploads\/2012\/10\/Tour-Privado-Plaza-Mayor-Madrid.jpg\" \/>\n\t<meta property=\"og:image:width\" content=\"300\" \/>\n\t<meta property=\"og:image:height\" content=\"200\" \/>\n\t<meta property=\"og:image:type\" content=\"image\/jpeg\" \/>\n<meta name=\"twitter:label1\" content=\"Tiempo de lectura\" \/>\n\t<meta name=\"twitter:data1\" content=\"6 minutos\" \/>\n<script type=\"application\/ld+json\" class=\"yoast-schema-graph\">{\"@context\":\"https:\/\/schema.org\",\"@graph\":[{\"@type\":\"WebPage\",\"@id\":\"https:\/\/www.madridsensations.com\/es\/tour-privado-madrid\/madrid-en-un-dia\/\",\"url\":\"https:\/\/www.madridsensations.com\/es\/tour-privado-madrid\/madrid-en-un-dia\/\",\"name\":\"Tour Privado de Madrid en un D\u00eda Completo - Madrid Sensations\",\"isPartOf\":{\"@id\":\"https:\/\/www.madridsensations.com\/es\/#website\"},\"primaryImageOfPage\":{\"@id\":\"https:\/\/www.madridsensations.com\/es\/tour-privado-madrid\/madrid-en-un-dia\/#primaryimage\"},\"image\":{\"@id\":\"https:\/\/www.madridsensations.com\/es\/tour-privado-madrid\/madrid-en-un-dia\/#primaryimage\"},\"thumbnailUrl\":\"https:\/\/madridsensations.com\/wp-content\/uploads\/2012\/10\/Tour-Privado-Plaza-Mayor-Madrid.jpg\",\"datePublished\":\"2012-10-15T17:13:50+00:00\",\"dateModified\":\"2025-09-19T09:18:36+00:00\",\"description\":\"Tour privado de Madrid con gu\u00eda oficial de turismo. Visita guiada de 7h por los monumentos y museos imprescindibles de Madrid\",\"breadcrumb\":{\"@id\":\"https:\/\/www.madridsensations.com\/es\/tour-privado-madrid\/madrid-en-un-dia\/#breadcrumb\"},\"inLanguage\":\"es\",\"potentialAction\":[{\"@type\":\"ReadAction\",\"target\":[\"https:\/\/www.madridsensations.com\/es\/tour-privado-madrid\/madrid-en-un-dia\/\"]}]},{\"@type\":\"ImageObject\",\"inLanguage\":\"es\",\"@id\":\"https:\/\/www.madridsensations.com\/es\/tour-privado-madrid\/madrid-en-un-dia\/#primaryimage\",\"url\":\"https:\/\/madridsensations.com\/wp-content\/uploads\/2012\/10\/Tour-Privado-Plaza-Mayor-Madrid.jpg\",\"contentUrl\":\"https:\/\/madridsensations.com\/wp-content\/uploads\/2012\/10\/Tour-Privado-Plaza-Mayor-Madrid.jpg\",\"width\":300,\"height\":200,\"caption\":\"Tour Privado Plaza Mayor Madrid\"},{\"@type\":\"BreadcrumbList\",\"@id\":\"https:\/\/www.madridsensations.com\/es\/tour-privado-madrid\/madrid-en-un-dia\/#breadcrumb\",\"itemListElement\":[{\"@type\":\"ListItem\",\"position\":1,\"name\":\"Home\",\"item\":\"https:\/\/www.madridsensations.com\/es\/\"},{\"@type\":\"ListItem\",\"position\":2,\"name\":\"Tours Privados en Madrid y Alrededores\",\"item\":\"https:\/\/madridsensations.com\/es\/tour-privado-madrid\/\"},{\"@type\":\"ListItem\",\"position\":3,\"name\":\"Tour Privado de Madrid D\u00eda Completo\"}]},{\"@type\":\"WebSite\",\"@id\":\"https:\/\/www.madridsensations.com\/es\/#website\",\"url\":\"https:\/\/www.madridsensations.com\/es\/\",\"name\":\"Madrid Sensations Tours\",\"description\":\"Explore and Discover Madrid with a private tour!\",\"publisher\":{\"@id\":\"https:\/\/www.madridsensations.com\/es\/#organization\"},\"potentialAction\":[{\"@type\":\"SearchAction\",\"target\":{\"@type\":\"EntryPoint\",\"urlTemplate\":\"https:\/\/www.madridsensations.com\/es\/?s={search_term_string}\"},\"query-input\":{\"@type\":\"PropertyValueSpecification\",\"valueRequired\":true,\"valueName\":\"search_term_string\"}}],\"inLanguage\":\"es\"},{\"@type\":\"Organization\",\"@id\":\"https:\/\/www.madridsensations.com\/es\/#organization\",\"name\":\"Madrid Sensations Tours\",\"url\":\"https:\/\/www.madridsensations.com\/es\/\",\"logo\":{\"@type\":\"ImageObject\",\"inLanguage\":\"es\",\"@id\":\"https:\/\/www.madridsensations.com\/es\/#\/schema\/logo\/image\/\",\"url\":\"https:\/\/www.madridsensations.com\/wp-content\/uploads\/2020\/04\/Logo-Madrid-Sensations.png\",\"contentUrl\":\"https:\/\/www.madridsensations.com\/wp-content\/uploads\/2020\/04\/Logo-Madrid-Sensations.png\",\"width\":3377,\"height\":3377,\"caption\":\"Madrid Sensations Tours\"},\"image\":{\"@id\":\"https:\/\/www.madridsensations.com\/es\/#\/schema\/logo\/image\/\"},\"sameAs\":[\"https:\/\/www.facebook.com\/madridsensations\/\",\"https:\/\/x.com\/MadridSnsations\",\"https:\/\/www.instagram.com\/madridsensations\/\",\"https:\/\/www.linkedin.com\/company\/2560011\/\",\"https:\/\/www.pinterest.es\/madridsensation\",\"https:\/\/www.youtube.com\/c\/Madridsensations\"]}]}<\/script>\n<!-- \/ Yoast SEO Premium plugin. -->","yoast_head_json":{"title":"Tour Privado de Madrid en un D\u00eda Completo - Madrid Sensations","description":"Tour privado de Madrid con gu\u00eda oficial de turismo. Visita guiada de 7h por los monumentos y museos imprescindibles de Madrid","robots":{"index":"index","follow":"follow","max-snippet":"max-snippet:-1","max-image-preview":"max-image-preview:large","max-video-preview":"max-video-preview:-1"},"canonical":"https:\/\/www.madridsensations.com\/es\/tour-privado-madrid\/madrid-en-un-dia\/","og_locale":"es_ES","og_type":"article","og_title":"Tour Privado de Madrid D\u00eda Completo","og_description":"Tour privado de Madrid con gu\u00eda oficial de turismo. Visita guiada de 7h por los monumentos y museos imprescindibles de Madrid","og_url":"https:\/\/www.madridsensations.com\/es\/tour-privado-madrid\/madrid-en-un-dia\/","og_site_name":"Madrid Sensations Tours","article_publisher":"https:\/\/www.facebook.com\/madridsensations\/","article_modified_time":"2025-09-19T09:18:36+00:00","og_image":[{"width":300,"height":200,"url":"https:\/\/www.madridsensations.com\/wp-content\/uploads\/2012\/10\/Tour-Privado-Plaza-Mayor-Madrid.jpg","type":"image\/jpeg"}],"twitter_misc":{"Tiempo de lectura":"6 minutos"},"schema":{"@context":"https:\/\/schema.org","@graph":[{"@type":"WebPage","@id":"https:\/\/www.madridsensations.com\/es\/tour-privado-madrid\/madrid-en-un-dia\/","url":"https:\/\/www.madridsensations.com\/es\/tour-privado-madrid\/madrid-en-un-dia\/","name":"Tour Privado de Madrid en un D\u00eda Completo - Madrid Sensations","isPartOf":{"@id":"https:\/\/www.madridsensations.com\/es\/#website"},"primaryImageOfPage":{"@id":"https:\/\/www.madridsensations.com\/es\/tour-privado-madrid\/madrid-en-un-dia\/#primaryimage"},"image":{"@id":"https:\/\/www.madridsensations.com\/es\/tour-privado-madrid\/madrid-en-un-dia\/#primaryimage"},"thumbnailUrl":"https:\/\/madridsensations.com\/wp-content\/uploads\/2012\/10\/Tour-Privado-Plaza-Mayor-Madrid.jpg","datePublished":"2012-10-15T17:13:50+00:00","dateModified":"2025-09-19T09:18:36+00:00","description":"Tour privado de Madrid con gu\u00eda oficial de turismo. Visita guiada de 7h por los monumentos y museos imprescindibles de Madrid","breadcrumb":{"@id":"https:\/\/www.madridsensations.com\/es\/tour-privado-madrid\/madrid-en-un-dia\/#breadcrumb"},"inLanguage":"es","potentialAction":[{"@type":"ReadAction","target":["https:\/\/www.madridsensations.com\/es\/tour-privado-madrid\/madrid-en-un-dia\/"]}]},{"@type":"ImageObject","inLanguage":"es","@id":"https:\/\/www.madridsensations.com\/es\/tour-privado-madrid\/madrid-en-un-dia\/#primaryimage","url":"https:\/\/madridsensations.com\/wp-content\/uploads\/2012\/10\/Tour-Privado-Plaza-Mayor-Madrid.jpg","contentUrl":"https:\/\/madridsensations.com\/wp-content\/uploads\/2012\/10\/Tour-Privado-Plaza-Mayor-Madrid.jpg","width":300,"height":200,"caption":"Tour Privado Plaza Mayor Madrid"},{"@type":"BreadcrumbList","@id":"https:\/\/www.madridsensations.com\/es\/tour-privado-madrid\/madrid-en-un-dia\/#breadcrumb","itemListElement":[{"@type":"ListItem","position":1,"name":"Home","item":"https:\/\/www.madridsensations.com\/es\/"},{"@type":"ListItem","position":2,"name":"Tours Privados en Madrid y Alrededores","item":"https:\/\/madridsensations.com\/es\/tour-privado-madrid\/"},{"@type":"ListItem","position":3,"name":"Tour Privado de Madrid D\u00eda Completo"}]},{"@type":"WebSite","@id":"https:\/\/www.madridsensations.com\/es\/#website","url":"https:\/\/www.madridsensations.com\/es\/","name":"Madrid Sensations Tours","description":"Explore and Discover Madrid with a private tour!","publisher":{"@id":"https:\/\/www.madridsensations.com\/es\/#organization"},"potentialAction":[{"@type":"SearchAction","target":{"@type":"EntryPoint","urlTemplate":"https:\/\/www.madridsensations.com\/es\/?s={search_term_string}"},"query-input":{"@type":"PropertyValueSpecification","valueRequired":true,"valueName":"search_term_string"}}],"inLanguage":"es"},{"@type":"Organization","@id":"https:\/\/www.madridsensations.com\/es\/#organization","name":"Madrid Sensations Tours","url":"https:\/\/www.madridsensations.com\/es\/","logo":{"@type":"ImageObject","inLanguage":"es","@id":"https:\/\/www.madridsensations.com\/es\/#\/schema\/logo\/image\/","url":"https:\/\/www.madridsensations.com\/wp-content\/uploads\/2020\/04\/Logo-Madrid-Sensations.png","contentUrl":"https:\/\/www.madridsensations.com\/wp-content\/uploads\/2020\/04\/Logo-Madrid-Sensations.png","width":3377,"height":3377,"caption":"Madrid Sensations Tours"},"image":{"@id":"https:\/\/www.madridsensations.com\/es\/#\/schema\/logo\/image\/"},"sameAs":["https:\/\/www.facebook.com\/madridsensations\/","https:\/\/x.com\/MadridSnsations","https:\/\/www.instagram.com\/madridsensations\/","https:\/\/www.linkedin.com\/company\/2560011\/","https:\/\/www.pinterest.es\/madridsensation","https:\/\/www.youtube.com\/c\/Madridsensations"]}]}},"_links":{"self":[{"href":"https:\/\/madridsensations.com\/es\/wp-json\/wp\/v2\/pages\/1015","targetHints":{"allow":["GET"]}}],"collection":[{"href":"https:\/\/madridsensations.com\/es\/wp-json\/wp\/v2\/pages"}],"about":[{"href":"https:\/\/madridsensations.com\/es\/wp-json\/wp\/v2\/types\/page"}],"author":[{"embeddable":true,"href":"https:\/\/madridsensations.com\/es\/wp-json\/wp\/v2\/users\/5"}],"replies":[{"embeddable":true,"href":"https:\/\/madridsensations.com\/es\/wp-json\/wp\/v2\/comments?post=1015"}],"version-history":[{"count":3,"href":"https:\/\/madridsensations.com\/es\/wp-json\/wp\/v2\/pages\/1015\/revisions"}],"predecessor-version":[{"id":13977,"href":"https:\/\/madridsensations.com\/es\/wp-json\/wp\/v2\/pages\/1015\/revisions\/13977"}],"up":[{"embeddable":true,"href":"https:\/\/madridsensations.com\/es\/wp-json\/wp\/v2\/pages\/1025"}],"wp:featuredmedia":[{"embeddable":true,"href":"https:\/\/madridsensations.com\/es\/wp-json\/wp\/v2\/media\/3320"}],"wp:attachment":[{"href":"https:\/\/madridsensations.com\/es\/wp-json\/wp\/v2\/media?parent=1015"}],"curies":[{"name":"wp","href":"https:\/\/api.w.org\/{rel}","templated":true}]}}