{"id":1010,"date":"2012-10-15T13:06:28","date_gmt":"2012-10-15T11:06:28","guid":{"rendered":"http:\/\/www.madridsensations.com\/?page_id=1010"},"modified":"2025-09-22T11:17:00","modified_gmt":"2025-09-22T09:17:00","slug":"madrid-turistico-medio-dia","status":"publish","type":"page","link":"https:\/\/madridsensations.com\/es\/tour-privado-madrid\/madrid-turistico-medio-dia\/","title":{"rendered":"Tour Privado de Madrid de Medio D\u00eda"},"content":{"rendered":"<div class=\"wpb-content-wrapper\"><p>[vc_row][vc_column][vc_column_text]<\/p>\n<p style=\"text-align: center;\">Aprovecha al m\u00e1ximo tu estancia en Madrid con nuestros gu\u00edas de Madrid, con tan solo medio d\u00eda descubrir\u00e1s los lugares m\u00e1s emblem\u00e1ticos. Historia y cultura de una forma personal e inolvidable. \u00a1No te pierdas Madrid! \u00a1Te ense\u00f1amos lo mejor, lo m\u00e1s aut\u00e9ntico! Te desvelaremos las curiosidades y todos los trucos para disfrutar la ciudad.<\/p>\n<p>[\/vc_column_text][\/vc_column][\/vc_row][vc_row css=\u00bb.vc_custom_1587564076061{margin: 20px !important;border: 3px dashed !important;border-radius: 3px !important;}\u00bb][vc_column][vc_icon icon_fontawesome=\u00bbfas fa-landmark\u00bb color=\u00bbmulled_wine\u00bb align=\u00bbcenter\u00bb][vc_column_text css=\u00bb\u00bb]<\/p>\n<h2>Itinerario sugerido para un tour privado de 3 horas<\/h2>\n<p>Este tour privado es mucho m\u00e1s que un paseo por Madrid. Tu gu\u00eda experto har\u00e1 que te sientas parte de la vida de la ciudad, compartiendo contigo sus historias, tradiciones y rincones ocultos desde la mirada de un verdadero madrile\u00f1o. Cada detalle se adapta a tu ritmo y a tus intereses: podr\u00e1s detenerte donde m\u00e1s te atraiga, profundizar en la historia o disfrutar de una pausa gastron\u00f3mica. Al finalizar, no solo habr\u00e1s visto los lugares m\u00e1s emblem\u00e1ticos de Madrid: los habr\u00e1s vivido como un local.<\/p>\n<p>Aqu\u00ed tienes un ejemplo inspirador de itinerario que re\u00fane los rincones m\u00e1s ic\u00f3nicos de la ciudad:<\/p>\n<p><strong>Jardines de Sabatini <\/strong><\/p>\n<p>La fachada m\u00e1s fotog\u00e9nica del Palacio Real se enmarca en estos jardines de estilo franc\u00e9s, con elegantes fuentes que ofrecen un remanso de calma lejos del bullicio urbano.<\/p>\n<p><strong>Plaza de Oriente<\/strong><\/p>\n<p>Una plaza majestuosa, adorada tanto por madrile\u00f1os como por visitantes, donde la grandeza de los siglos pasados cobra vida.<\/p>\n<p><strong>Catedral de la Almudena <\/strong><\/p>\n<p>Ni la m\u00e1s antigua ni la m\u00e1s grande de Espa\u00f1a, pero profundamente querida por los madrile\u00f1os. Su interior luminoso y moderno revela la riqueza de las tradiciones populares de la ciudad.<\/p>\n<p><strong>Calle Mayor y Plaza de la Villa <\/strong><\/p>\n<p>Un paseo por siglos de historia, donde conviven la arquitectura medieval y barroca en uno de los rincones con m\u00e1s encanto de Madrid.<\/p>\n<p><strong>Plaza Mayor <\/strong><\/p>\n<p>El coraz\u00f3n hist\u00f3rico de Madrid, anta\u00f1o mercado central, hoy una animada plaza rodeada de soportales, bares y recuerdos de \u00e9pocas pasadas.<\/p>\n<p><strong>Puerta del Sol <\/strong><\/p>\n<p>Epicentro de la ciudad y punto de encuentro de madrile\u00f1os y visitantes, rodeado de tiendas, bulevares y avenidas que conducen al Paseo del Prado o al Barrio de las Letras. Aqu\u00ed tambi\u00e9n podremos recomendarte los mejores lugares para comer, comprar o continuar tu visita.<\/p>\n<p><strong>Entradas opcionales durante el tour<\/strong><\/p>\n<ul>\n<li>Museo del Prado \u2013 15\u20ac\/persona<\/li>\n<li>Palacio Real \u2013 10\u20ac\/persona<\/li>\n<\/ul>\n<p>[\/vc_column_text][vc_column_text]<strong>Entradas opcionales a museos<\/strong><\/p>\n<p>Durante nuestro tour de medio d\u00eda se puede incluir la visita guiada a alguno de estos monumentos:<\/p>\n<ul>\n<li>Museo del Prado: 15\u20ac\/persona<\/li>\n<li>Palacio Real: 10\u20ac\/persona<\/li>\n<\/ul>\n<p>Si quiere visitar ambos museos, o quiere a\u00f1adir alg\u00fan otro, puede considerar nuestro <em><a href=\"https:\/\/madridsensations.com\/es\/tour-privado-madrid\/madrid-en-un-dia\/\">tour de d\u00eda completo<\/a><\/em>.[\/vc_column_text][\/vc_column][\/vc_row][vc_row][vc_column][vc_column_text]<\/p>\n<h2>Informaci\u00f3n pr\u00e1ctica sobre este tour<\/h2>\n<p>[\/vc_column_text][vc_tta_tour color=\u00bbsky\u00bb active_section=\u00bb1&#8243;][vc_tta_section i_icon_fontawesome=\u00bbfar fa-clock\u00bb add_icon=\u00bbtrue\u00bb title=\u00bbDuraci\u00f3n\u00bb tab_id=\u00bb1587307447203-8bdda480-3e2f2cd5-62f3e3a8-93fb\u00bb][vc_column_text]<\/p>\n<p style=\"text-align: center;\"><span style=\"font-size: 28px; color: #54acd2;\"><strong>3h<\/strong><\/span><\/p>\n<p style=\"text-align: center;\"><span style=\"font-size: 16px; color: #54acd2;\"><strong>(hora extra opcional +30\u20ac)<\/strong><\/span><\/p>\n<p>[\/vc_column_text][\/vc_tta_section][vc_tta_section i_icon_fontawesome=\u00bbfas fa-euro-sign\u00bb add_icon=\u00bbtrue\u00bb title=\u00bbTarifa\u00bb tab_id=\u00bb1587307488659-5b77d3cf-121c2cd5-62f3e3a8-93fb\u00bb][vc_column_text css=\u00bb\u00bb]<\/p>\n<p style=\"text-align: center;\"><span style=\"font-size: 28px; color: #54acd2;\"><strong>Tarifa: <\/strong><\/span><\/p>\n<p style=\"text-align: center;\"><span style=\"font-size: 28px; color: #54acd2;\"><strong>280\u20ac de lunes a viernes no festivos<\/strong><\/span><\/p>\n<p style=\"text-align: center;\"><span style=\"font-size: 22px; color: #54acd2;\"><strong>(320\u20ac en fines de semana y festivos)<\/strong><\/span><\/p>\n<p>&nbsp;<\/p>\n<ul>\n<li>Precio para todo el grupo<\/li>\n<li>Impuestos incluidos<\/li>\n<li>Hasta 8 personas, para m\u00e1s personas pregunte presupuesto.<\/li>\n<li>Hora extra opcional por 30\u20ac<\/li>\n<\/ul>\n<p>[\/vc_column_text][\/vc_tta_section][vc_tta_section i_icon_fontawesome=\u00bbfar fa-check-circle\u00bb add_icon=\u00bbtrue\u00bb title=\u00bbIncluido\u00bb tab_id=\u00bb1587307517474-80d1f09c-23a52cd5-62f3e3a8-93fb\u00bb][vc_column_text]<\/p>\n<ul>\n<li>Gu\u00eda oficial de turismo<\/li>\n<\/ul>\n<p>[\/vc_column_text][\/vc_tta_section][vc_tta_section i_icon_fontawesome=\u00bbfar fa-times-circle\u00bb add_icon=\u00bbtrue\u00bb title=\u00bbExcluido\u00bb tab_id=\u00bb1587307518474-767f6fb0-25cd2cd5-62f3e3a8-93fb\u00bb][vc_column_text]<\/p>\n<ul>\n<li>Comidas o bebidas<\/li>\n<li>Entradas opcionales: Museo del Prado 15\u20ac\/persona o Palacio Real 10\u20ac\/persona.<\/li>\n<li>Transporte: es un tour a pie, Madrid es una ciudad c\u00f3moda para pasear. Si necesita transporte privado con conductor solic\u00edtenos disponibilidad. El coste adicional son 45\u20ac\/hora.<\/li>\n<\/ul>\n<p>[\/vc_column_text][\/vc_tta_section][vc_tta_section i_icon_fontawesome=\u00bbfas fa-map-marker-alt\u00bb add_icon=\u00bbtrue\u00bb title=\u00bbPunto de Encuentro\u00bb tab_id=\u00bb1587307520886-7907fa57-b1e02cd5-62f3e3a8-93fb\u00bb][vc_column_text]Su gu\u00eda les recoger\u00e1 en su hotel. Si el hotel no est\u00e1 cerca del itinerario es posible que sea necesario un taxi, este coste no est\u00e1 incluido, pero normalmente son menos de 10\u20ac.<\/p>\n<p>El regreso a su hotel no est\u00e1 incluido. Al final del tour su gu\u00eda le recomendar\u00e1 m\u00e1s cosas que pueden hacer por su cuenta en la zona, o les ayudar\u00e1 a tomar un taxi si lo prefieren.[\/vc_column_text][vc_column_text][\/vc_column_text][\/vc_tta_section][\/vc_tta_tour][vc_column_text]<\/p>\n<h2>Galer\u00eda de fotos de nuestro tour de 3h<\/h2>\n<p>[\/vc_column_text][vc_masonry_media_grid grid_id=\u00bbvc_gid:1758532236448-7686bea6-4044-4&#8243; include=\u00bb6097,6099,5554,5570,5485,6820,5558,5629,5597&#8243;][\/vc_column][\/vc_row]<\/p>\n<\/div>","protected":false},"excerpt":{"rendered":"<p>[vc_row][vc_column][vc_column_text] Aprovecha al m\u00e1ximo tu estancia en Madrid con nuestros gu\u00edas de Madrid, con tan solo medio d\u00eda descubrir\u00e1s los lugares m\u00e1s emblem\u00e1ticos. Historia y cultura de una forma personal e inolvidable. \u00a1No te pierdas Madrid! \u00a1Te ense\u00f1amos lo mejor, lo m\u00e1s aut\u00e9ntico! Te desvelaremos las curiosidades y todos los [&hellip;]<\/p>\n","protected":false},"author":5,"featured_media":3213,"parent":1025,"menu_order":0,"comment_status":"closed","ping_status":"closed","template":"","meta":{"_monsterinsights_skip_tracking":false,"_monsterinsights_sitenote_active":false,"_monsterinsights_sitenote_note":"","_monsterinsights_sitenote_category":0,"footnotes":""},"class_list":["post-1010","page","type-page","status-publish","has-post-thumbnail","hentry"],"yoast_head":"<!-- This site is optimized with the Yoast SEO Premium plugin v22.4 (Yoast SEO v26.8) - https:\/\/yoast.com\/product\/yoast-seo-premium-wordpress\/ -->\n<title>Tour Privado de Madrid (3h) - Madrid Sensations<\/title>\n<meta name=\"description\" content=\"Con este tour privado de Madrid descubrir\u00e1 los lugares m\u00e1s emblem\u00e1ticos y los rincones m\u00e1s ocultos. Con gu\u00edas oficiales locales.\" \/>\n<meta name=\"robots\" content=\"index, follow, max-snippet:-1, max-image-preview:large, max-video-preview:-1\" \/>\n<link rel=\"canonical\" href=\"https:\/\/madridsensations.com\/es\/tour-privado-madrid\/madrid-turistico-medio-dia\/\" \/>\n<meta property=\"og:locale\" content=\"es_ES\" \/>\n<meta property=\"og:type\" content=\"article\" \/>\n<meta property=\"og:title\" content=\"Tour Privado de Madrid de Medio D\u00eda\" \/>\n<meta property=\"og:description\" content=\"Con este tour privado de Madrid descubrir\u00e1 los lugares m\u00e1s emblem\u00e1ticos y los rincones m\u00e1s ocultos. Con gu\u00edas oficiales locales.\" \/>\n<meta property=\"og:url\" content=\"https:\/\/madridsensations.com\/es\/tour-privado-madrid\/madrid-turistico-medio-dia\/\" \/>\n<meta property=\"og:site_name\" content=\"Madrid Sensations Tours\" \/>\n<meta property=\"article:publisher\" content=\"https:\/\/www.facebook.com\/madridsensations\/\" \/>\n<meta property=\"article:modified_time\" content=\"2025-09-22T09:17:00+00:00\" \/>\n<meta property=\"og:image\" content=\"https:\/\/madridsensations.com\/wp-content\/uploads\/2012\/10\/home_halfdaytour.jpg\" \/>\n\t<meta property=\"og:image:width\" content=\"300\" \/>\n\t<meta property=\"og:image:height\" content=\"200\" \/>\n\t<meta property=\"og:image:type\" content=\"image\/jpeg\" \/>\n<meta name=\"twitter:label1\" content=\"Tiempo de lectura\" \/>\n\t<meta name=\"twitter:data1\" content=\"5 minutos\" \/>\n<script type=\"application\/ld+json\" class=\"yoast-schema-graph\">{\"@context\":\"https:\/\/schema.org\",\"@graph\":[{\"@type\":\"WebPage\",\"@id\":\"https:\/\/madridsensations.com\/es\/tour-privado-madrid\/madrid-turistico-medio-dia\/\",\"url\":\"https:\/\/madridsensations.com\/es\/tour-privado-madrid\/madrid-turistico-medio-dia\/\",\"name\":\"Tour Privado de Madrid (3h) - Madrid Sensations\",\"isPartOf\":{\"@id\":\"https:\/\/madridsensations.com\/#website\"},\"primaryImageOfPage\":{\"@id\":\"https:\/\/madridsensations.com\/es\/tour-privado-madrid\/madrid-turistico-medio-dia\/#primaryimage\"},\"image\":{\"@id\":\"https:\/\/madridsensations.com\/es\/tour-privado-madrid\/madrid-turistico-medio-dia\/#primaryimage\"},\"thumbnailUrl\":\"https:\/\/madridsensations.com\/wp-content\/uploads\/2012\/10\/home_halfdaytour.jpg\",\"datePublished\":\"2012-10-15T11:06:28+00:00\",\"dateModified\":\"2025-09-22T09:17:00+00:00\",\"description\":\"Con este tour privado de Madrid descubrir\u00e1 los lugares m\u00e1s emblem\u00e1ticos y los rincones m\u00e1s ocultos. Con gu\u00edas oficiales locales.\",\"breadcrumb\":{\"@id\":\"https:\/\/madridsensations.com\/es\/tour-privado-madrid\/madrid-turistico-medio-dia\/#breadcrumb\"},\"inLanguage\":\"es\",\"potentialAction\":[{\"@type\":\"ReadAction\",\"target\":[\"https:\/\/madridsensations.com\/es\/tour-privado-madrid\/madrid-turistico-medio-dia\/\"]}]},{\"@type\":\"ImageObject\",\"inLanguage\":\"es\",\"@id\":\"https:\/\/madridsensations.com\/es\/tour-privado-madrid\/madrid-turistico-medio-dia\/#primaryimage\",\"url\":\"https:\/\/madridsensations.com\/wp-content\/uploads\/2012\/10\/home_halfdaytour.jpg\",\"contentUrl\":\"https:\/\/madridsensations.com\/wp-content\/uploads\/2012\/10\/home_halfdaytour.jpg\",\"width\":300,\"height\":200,\"caption\":\"Madrid Half-day Tour\"},{\"@type\":\"BreadcrumbList\",\"@id\":\"https:\/\/madridsensations.com\/es\/tour-privado-madrid\/madrid-turistico-medio-dia\/#breadcrumb\",\"itemListElement\":[{\"@type\":\"ListItem\",\"position\":1,\"name\":\"Home\",\"item\":\"https:\/\/www.madridsensations.com\/es\/\"},{\"@type\":\"ListItem\",\"position\":2,\"name\":\"Tours Privados en Madrid y Alrededores\",\"item\":\"https:\/\/www.madridsensations.com\/es\/tour-privado-madrid\/\"},{\"@type\":\"ListItem\",\"position\":3,\"name\":\"Tour Privado de Madrid de Medio D\u00eda\"}]},{\"@type\":\"WebSite\",\"@id\":\"https:\/\/madridsensations.com\/#website\",\"url\":\"https:\/\/madridsensations.com\/\",\"name\":\"Madrid Sensations Tours\",\"description\":\"Explore and Discover Madrid with a private tour!\",\"publisher\":{\"@id\":\"https:\/\/madridsensations.com\/#organization\"},\"potentialAction\":[{\"@type\":\"SearchAction\",\"target\":{\"@type\":\"EntryPoint\",\"urlTemplate\":\"https:\/\/madridsensations.com\/?s={search_term_string}\"},\"query-input\":{\"@type\":\"PropertyValueSpecification\",\"valueRequired\":true,\"valueName\":\"search_term_string\"}}],\"inLanguage\":\"es\"},{\"@type\":\"Organization\",\"@id\":\"https:\/\/madridsensations.com\/#organization\",\"name\":\"Madrid Sensations Tours\",\"url\":\"https:\/\/madridsensations.com\/\",\"logo\":{\"@type\":\"ImageObject\",\"inLanguage\":\"es\",\"@id\":\"https:\/\/madridsensations.com\/#\/schema\/logo\/image\/\",\"url\":\"https:\/\/www.madridsensations.com\/wp-content\/uploads\/2020\/04\/Logo-Madrid-Sensations.png\",\"contentUrl\":\"https:\/\/www.madridsensations.com\/wp-content\/uploads\/2020\/04\/Logo-Madrid-Sensations.png\",\"width\":3377,\"height\":3377,\"caption\":\"Madrid Sensations Tours\"},\"image\":{\"@id\":\"https:\/\/madridsensations.com\/#\/schema\/logo\/image\/\"},\"sameAs\":[\"https:\/\/www.facebook.com\/madridsensations\/\",\"https:\/\/x.com\/MadridSnsations\",\"https:\/\/www.instagram.com\/madridsensations\/\",\"https:\/\/www.linkedin.com\/company\/2560011\/\",\"https:\/\/www.pinterest.es\/madridsensation\",\"https:\/\/www.youtube.com\/c\/Madridsensations\"]}]}<\/script>\n<!-- \/ Yoast SEO Premium plugin. -->","yoast_head_json":{"title":"Tour Privado de Madrid (3h) - Madrid Sensations","description":"Con este tour privado de Madrid descubrir\u00e1 los lugares m\u00e1s emblem\u00e1ticos y los rincones m\u00e1s ocultos. Con gu\u00edas oficiales locales.","robots":{"index":"index","follow":"follow","max-snippet":"max-snippet:-1","max-image-preview":"max-image-preview:large","max-video-preview":"max-video-preview:-1"},"canonical":"https:\/\/madridsensations.com\/es\/tour-privado-madrid\/madrid-turistico-medio-dia\/","og_locale":"es_ES","og_type":"article","og_title":"Tour Privado de Madrid de Medio D\u00eda","og_description":"Con este tour privado de Madrid descubrir\u00e1 los lugares m\u00e1s emblem\u00e1ticos y los rincones m\u00e1s ocultos. Con gu\u00edas oficiales locales.","og_url":"https:\/\/madridsensations.com\/es\/tour-privado-madrid\/madrid-turistico-medio-dia\/","og_site_name":"Madrid Sensations Tours","article_publisher":"https:\/\/www.facebook.com\/madridsensations\/","article_modified_time":"2025-09-22T09:17:00+00:00","og_image":[{"width":300,"height":200,"url":"https:\/\/madridsensations.com\/wp-content\/uploads\/2012\/10\/home_halfdaytour.jpg","type":"image\/jpeg"}],"twitter_misc":{"Tiempo de lectura":"5 minutos"},"schema":{"@context":"https:\/\/schema.org","@graph":[{"@type":"WebPage","@id":"https:\/\/madridsensations.com\/es\/tour-privado-madrid\/madrid-turistico-medio-dia\/","url":"https:\/\/madridsensations.com\/es\/tour-privado-madrid\/madrid-turistico-medio-dia\/","name":"Tour Privado de Madrid (3h) - Madrid Sensations","isPartOf":{"@id":"https:\/\/madridsensations.com\/#website"},"primaryImageOfPage":{"@id":"https:\/\/madridsensations.com\/es\/tour-privado-madrid\/madrid-turistico-medio-dia\/#primaryimage"},"image":{"@id":"https:\/\/madridsensations.com\/es\/tour-privado-madrid\/madrid-turistico-medio-dia\/#primaryimage"},"thumbnailUrl":"https:\/\/madridsensations.com\/wp-content\/uploads\/2012\/10\/home_halfdaytour.jpg","datePublished":"2012-10-15T11:06:28+00:00","dateModified":"2025-09-22T09:17:00+00:00","description":"Con este tour privado de Madrid descubrir\u00e1 los lugares m\u00e1s emblem\u00e1ticos y los rincones m\u00e1s ocultos. Con gu\u00edas oficiales locales.","breadcrumb":{"@id":"https:\/\/madridsensations.com\/es\/tour-privado-madrid\/madrid-turistico-medio-dia\/#breadcrumb"},"inLanguage":"es","potentialAction":[{"@type":"ReadAction","target":["https:\/\/madridsensations.com\/es\/tour-privado-madrid\/madrid-turistico-medio-dia\/"]}]},{"@type":"ImageObject","inLanguage":"es","@id":"https:\/\/madridsensations.com\/es\/tour-privado-madrid\/madrid-turistico-medio-dia\/#primaryimage","url":"https:\/\/madridsensations.com\/wp-content\/uploads\/2012\/10\/home_halfdaytour.jpg","contentUrl":"https:\/\/madridsensations.com\/wp-content\/uploads\/2012\/10\/home_halfdaytour.jpg","width":300,"height":200,"caption":"Madrid Half-day Tour"},{"@type":"BreadcrumbList","@id":"https:\/\/madridsensations.com\/es\/tour-privado-madrid\/madrid-turistico-medio-dia\/#breadcrumb","itemListElement":[{"@type":"ListItem","position":1,"name":"Home","item":"https:\/\/www.madridsensations.com\/es\/"},{"@type":"ListItem","position":2,"name":"Tours Privados en Madrid y Alrededores","item":"https:\/\/www.madridsensations.com\/es\/tour-privado-madrid\/"},{"@type":"ListItem","position":3,"name":"Tour Privado de Madrid de Medio D\u00eda"}]},{"@type":"WebSite","@id":"https:\/\/madridsensations.com\/#website","url":"https:\/\/madridsensations.com\/","name":"Madrid Sensations Tours","description":"Explore and Discover Madrid with a private tour!","publisher":{"@id":"https:\/\/madridsensations.com\/#organization"},"potentialAction":[{"@type":"SearchAction","target":{"@type":"EntryPoint","urlTemplate":"https:\/\/madridsensations.com\/?s={search_term_string}"},"query-input":{"@type":"PropertyValueSpecification","valueRequired":true,"valueName":"search_term_string"}}],"inLanguage":"es"},{"@type":"Organization","@id":"https:\/\/madridsensations.com\/#organization","name":"Madrid Sensations Tours","url":"https:\/\/madridsensations.com\/","logo":{"@type":"ImageObject","inLanguage":"es","@id":"https:\/\/madridsensations.com\/#\/schema\/logo\/image\/","url":"https:\/\/www.madridsensations.com\/wp-content\/uploads\/2020\/04\/Logo-Madrid-Sensations.png","contentUrl":"https:\/\/www.madridsensations.com\/wp-content\/uploads\/2020\/04\/Logo-Madrid-Sensations.png","width":3377,"height":3377,"caption":"Madrid Sensations Tours"},"image":{"@id":"https:\/\/madridsensations.com\/#\/schema\/logo\/image\/"},"sameAs":["https:\/\/www.facebook.com\/madridsensations\/","https:\/\/x.com\/MadridSnsations","https:\/\/www.instagram.com\/madridsensations\/","https:\/\/www.linkedin.com\/company\/2560011\/","https:\/\/www.pinterest.es\/madridsensation","https:\/\/www.youtube.com\/c\/Madridsensations"]}]}},"_links":{"self":[{"href":"https:\/\/madridsensations.com\/es\/wp-json\/wp\/v2\/pages\/1010","targetHints":{"allow":["GET"]}}],"collection":[{"href":"https:\/\/madridsensations.com\/es\/wp-json\/wp\/v2\/pages"}],"about":[{"href":"https:\/\/madridsensations.com\/es\/wp-json\/wp\/v2\/types\/page"}],"author":[{"embeddable":true,"href":"https:\/\/madridsensations.com\/es\/wp-json\/wp\/v2\/users\/5"}],"replies":[{"embeddable":true,"href":"https:\/\/madridsensations.com\/es\/wp-json\/wp\/v2\/comments?post=1010"}],"version-history":[{"count":3,"href":"https:\/\/madridsensations.com\/es\/wp-json\/wp\/v2\/pages\/1010\/revisions"}],"predecessor-version":[{"id":14006,"href":"https:\/\/madridsensations.com\/es\/wp-json\/wp\/v2\/pages\/1010\/revisions\/14006"}],"up":[{"embeddable":true,"href":"https:\/\/madridsensations.com\/es\/wp-json\/wp\/v2\/pages\/1025"}],"wp:featuredmedia":[{"embeddable":true,"href":"https:\/\/madridsensations.com\/es\/wp-json\/wp\/v2\/media\/3213"}],"wp:attachment":[{"href":"https:\/\/madridsensations.com\/es\/wp-json\/wp\/v2\/media?parent=1010"}],"curies":[{"name":"wp","href":"https:\/\/api.w.org\/{rel}","templated":true}]}}